{"id":70657,"date":"2018-09-13T06:51:49","date_gmt":"2018-09-13T06:51:49","guid":{"rendered":"https:\/\/budoshop.si\/?product=usnjene-mma-rokavice-zebra-fight-novo"},"modified":"2026-01-15T08:57:57","modified_gmt":"2026-01-15T07:57:57","slug":"usnjene-mma-rokavice-zebra-fight-novo","status":"publish","type":"product","link":"https:\/\/www.budoshop.si\/sl\/izdelek\/usnjene-mma-rokavice-zebra-fight-novo\/","title":{"rendered":"Usnjene MMA rokavice &#8221;Zebra FIGHT&#8221;"},"content":{"rendered":"<p style=\"text-align: justify;\"><span style=\"font-size: 15px; color: #993300;\">Te profesionalne usnjene MMA rokavice s prostimi prsti znamke Zebra so namenjene mednarodnim Free Fight, MMA in Vale Tudo tekmovanjem poklicnih borcev saj kvaliteta izdelave in materialov omogo\u010da kvalitetno in trajno grabljenje ter udarjanje.<br \/>\nRokavice so izdelane iz najbolj\u0161ega govejega usnja. Vnaprej ukrivljen del iz ulite pene v ?Easy Fist System&#8217; zahteva minimalen napor za \u010drvst udarec. Prosti prsti in palec omogo\u010dajo pro\u017enost in fleksibilnost prstov za vse vrste prijemov.\u00a0 <span class=\"HwtZe\" lang=\"sl\"><span class=\"jCAhz ChMk0b\"><span class=\"ryNqvb\">Dodatno oblazinjenje za \u010dlenki in prstnimi blazinicami \u0161\u010diti pri blokiranju udarcev z nogami in pestmi.<\/span><\/span><\/span><\/span><br \/>\n<span style=\"color: #993300; font-size: 15px;\">Pritrjevenje z dvojnim trakom, ki se okrog zapestja zapenja z je\u017ekom, zagotavlja najbolj\u0161i oprijem rokavic na roki a vseeno hitro in enostavno natikanje in snemanje rokavic.<br \/>\nAtraktivna barvna kombinacija \u0161e dopolnjuje te rokavice. <\/span><\/p>\n<p><span style=\"font-size: 15px; color: #993300;\">Barve: \u010drna<\/span><\/p>\n<p><span style=\"font-size: 15px; color: #993300;\">Velikosti: S &#8211; M &#8211; L &#8211; XL.<\/span><\/p>\n","protected":false},"excerpt":{"rendered":"<p><strong><span style=\"color: #002060;\"><span style=\"color: #003366;\">Profesionalne usnjene MMA rokavice znamke Zebra.<\/span><br \/>\n<\/span><\/strong><\/p>\n","protected":false},"featured_media":70659,"comment_status":"open","ping_status":"closed","template":"","meta":[],"product_brand":[5599],"product_cat":[1043,819,1105,1103],"product_tag":[],"class_list":{"0":"post-70657","1":"product","2":"type-product","3":"status-publish","4":"has-post-thumbnail","6":"product_brand-zebra","7":"product_cat-boks-kickbox-tajski-boks-mma","8":"product_cat-grappling-in-mma-rokavice","9":"product_cat-zebra-3","10":"product_cat-zebra-1","11":"pa_velikost-s-sl","12":"pa_velikost-m-sl-2","13":"pa_velikost-l-sl-2","14":"pa_velikost-xl-sl","16":"first","17":"instock","18":"taxable","19":"shipping-taxable","20":"purchasable","21":"product-type-variable"},"_links":{"self":[{"href":"https:\/\/www.budoshop.si\/sl\/wp-json\/wp\/v2\/product\/70657","targetHints":{"allow":["GET"]}}],"collection":[{"href":"https:\/\/www.budoshop.si\/sl\/wp-json\/wp\/v2\/product"}],"about":[{"href":"https:\/\/www.budoshop.si\/sl\/wp-json\/wp\/v2\/types\/product"}],"replies":[{"embeddable":true,"href":"https:\/\/www.budoshop.si\/sl\/wp-json\/wp\/v2\/comments?post=70657"}],"wp:featuredmedia":[{"embeddable":true,"href":"https:\/\/www.budoshop.si\/sl\/wp-json\/wp\/v2\/media\/70659"}],"wp:attachment":[{"href":"https:\/\/www.budoshop.si\/sl\/wp-json\/wp\/v2\/media?parent=70657"}],"wp:term":[{"taxonomy":"product_brand","embeddable":true,"href":"https:\/\/www.budoshop.si\/sl\/wp-json\/wp\/v2\/product_brand?post=70657"},{"taxonomy":"product_cat","embeddable":true,"href":"https:\/\/www.budoshop.si\/sl\/wp-json\/wp\/v2\/product_cat?post=70657"},{"taxonomy":"product_tag","embeddable":true,"href":"https:\/\/www.budoshop.si\/sl\/wp-json\/wp\/v2\/product_tag?post=70657"}],"curies":[{"name":"wp","href":"https:\/\/api.w.org\/{rel}","templated":true}]}}