{"id":70599,"date":"2018-09-13T06:51:49","date_gmt":"2018-09-13T04:51:49","guid":{"rendered":"https:\/\/budoshop.si\/?product=indijski-patriarhi-varuhi-budove-postave"},"modified":"2024-02-13T12:33:09","modified_gmt":"2024-02-13T11:33:09","slug":"indijski-patriarhi-varuhi-budove-postave","status":"publish","type":"product","link":"https:\/\/www.budoshop.si\/sl\/izdelek\/indijski-patriarhi-varuhi-budove-postave\/","title":{"rendered":"Indijski patriarhi &#8211; Varuhi Budove postave"},"content":{"rendered":"<div style=\"text-align: justify;\">\n<p><span style=\"font-size: 15px; color: #993300;\">Indijski patriarhi, varuhi Budove postave, je druga knjiga iz zbirke Kratka zgodovina zena (prva je Boben nesmrtnosti). <\/span><\/p>\n<p><span style=\"font-size: 15px; color: #993300;\">Preko zgodb osemindvajsetih patriarhov, dedi\u010dev budovega nauka, ki so bili bodisi neposredni u\u010denci samega zgodovinskega Bude Gautame, oziroma so nasledili u\u010denje, sku\u0161a avtor osvetliti razvoj budisti\u010dne misli in filozofije, ki je vplivala na nastanek kitajskega \u010dana (japonskega zena). Indijski patriarhi so zaslu\u017eni za \u0161irjenje Budovega nauka po ozemlju Indije pa vse do Kitajske in Japonske.<\/span><\/p>\n<p><span style=\"font-size: 15px; color: #993300;\">Iz vsebine: uvod, buda budi bude, patriarhi zena, budisti\u010dna filozofija in logika, indoevropski simpozij o resni\u010dnosti zunanjega sveta.<\/span><\/p>\n<p><span style=\"font-size: 15px; color: #993300;\">288 strani<\/span><\/p>\n<\/div>\n","protected":false},"excerpt":{"rendered":"<p><span style=\"color: #002060;\"><strong>Avtor: Peter AMALIETTI<\/strong><\/span><\/p>\n","protected":false},"featured_media":70601,"comment_status":"open","ping_status":"closed","template":"","meta":[],"product_brand":[],"product_cat":[1035,1043,1033,1031,1029,777,1037,1039,1041],"product_tag":[],"class_list":{"0":"post-70599","1":"product","2":"type-product","3":"status-publish","4":"has-post-thumbnail","6":"product_cat-aikido-kendo-iai-kobudo-1","7":"product_cat-boks-kickbox-tajski-boks-mma","8":"product_cat-ju-jitsujiu-jitsu-1","9":"product_cat-judo-1","10":"product_cat-karate-5","11":"product_cat-knjige-v-slovenscini","12":"product_cat-ninjutsu-3","13":"product_cat-taekwondo-3","14":"product_cat-tai-chi-kunf-fu-wu-shu-1","16":"first","17":"instock","18":"taxable","19":"shipping-taxable","20":"purchasable","21":"product-type-simple"},"_links":{"self":[{"href":"https:\/\/www.budoshop.si\/sl\/wp-json\/wp\/v2\/product\/70599","targetHints":{"allow":["GET"]}}],"collection":[{"href":"https:\/\/www.budoshop.si\/sl\/wp-json\/wp\/v2\/product"}],"about":[{"href":"https:\/\/www.budoshop.si\/sl\/wp-json\/wp\/v2\/types\/product"}],"replies":[{"embeddable":true,"href":"https:\/\/www.budoshop.si\/sl\/wp-json\/wp\/v2\/comments?post=70599"}],"wp:featuredmedia":[{"embeddable":true,"href":"https:\/\/www.budoshop.si\/sl\/wp-json\/wp\/v2\/media\/70601"}],"wp:attachment":[{"href":"https:\/\/www.budoshop.si\/sl\/wp-json\/wp\/v2\/media?parent=70599"}],"wp:term":[{"taxonomy":"product_brand","embeddable":true,"href":"https:\/\/www.budoshop.si\/sl\/wp-json\/wp\/v2\/product_brand?post=70599"},{"taxonomy":"product_cat","embeddable":true,"href":"https:\/\/www.budoshop.si\/sl\/wp-json\/wp\/v2\/product_cat?post=70599"},{"taxonomy":"product_tag","embeddable":true,"href":"https:\/\/www.budoshop.si\/sl\/wp-json\/wp\/v2\/product_tag?post=70599"}],"curies":[{"name":"wp","href":"https:\/\/api.w.org\/{rel}","templated":true}]}}