{"id":70521,"date":"2018-09-13T06:51:49","date_gmt":"2018-09-13T06:51:49","guid":{"rendered":"https:\/\/budoshop.si\/?product=ekstra-dolga-katana-shimizu-o-katana"},"modified":"2024-12-18T11:42:20","modified_gmt":"2024-12-18T10:42:20","slug":"ekstra-dolga-katana-shimizu-o-katana","status":"publish","type":"product","link":"https:\/\/www.budoshop.si\/sl\/izdelek\/ekstra-dolga-katana-shimizu-o-katana\/","title":{"rendered":"Dalj\u0161a Katana &#8221;SHIMIZU O-KATANA&#8221;"},"content":{"rendered":"<div style=\"text-align: justify;\">\n<p><span style=\"color: #993300; font-size: 15px;\">Ta dolga Shimizu O-Katana je izdelana RO\u010cNO po TRADICIONALNI metodi, za izdelavo pa so uporabljeni samo najkvalitetnej\u0161i materiali. Rezilo je narejeno iz Maru Kitao 1060 High Carbon jekla ter RO\u010dNO KOVANO in POLIRANO. Vsi sestavni deli (Tsuba, Fuchi, Kashira, Habaki) so kovinski in ro\u010dno izdelani, za razliko od poceni me\u010dev, kjer so ti deli narejeni iz aluminijaste litine. Me\u010d se za la\u017eje vzdr\u017eevanje lahko popolnoma razstavi. <\/span><\/p>\n<p><span style=\"color: #993300; font-size: 15px;\">Ta me\u010d ni serijske produkcije pri kateri se uporabljajo materiali slab\u0161e kvalitete! <\/span><\/p>\n<\/div>\n<div style=\"text-align: justify;\">\n<p><span style=\"color: #993300; font-size: 15px;\"><br \/>\nNenabru\u0161en ali bru\u0161en (zahteva nekaj dni za dobavo).<\/span><\/p>\n<p><span style=\"color: #993300; font-size: 15px;\">Detajli: <\/span><\/p>\n<\/div>\n<p><span style=\"color: #993300; font-size: 15px;\">Kovina: 1060 High Carbon Steel<br \/>\nNAGASA (dol\u017eina rezila): 89,5 cm (91,5 cm s Habaki-jem)<br \/>\nHAMON (motiv ostrine): DA, Notare stil<br \/>\nSORI (ukrivljenost): 2,50 cm<br \/>\nTSUKA (ro\u010daj): 35 cm<br \/>\nTSUKA ITO (navitje ro\u010daja): bamba\u017eni \u010drna barve<br \/>\nSAME (podloga ro\u010daja): pravo ribje usnje<br \/>\nTSUBA (\u0161\u010ditnik): Naga Marugata (ro\u010dno izdelana)<br \/>\nBOHI (\u017eleb v rezilo): DA<br \/>\nSAYA (no\u017enica): 97 cm \u010drno lakiran Kuroro les<br \/>\nSAGEO (vrvica): \/<br \/>\nMEKUGI (zati\u010d): bambusov 2X<br \/>\nTe\u017ea: cca 1.820 g (skupaj s Sayo), 1.450 (brez Saye) <\/span><\/p>\n<p>&nbsp;<\/p>\n<div style=\"text-align: justify;\"><span style=\"font-size: 15px; color: #993300;\">Darila: prenosna torba!<strong><br \/>\n<\/strong><\/span><br \/>\n<span style=\"color: #993300; font-size: 15px;\">TA ARTIKEL PRODAJAMO SAMO POLNOLETNIM OSEBAM!!!<\/span><\/div>\n<div style=\"text-align: justify;\"><\/div>\n<div style=\"text-align: justify;\"><span style=\"color: #993300; font-size: 15px;\">\u00a0<\/span><\/div>\n<div style=\"text-align: justify;\"><span style=\"color: #993300; font-size: 11px;\">Opozorilo!<br \/>\n\u25ba Artikel je namenjen samo dekorativni uporabi oziroma osebnemu treningu borilnih ve\u0161\u010din.<br \/>\n\u25ba Po prodaji, prodajalec ni ve\u010d odgovoren za nikakr\u0161ne po\u0161kodbe, ki se lahko zgodijo zaradi napa\u010dne uporabe ali zanemarjanja teh opozoril. Novi lastnik prevzema popolno odgovornost za skrb in uporabo tega artikla.<br \/>\n\u25ba Vsakr\u0161na napa\u010dna uporaba ali nepazljivost lahko vam ali drugemu povzro\u010di resne po\u0161kodbe ali celo smrt!<br \/>\n\u25ba Ta artikel se v nobenem primeru ne sme uporabljati na drugi osebi!<\/span><\/div>\n","protected":false},"excerpt":{"rendered":"<p><span style=\"color: #002060;\"><strong>Dolgi Katana me\u010d (Shinden Fudo ryu Katana).<\/strong><\/span><\/p>\n","protected":false},"featured_media":70523,"comment_status":"open","ping_status":"closed","template":"","meta":[],"product_brand":[5600],"product_cat":[5384,5383,1035,1037,931,977,1055],"product_tag":[],"class_list":{"0":"post-70521","1":"product","2":"type-product","3":"status-publish","4":"has-post-thumbnail","6":"product_brand-yari-no-hanzo","7":"product_cat-shinken-trening-katana-meci","8":"product_cat-iaito-trening-katana-meci","9":"product_cat-aikido-kendo-iai-kobudo-1","10":"product_cat-ninjutsu-3","11":"product_cat-posebni-meci","12":"product_cat-yari-no-hanzo-1","13":"product_cat-yari-no-hanzo-3","14":"pa_model-nabrusen-sl","15":"pa_model-nenabrusen-sl","17":"first","18":"instock","19":"taxable","20":"shipping-taxable","21":"purchasable","22":"product-type-variable"},"_links":{"self":[{"href":"https:\/\/www.budoshop.si\/sl\/wp-json\/wp\/v2\/product\/70521","targetHints":{"allow":["GET"]}}],"collection":[{"href":"https:\/\/www.budoshop.si\/sl\/wp-json\/wp\/v2\/product"}],"about":[{"href":"https:\/\/www.budoshop.si\/sl\/wp-json\/wp\/v2\/types\/product"}],"replies":[{"embeddable":true,"href":"https:\/\/www.budoshop.si\/sl\/wp-json\/wp\/v2\/comments?post=70521"}],"wp:featuredmedia":[{"embeddable":true,"href":"https:\/\/www.budoshop.si\/sl\/wp-json\/wp\/v2\/media\/70523"}],"wp:attachment":[{"href":"https:\/\/www.budoshop.si\/sl\/wp-json\/wp\/v2\/media?parent=70521"}],"wp:term":[{"taxonomy":"product_brand","embeddable":true,"href":"https:\/\/www.budoshop.si\/sl\/wp-json\/wp\/v2\/product_brand?post=70521"},{"taxonomy":"product_cat","embeddable":true,"href":"https:\/\/www.budoshop.si\/sl\/wp-json\/wp\/v2\/product_cat?post=70521"},{"taxonomy":"product_tag","embeddable":true,"href":"https:\/\/www.budoshop.si\/sl\/wp-json\/wp\/v2\/product_tag?post=70521"}],"curies":[{"name":"wp","href":"https:\/\/api.w.org\/{rel}","templated":true}]}}