{"id":70471,"date":"2018-09-13T06:51:49","date_gmt":"2018-09-13T04:51:49","guid":{"rendered":"https:\/\/budoshop.si\/?product=karate-pas-obi-vijola"},"modified":"2024-06-14T10:04:51","modified_gmt":"2024-06-14T08:04:51","slug":"karate-pas-obi-vijola","status":"publish","type":"product","link":"https:\/\/www.budoshop.si\/sl\/izdelek\/karate-pas-obi-vijola\/","title":{"rendered":"Karate pas &#8221;Obi VIJOLA&#8221;"},"content":{"rendered":"<div style=\"text-align: justify;\">\n<p><span style=\"color: #c00000; font-size: 15px;\">Kyu stopenjski vijoli\u010dni pas za borilne ve\u0161\u010dine, \u0161irine 4 cm in narejen iz 100% bomba\u017ea. Pasovi so osemkrat pre\u0161iti, kar daje pasu trdnost in obstojnost, barva pa je visoko kvalitetna in se s pranjem ne obrabi. <\/span><\/p>\n<p><span style=\"color: #c00000; font-size: 15px;\">Dol\u017eine: 220 &#8211; 240 \u2013 260 &#8211; 280 &#8211; 300 &#8211; 320 &#8211; 350 cm.<\/span><\/p>\n<\/div>\n","protected":false},"excerpt":{"rendered":"<p><span style=\"color: #002060;\"><strong>Vijoli\u010dni bomba\u017eni pas za borilne ve\u0161\u010dine.<\/strong><\/span><\/p>\n","protected":false},"featured_media":70473,"comment_status":"open","ping_status":"closed","template":"","meta":[],"product_brand":[],"product_cat":[1029,859,985,1063],"product_tag":[],"class_list":{"0":"post-70471","1":"product","2":"type-product","3":"status-publish","4":"has-post-thumbnail","6":"product_cat-karate-5","7":"product_cat-barvni-pasovi","8":"product_cat-danrho-1","9":"product_cat-danhro-1","10":"pa_dolzina-220-cm-sl","11":"pa_dolzina-240-cm-sl","12":"pa_dolzina-260-cm-sl","13":"pa_dolzina-280-cm-sl","14":"pa_dolzina-300-cm-sl","15":"pa_dolzina-320-cm-sl","16":"pa_dolzina-350-cm-sl","18":"first","19":"instock","20":"taxable","21":"shipping-taxable","22":"purchasable","23":"product-type-variable"},"_links":{"self":[{"href":"https:\/\/www.budoshop.si\/sl\/wp-json\/wp\/v2\/product\/70471","targetHints":{"allow":["GET"]}}],"collection":[{"href":"https:\/\/www.budoshop.si\/sl\/wp-json\/wp\/v2\/product"}],"about":[{"href":"https:\/\/www.budoshop.si\/sl\/wp-json\/wp\/v2\/types\/product"}],"replies":[{"embeddable":true,"href":"https:\/\/www.budoshop.si\/sl\/wp-json\/wp\/v2\/comments?post=70471"}],"wp:featuredmedia":[{"embeddable":true,"href":"https:\/\/www.budoshop.si\/sl\/wp-json\/wp\/v2\/media\/70473"}],"wp:attachment":[{"href":"https:\/\/www.budoshop.si\/sl\/wp-json\/wp\/v2\/media?parent=70471"}],"wp:term":[{"taxonomy":"product_brand","embeddable":true,"href":"https:\/\/www.budoshop.si\/sl\/wp-json\/wp\/v2\/product_brand?post=70471"},{"taxonomy":"product_cat","embeddable":true,"href":"https:\/\/www.budoshop.si\/sl\/wp-json\/wp\/v2\/product_cat?post=70471"},{"taxonomy":"product_tag","embeddable":true,"href":"https:\/\/www.budoshop.si\/sl\/wp-json\/wp\/v2\/product_tag?post=70471"}],"curies":[{"name":"wp","href":"https:\/\/api.w.org\/{rel}","templated":true}]}}