{"id":70381,"date":"2018-09-13T06:51:49","date_gmt":"2018-09-13T06:51:49","guid":{"rendered":"https:\/\/budoshop.si\/?product=scitnik-za-zobe-gel-fit"},"modified":"2024-11-15T10:00:31","modified_gmt":"2024-11-15T09:00:31","slug":"scitnik-za-zobe-gel-fit","status":"publish","type":"product","link":"https:\/\/www.budoshop.si\/sl\/izdelek\/scitnik-za-zobe-gel-fit\/","title":{"rendered":"\u0160\u010ditnik za zobe &#8221;GEL FIT&#8221;"},"content":{"rendered":"<div style=\"text-align: justify;\"><span style=\"color: #993300; font-size: 15px;\">\u0160\u010ditnik za zobe GEL FIT je narejen iz gumijastega antialergi\u010dnega gela visoke kvalitete. Oblikovan je tako, da \u0161\u010diti prednji in stranski del zobovja in hkrati omogo\u010da maksimalno svobodo dihanja.<br \/>\nTa \u0161\u010ditnik za zobe in dlesni je primeren tudi za ekstremne \u0161porte kot so K1, Thaibox, Kickbox, boks&#8230; saj gel, ki se ga vsakemu posamezniku prilagodi s segretjem v vro\u010di vodi, garantira perfektno &#8216;oblogo&#8217; zob. <\/span><\/div>\n<div style=\"text-align: justify;\">\n<p><span style=\"color: #993300; font-size: 15px;\">Prilo\u017eena \u0161katlica z zapriranjem na zati\u010d zagotavlja higiensko shranjevanje <\/span><\/p>\n<p><span style=\"font-size: 15px; color: #993300;\">Barve: belo modra ali \u010drno rde\u010da.<\/span><\/p>\n<\/div>\n","protected":false},"excerpt":{"rendered":"<p><span style=\"color: #002060;\"><strong>\u0160\u010ditnik za zobe iz antialergi\u010dnega gela s \u0161katlico.<\/strong><\/span><\/p>\n","protected":false},"featured_media":70383,"comment_status":"open","ping_status":"closed","template":"","meta":[],"product_brand":[5608],"product_cat":[1043,1033,1029,1039,903,1087,1085],"product_tag":[],"class_list":{"0":"post-70381","1":"product","2":"type-product","3":"status-publish","4":"has-post-thumbnail","6":"product_brand-dax","7":"product_cat-boks-kickbox-tajski-boks-mma","8":"product_cat-ju-jitsujiu-jitsu-1","9":"product_cat-karate-5","10":"product_cat-taekwondo-3","11":"product_cat-scitniki-za-zobe","12":"product_cat-dax-3","13":"product_cat-dax-1","14":"pa_barva-crnooranzna-sl","15":"pa_barva-modrobela-sl","17":"first","18":"instock","19":"taxable","20":"shipping-taxable","21":"purchasable","22":"product-type-variable"},"_links":{"self":[{"href":"https:\/\/www.budoshop.si\/sl\/wp-json\/wp\/v2\/product\/70381","targetHints":{"allow":["GET"]}}],"collection":[{"href":"https:\/\/www.budoshop.si\/sl\/wp-json\/wp\/v2\/product"}],"about":[{"href":"https:\/\/www.budoshop.si\/sl\/wp-json\/wp\/v2\/types\/product"}],"replies":[{"embeddable":true,"href":"https:\/\/www.budoshop.si\/sl\/wp-json\/wp\/v2\/comments?post=70381"}],"wp:featuredmedia":[{"embeddable":true,"href":"https:\/\/www.budoshop.si\/sl\/wp-json\/wp\/v2\/media\/70383"}],"wp:attachment":[{"href":"https:\/\/www.budoshop.si\/sl\/wp-json\/wp\/v2\/media?parent=70381"}],"wp:term":[{"taxonomy":"product_brand","embeddable":true,"href":"https:\/\/www.budoshop.si\/sl\/wp-json\/wp\/v2\/product_brand?post=70381"},{"taxonomy":"product_cat","embeddable":true,"href":"https:\/\/www.budoshop.si\/sl\/wp-json\/wp\/v2\/product_cat?post=70381"},{"taxonomy":"product_tag","embeddable":true,"href":"https:\/\/www.budoshop.si\/sl\/wp-json\/wp\/v2\/product_tag?post=70381"}],"curies":[{"name":"wp","href":"https:\/\/api.w.org\/{rel}","templated":true}]}}