{"id":70363,"date":"2018-09-13T06:51:49","date_gmt":"2018-09-13T06:51:49","guid":{"rendered":"https:\/\/budoshop.si\/?product=zenski-karate-scitnik-prsi-adidas-top-ce"},"modified":"2026-01-10T11:36:08","modified_gmt":"2026-01-10T10:36:08","slug":"zenski-karate-scitnik-prsi-adidas-top-ce","status":"publish","type":"product","link":"https:\/\/www.budoshop.si\/sl\/izdelek\/zenski-karate-scitnik-prsi-adidas-top-ce\/","title":{"rendered":"\u017denski Karate \u0161\u010ditnik prsi &#8221;Adidas TOP&#8221;"},"content":{"rendered":"<div style=\"text-align: justify;\">\n<p><span style=\"font-size: 15px; color: #993300;\">Ta \u017eenski Karate \u0161\u010ditnik prsi je sestavljen iz oblikovanega trdega izvle\u010dnega plasti\u010dnega elementa (polietilen) in bele elasti\u010dne kratke majice (89% taktel, 6% likra, 5% najlon) brez rokavov. Oblikovan prsni del maksimalno \u0161\u010diti udarce v prsi in je primeren tako za kontaktne borbe borilnih ve\u0161\u010din, kot tudi trening drugih \u0161portov kot so nogomet, sabljanje &#8230; kjer lahko pride do nenamernega udarca, elast\u010dna majica pa omogo\u010da maksimalno udobnost no\u0161enja.<br \/>\nZaradi materiala izdelave je \u0161\u010ditnik zelo higieni\u010den, saj se oblikovani del enostavno obri\u0161e z vla\u017eno krpo, majico pa opere v pralnem stroju.<br \/>\n\u0160\u010ditnik je narejen po pravilih vseh tekmovanj. <\/span><\/p>\n<p><span style=\"font-size: 15px; color: #993300;\">Ustreza CE standardom!<\/span><\/p>\n<p><span style=\"font-size: 15px; color: #993300;\"><strong>Ta artikel je odobren iz strani WKF<\/strong>-a (World Karate Federation).<br \/>\n<\/span><\/p>\n<\/div>\n<p><span style=\"color: #993300; font-size: 15px;\">Velikosti: XS &#8211; S &#8211; M &#8211; L.<\/span><\/p>\n<div style=\"text-align: justify;\"><span style=\"color: #c00000;\">\u00a0<\/span><\/div>\n","protected":false},"excerpt":{"rendered":"<p><span style=\"color: #003366;\"><strong>WKF verificiran oblikovan Adidas \u017eenski Karate \u0161\u010ditnik prsi z majico.<\/strong><\/span><\/p>\n","protected":false},"featured_media":70365,"comment_status":"open","ping_status":"closed","template":"","meta":[],"product_brand":[5594],"product_cat":[1029,775,1117,951,1049],"product_tag":[],"class_list":{"0":"post-70363","1":"product","2":"type-product","3":"status-publish","4":"has-post-thumbnail","6":"product_brand-adidas","7":"product_cat-karate-5","8":"product_cat-scitniki-prsi-in-trupa","9":"product_cat-scitniki-za-zenske","10":"product_cat-adidas-3","11":"product_cat-adidas-7","12":"pa_velikost-xs-sl","13":"pa_velikost-s-sl-2","14":"pa_velikost-m-sl-2","15":"pa_velikost-l-sl-2","17":"first","18":"instock","19":"taxable","20":"shipping-taxable","21":"purchasable","22":"product-type-variable"},"_links":{"self":[{"href":"https:\/\/www.budoshop.si\/sl\/wp-json\/wp\/v2\/product\/70363","targetHints":{"allow":["GET"]}}],"collection":[{"href":"https:\/\/www.budoshop.si\/sl\/wp-json\/wp\/v2\/product"}],"about":[{"href":"https:\/\/www.budoshop.si\/sl\/wp-json\/wp\/v2\/types\/product"}],"replies":[{"embeddable":true,"href":"https:\/\/www.budoshop.si\/sl\/wp-json\/wp\/v2\/comments?post=70363"}],"wp:featuredmedia":[{"embeddable":true,"href":"https:\/\/www.budoshop.si\/sl\/wp-json\/wp\/v2\/media\/70365"}],"wp:attachment":[{"href":"https:\/\/www.budoshop.si\/sl\/wp-json\/wp\/v2\/media?parent=70363"}],"wp:term":[{"taxonomy":"product_brand","embeddable":true,"href":"https:\/\/www.budoshop.si\/sl\/wp-json\/wp\/v2\/product_brand?post=70363"},{"taxonomy":"product_cat","embeddable":true,"href":"https:\/\/www.budoshop.si\/sl\/wp-json\/wp\/v2\/product_cat?post=70363"},{"taxonomy":"product_tag","embeddable":true,"href":"https:\/\/www.budoshop.si\/sl\/wp-json\/wp\/v2\/product_tag?post=70363"}],"curies":[{"name":"wp","href":"https:\/\/api.w.org\/{rel}","templated":true}]}}