{"id":70317,"date":"2018-09-13T06:51:49","date_gmt":"2018-09-13T06:51:49","guid":{"rendered":"https:\/\/budoshop.si\/?product=karate-gi-kimono-kamikaze-monarch"},"modified":"2026-01-22T11:33:34","modified_gmt":"2026-01-22T10:33:34","slug":"karate-gi-kimono-kamikaze-monarch","status":"publish","type":"product","link":"https:\/\/www.budoshop.si\/sl\/izdelek\/karate-gi-kimono-kamikaze-monarch\/","title":{"rendered":"Karate Gi (Kimono) &#8221;Kamikaze MONARCH&#8221;"},"content":{"rendered":"<p style=\"margin: 0cm 0cm 0.0001pt; vertical-align: top; text-align: justify;\"><span style=\"color: #993300; font-size: 15px;\">Ta model superior te\u017ekega Kamikaze Karate Monarch Kimona je namenjen Karate u\u010diteljem, in\u0161truktorjem in Kata Karate praktikantom najvi\u0161je ravni. <\/span><\/p>\n<p><span style=\"color: #993300; font-size: 15px;\">Karate Kimono Kamikaze Monarch je narejeno iz 100% bomba\u017ea ne\u017ene preje najvi\u0161je kakovosti, katero je tkano z mojstrsko spretnostjo. Kot tako to Karate Kimono nudi najve\u010d kar lahko pri\u010dakujete od Kamikaze Kimon.<\/span><\/p>\n<p style=\"margin: 0cm 0cm 0.0001pt; vertical-align: top; text-align: justify;\"><span style=\"color: #993300; font-size: 15px;\">V kompletu so hla\u010de z izbolj\u0161anim sistemom pritrjevanja in jakna.<\/span><\/p>\n<p style=\"margin: 0cm 0cm 0.0001pt; vertical-align: top; text-align: justify;\"><span style=\"color: #993300; font-size: 15px;\">Vi\u0161ina: od 165 &#8211; 200 cm (na 5 cm). <\/span><\/p>\n<p><span style=\"font-size: x-small; color: #993300;\"> Pozor! Kimono ni predprano in se pri prvem pranju lahko skr\u010di za cca. 3 %.<\/span><\/p>\n<p>&nbsp;<\/p>\n","protected":false},"excerpt":{"rendered":"<p><strong><span style=\"color: #002060;\">Superior te\u017eko Kamikaze Kata Karate Kimono Monarch.<br \/>\n<\/span><\/strong><\/p>\n","protected":false},"featured_media":70319,"comment_status":"open","ping_status":"closed","template":"","meta":[],"product_brand":[5612],"product_cat":[913,947,1045,1029],"product_tag":[],"class_list":{"0":"post-70317","1":"product","2":"type-product","3":"status-publish","4":"has-post-thumbnail","6":"product_brand-kamikaze","7":"product_cat-kamikaze-1","8":"product_cat-kamikaze-3","9":"product_cat-kamikaze-5","10":"product_cat-karate-5","11":"pa_velikost-165-cm-sl","12":"pa_velikost-170-cm-sl","13":"pa_velikost-175-cm-sl","14":"pa_velikost-180-cm-sl","15":"pa_velikost-185-cm-sl","16":"pa_velikost-190-cm-sl","17":"pa_velikost-195-cm-sl","18":"pa_velikost-200-cm-sl","20":"first","21":"instock","22":"taxable","23":"shipping-taxable","24":"purchasable","25":"product-type-variable"},"_links":{"self":[{"href":"https:\/\/www.budoshop.si\/sl\/wp-json\/wp\/v2\/product\/70317","targetHints":{"allow":["GET"]}}],"collection":[{"href":"https:\/\/www.budoshop.si\/sl\/wp-json\/wp\/v2\/product"}],"about":[{"href":"https:\/\/www.budoshop.si\/sl\/wp-json\/wp\/v2\/types\/product"}],"replies":[{"embeddable":true,"href":"https:\/\/www.budoshop.si\/sl\/wp-json\/wp\/v2\/comments?post=70317"}],"wp:featuredmedia":[{"embeddable":true,"href":"https:\/\/www.budoshop.si\/sl\/wp-json\/wp\/v2\/media\/70319"}],"wp:attachment":[{"href":"https:\/\/www.budoshop.si\/sl\/wp-json\/wp\/v2\/media?parent=70317"}],"wp:term":[{"taxonomy":"product_brand","embeddable":true,"href":"https:\/\/www.budoshop.si\/sl\/wp-json\/wp\/v2\/product_brand?post=70317"},{"taxonomy":"product_cat","embeddable":true,"href":"https:\/\/www.budoshop.si\/sl\/wp-json\/wp\/v2\/product_cat?post=70317"},{"taxonomy":"product_tag","embeddable":true,"href":"https:\/\/www.budoshop.si\/sl\/wp-json\/wp\/v2\/product_tag?post=70317"}],"curies":[{"name":"wp","href":"https:\/\/api.w.org\/{rel}","templated":true}]}}