{"id":70291,"date":"2018-09-13T06:51:49","date_gmt":"2018-09-13T04:51:49","guid":{"rendered":"https:\/\/budoshop.si\/?product=gumirani-vadbeni-noz-tanto-guma-extra"},"modified":"2023-10-01T17:31:06","modified_gmt":"2023-10-01T15:31:06","slug":"gumirani-vadbeni-noz-tanto-guma-extra","status":"publish","type":"product","link":"https:\/\/www.budoshop.si\/sl\/izdelek\/gumirani-vadbeni-noz-tanto-guma-extra\/","title":{"rendered":"Gumirani vadbeni no\u017e &#8221;Tanto GUMA EXTRA&#8221;"},"content":{"rendered":"<div style=\"text-align: justify;\"><span style=\"color: #c00000; font-size: 15px;\">Gumijast trening no\u017e moderne borbene oblike, z ozna\u010denim rezilom srebrne barve in ro\u010dajem s profilom za dober prijem \u010drne barve. Primeren za realisti\u010den trening obrambe od no\u017ea, varen trening borbe no\u017e na no\u017e in demonstracije. <\/span><\/div>\n<div style=\"text-align: justify;\"><span style=\"color: #c00000; font-size: 15px;\"><br \/>\nSkupna dol\u017eina: cca. 27 cm.<br \/>\n<\/span><\/div>\n<div style=\"text-align: justify;\"><span style=\"color: #c00000; font-size: 15px;\">Dol\u017eina rezila: cca. 14,5 cm.<br \/>\nDol\u017eina ro\u010daja: cca. 12,5 cm.<\/span><\/div>\n","protected":false},"excerpt":{"rendered":"<p><span style=\"color: #003366;\"><strong>Gumijast trening no\u017e moderne oblike.<\/strong><\/span><\/p>\n","protected":false},"featured_media":70293,"comment_status":"open","ping_status":"closed","template":"","meta":[],"product_brand":[],"product_cat":[1035,1033,1061,983,1037,813,759],"product_tag":[],"class_list":{"0":"post-70291","1":"product","2":"type-product","3":"status-publish","4":"has-post-thumbnail","6":"product_cat-aikido-kendo-iai-kobudo-1","7":"product_cat-ju-jitsujiu-jitsu-1","8":"product_cat-kwon-5","9":"product_cat-kwon-3","10":"product_cat-ninjutsu-3","11":"product_cat-nozi","12":"product_cat-gumijasti","14":"first","15":"instock","16":"taxable","17":"shipping-taxable","18":"purchasable","19":"product-type-simple"},"_links":{"self":[{"href":"https:\/\/www.budoshop.si\/sl\/wp-json\/wp\/v2\/product\/70291","targetHints":{"allow":["GET"]}}],"collection":[{"href":"https:\/\/www.budoshop.si\/sl\/wp-json\/wp\/v2\/product"}],"about":[{"href":"https:\/\/www.budoshop.si\/sl\/wp-json\/wp\/v2\/types\/product"}],"replies":[{"embeddable":true,"href":"https:\/\/www.budoshop.si\/sl\/wp-json\/wp\/v2\/comments?post=70291"}],"wp:featuredmedia":[{"embeddable":true,"href":"https:\/\/www.budoshop.si\/sl\/wp-json\/wp\/v2\/media\/70293"}],"wp:attachment":[{"href":"https:\/\/www.budoshop.si\/sl\/wp-json\/wp\/v2\/media?parent=70291"}],"wp:term":[{"taxonomy":"product_brand","embeddable":true,"href":"https:\/\/www.budoshop.si\/sl\/wp-json\/wp\/v2\/product_brand?post=70291"},{"taxonomy":"product_cat","embeddable":true,"href":"https:\/\/www.budoshop.si\/sl\/wp-json\/wp\/v2\/product_cat?post=70291"},{"taxonomy":"product_tag","embeddable":true,"href":"https:\/\/www.budoshop.si\/sl\/wp-json\/wp\/v2\/product_tag?post=70291"}],"curies":[{"name":"wp","href":"https:\/\/api.w.org\/{rel}","templated":true}]}}