{"id":70283,"date":"2018-09-13T06:51:49","date_gmt":"2018-09-13T06:51:49","guid":{"rendered":"https:\/\/budoshop.si\/?product=tatami-cleaner-cistilo"},"modified":"2026-01-30T19:28:23","modified_gmt":"2026-01-30T18:28:23","slug":"tatami-cleaner-cistilo","status":"publish","type":"product","link":"https:\/\/www.budoshop.si\/sl\/izdelek\/tatami-cleaner-cistilo\/","title":{"rendered":"Tatami cleaner (\u010distilo)"},"content":{"rendered":"<div style=\"text-align: justify;\">\n<p><span style=\"color: #993300; font-size: 15px;\"><span class=\"HwtZe\" lang=\"sl\"><span class=\"jCAhz ChMk0b\"><span class=\"ryNqvb\">Visokozmogljivo \u010distilo za vse vrste Tatami blazin \u2013 1 liter\u00a0<\/span><\/span><span class=\"jCAhz ChMk0b\"><span class=\"ryNqvb\"><br \/>\n<\/span><\/span><\/span><\/span><\/p>\n<ul>\n<li><span style=\"color: #993300; font-size: 15px;\"><span class=\"HwtZe\" lang=\"sl\"><span class=\"jCAhz ChMk0b\"><span class=\"ryNqvb\">\u010cistilo za podloge na osnovi alkohola je bilo posebej razvito za higiensko \u010di\u0161\u010denje judo, rolo in puzzle Tatami blazin.<\/span><\/span><\/span><\/span><\/li>\n<li><span style=\"color: #993300; font-size: 15px;\"><span class=\"HwtZe\" lang=\"sl\"><span class=\"jCAhz ChMk0b\"><span class=\"ryNqvb\">Inovativna formula temelji na naravnih in skoraj naravnih surovinah ter zagotavlja ne\u017eno, a temeljito \u010di\u0161\u010denje.<\/span><\/span><\/span><\/span><\/li>\n<li><span style=\"color: #993300; font-size: 15px;\"><span class=\"HwtZe\" lang=\"sl\"><span class=\"jCAhz ChMk0b\"><span class=\"ryNqvb\">Njegova visoka u\u010dinkovitost se ka\u017ee tudi na hrapavih in poroznih povr\u0161inah, kjer obi\u010dajna \u010distila pogosto niso u\u010dinkovita.<\/span><\/span><\/span><\/span><\/li>\n<li><span style=\"color: #993300; font-size: 15px;\"><span class=\"HwtZe\" lang=\"sl\"><span class=\"jCAhz ChMk0b\"><span class=\"ryNqvb\">Zanesljivo raztopi celo mastno umazanijo, znoj, kri in druge organske ostanke.<\/span><\/span><\/span><\/span><\/li>\n<li><span style=\"font-size: 15px; color: #993300;\"><span class=\"HwtZe\" lang=\"sl\"><span class=\"jCAhz ChMk0b\"><span class=\"ryNqvb\">U\u010dinkovito in\u00a0<\/span><\/span><\/span><span class=\"HwtZe\" lang=\"sl\"><span class=\"jCAhz ChMk0b\"><span class=\"ryNqvb\">rez po\u0161kodb povr\u0161ine ali teksture blazin <\/span><\/span><\/span><span class=\"HwtZe\" lang=\"sl\"><span class=\"jCAhz ChMk0b\"><span class=\"ryNqvb\">odstranjuje tudi trdovratne obloge.<\/span><\/span><\/span><\/span><\/li>\n<\/ul>\n<p><span style=\"color: #993300; font-size: 15px;\"><span class=\"HwtZe\" lang=\"sl\"><span class=\"jCAhz ChMk0b\"><span class=\"ryNqvb\">Zna\u010dilnosti in prednosti:<\/span><\/span><\/span><\/span><\/p>\n<ul>\n<li><span style=\"color: #993300; font-size: 15px;\"><span class=\"HwtZe\" lang=\"sl\"><span class=\"jCAhz ChMk0b\"><span class=\"ryNqvb\">Na osnovi naravnih in skoraj naravnih surovin<\/span><\/span><\/span><\/span><\/li>\n<li><span style=\"color: #993300; font-size: 15px;\"><span class=\"HwtZe\" lang=\"sl\"><span class=\"jCAhz ChMk0b\"><span class=\"ryNqvb\">Odli\u010den higienski u\u010dinek<\/span><\/span><\/span><\/span><\/li>\n<li><span style=\"color: #993300; font-size: 15px;\"><span class=\"HwtZe\" lang=\"sl\"><span class=\"jCAhz ChMk0b\"><span class=\"ryNqvb\">Odstranjuje znoj, kri, ma\u0161\u010dobo in organsko umazanijo<\/span><\/span><\/span><\/span><\/li>\n<li><span style=\"color: #993300; font-size: 15px;\"><span class=\"HwtZe\" lang=\"sl\"><span class=\"jCAhz ChMk0b\"><span class=\"ryNqvb\">\u00a0Ne\u017eno do materialov in povr\u0161in<\/span><\/span><\/span><\/span><\/li>\n<li><span style=\"color: #993300; font-size: 15px;\"><span class=\"HwtZe\" lang=\"sl\"><span class=\"jCAhz ChMk0b\"><span class=\"ryNqvb\">\u00a0Idealno za Tatami in drugih blazin<\/span><\/span><\/span><\/span><\/li>\n<li><span style=\"color: #993300; font-size: 15px;\"><span class=\"HwtZe\" lang=\"sl\"><span class=\"jCAhz ChMk0b\"><span class=\"ryNqvb\">Ozna\u010devanje v skladu z uredbo (ES) \u0161t. 1272\/2008<\/span><\/span><\/span><\/span><\/li>\n<\/ul>\n<p><span style=\"color: #993300; font-size: 15px;\"><span class=\"HwtZe\" lang=\"sl\"><span class=\"jCAhz ChMk0b\"><span class=\"ryNqvb\"> Uporaba:<br \/>\nZa redno \u010di\u0161\u010denje razred\u010dite \u010distilo v razmerju 50 ml na 8 litrov vode. Povr\u0161ino blazin o\u010distite z vla\u017eno krpo, mopom ali gobo.<\/span><\/span><\/span><\/span><\/p>\n<p><span style=\"font-size: 15px; color: #993300;\">Sestava \/ Informacije o sestavinah:<\/span><br \/>\n<span style=\"font-size: 15px; color: #993300;\">Sestavine v skladu z Uredbo o detergentih (648\/2004\/ES): &lt; 5 % anionskih povr\u0161insko aktivnih snovi, &lt; 5 % neionskih povr\u0161insko aktivnih snovi, di\u0161ave<span class=\"jCAhz ChMk0b\"><span class=\"ryNqvb\">\u00a0<\/span><\/span><\/span><\/p>\n<p><span style=\"font-size: 15px; color: #993300;\">Vsebina: 1l<\/span><\/p>\n<\/div>\n","protected":false},"excerpt":{"rendered":"<p><span style=\"color: #002060;\"><strong>Posebno \u010distilo namenjeno \u010di\u0161\u010denju in dezinficiranju Tatami blazin 1l.<\/strong><\/span><\/p>\n","protected":false},"featured_media":119304,"comment_status":"open","ping_status":"closed","template":"","meta":[],"product_brand":[5596],"product_cat":[1035,1043,1033,1031,1029,983,1061,1039,743],"product_tag":[],"class_list":{"0":"post-70283","1":"product","2":"type-product","3":"status-publish","4":"has-post-thumbnail","6":"product_brand-kwon","7":"product_cat-aikido-kendo-iai-kobudo-1","8":"product_cat-boks-kickbox-tajski-boks-mma","9":"product_cat-ju-jitsujiu-jitsu-1","10":"product_cat-judo-1","11":"product_cat-karate-5","12":"product_cat-kwon-3","13":"product_cat-kwon-5","14":"product_cat-taekwondo-3","15":"product_cat-tatami-blazine","17":"first","18":"onbackorder","19":"taxable","20":"shipping-taxable","21":"purchasable","22":"product-type-simple"},"_links":{"self":[{"href":"https:\/\/www.budoshop.si\/sl\/wp-json\/wp\/v2\/product\/70283","targetHints":{"allow":["GET"]}}],"collection":[{"href":"https:\/\/www.budoshop.si\/sl\/wp-json\/wp\/v2\/product"}],"about":[{"href":"https:\/\/www.budoshop.si\/sl\/wp-json\/wp\/v2\/types\/product"}],"replies":[{"embeddable":true,"href":"https:\/\/www.budoshop.si\/sl\/wp-json\/wp\/v2\/comments?post=70283"}],"wp:featuredmedia":[{"embeddable":true,"href":"https:\/\/www.budoshop.si\/sl\/wp-json\/wp\/v2\/media\/119304"}],"wp:attachment":[{"href":"https:\/\/www.budoshop.si\/sl\/wp-json\/wp\/v2\/media?parent=70283"}],"wp:term":[{"taxonomy":"product_brand","embeddable":true,"href":"https:\/\/www.budoshop.si\/sl\/wp-json\/wp\/v2\/product_brand?post=70283"},{"taxonomy":"product_cat","embeddable":true,"href":"https:\/\/www.budoshop.si\/sl\/wp-json\/wp\/v2\/product_cat?post=70283"},{"taxonomy":"product_tag","embeddable":true,"href":"https:\/\/www.budoshop.si\/sl\/wp-json\/wp\/v2\/product_tag?post=70283"}],"curies":[{"name":"wp","href":"https:\/\/api.w.org\/{rel}","templated":true}]}}