{"id":70265,"date":"2018-09-13T06:51:49","date_gmt":"2018-09-13T06:51:49","guid":{"rendered":"https:\/\/budoshop.si\/?product=kaku-obi-iaido-pas"},"modified":"2026-02-19T09:33:11","modified_gmt":"2026-02-19T08:33:11","slug":"kaku-obi-iaido-pas","status":"publish","type":"product","link":"https:\/\/www.budoshop.si\/sl\/izdelek\/kaku-obi-iaido-pas\/","title":{"rendered":"Kaku Obi (Iaido pas)"},"content":{"rendered":"<div style=\"text-align: justify;\">\n<p><span style=\"color: #993300; font-size: 15px;\">Kaku Obi je tradicionalni \u0161iroki pas, ki se nosi preko zgornjega dela Kimono jakne, preko njega pa se ve\u017ee Hakama. Uporablja se v tradicionalnih japonskih ve\u0161\u010dinah kot so Iaido, Kendo, Jodo, Aikido &#8230; <\/span><\/p>\n<p><span style=\"color: #993300; font-size: 15px;\">Na\u0161i Obi-ji so narejeni iz visoko kvalitetnega 100% bomba\u017ea v \u010drni ali beli barvi in ve\u010dkrat pre\u0161iti.<\/span><\/p>\n<\/div>\n<div style=\"text-align: justify;\">\n<p><span style=\"color: #993300; font-size: 15px;\">Barve: \u010crna ali Bela<\/span><\/p>\n<p><span style=\"color: #993300; font-size: 15px;\">Dol\u017eina: cca. 390 cm <\/span><br \/>\n<span style=\"color: #993300; font-size: 15px;\">\u0160irina: cca. 6 cm<\/span><\/p>\n<\/div>\n","protected":false},"excerpt":{"rendered":"<p><span style=\"color: #002060;\"><strong>Tradicionalni \u0161irok japonski pas za pod Hakamo.<\/strong><\/span><\/p>\n","protected":false},"featured_media":70267,"comment_status":"open","ping_status":"closed","template":"","meta":[],"product_brand":[5600],"product_cat":[1035,859,861,977,1055],"product_tag":[],"class_list":{"0":"post-70265","1":"product","2":"type-product","3":"status-publish","4":"has-post-thumbnail","6":"product_brand-yari-no-hanzo","7":"product_cat-aikido-kendo-iai-kobudo-1","8":"product_cat-barvni-pasovi","9":"product_cat-mojstrski-pasovi","10":"product_cat-yari-no-hanzo-1","11":"product_cat-yari-no-hanzo-3","12":"pa_barva-bele-barve-sl","13":"pa_barva-crne-barve-sl-2","15":"first","16":"instock","17":"taxable","18":"shipping-taxable","19":"purchasable","20":"product-type-variable"},"_links":{"self":[{"href":"https:\/\/www.budoshop.si\/sl\/wp-json\/wp\/v2\/product\/70265","targetHints":{"allow":["GET"]}}],"collection":[{"href":"https:\/\/www.budoshop.si\/sl\/wp-json\/wp\/v2\/product"}],"about":[{"href":"https:\/\/www.budoshop.si\/sl\/wp-json\/wp\/v2\/types\/product"}],"replies":[{"embeddable":true,"href":"https:\/\/www.budoshop.si\/sl\/wp-json\/wp\/v2\/comments?post=70265"}],"wp:featuredmedia":[{"embeddable":true,"href":"https:\/\/www.budoshop.si\/sl\/wp-json\/wp\/v2\/media\/70267"}],"wp:attachment":[{"href":"https:\/\/www.budoshop.si\/sl\/wp-json\/wp\/v2\/media?parent=70265"}],"wp:term":[{"taxonomy":"product_brand","embeddable":true,"href":"https:\/\/www.budoshop.si\/sl\/wp-json\/wp\/v2\/product_brand?post=70265"},{"taxonomy":"product_cat","embeddable":true,"href":"https:\/\/www.budoshop.si\/sl\/wp-json\/wp\/v2\/product_cat?post=70265"},{"taxonomy":"product_tag","embeddable":true,"href":"https:\/\/www.budoshop.si\/sl\/wp-json\/wp\/v2\/product_tag?post=70265"}],"curies":[{"name":"wp","href":"https:\/\/api.w.org\/{rel}","templated":true}]}}