{"id":70191,"date":"2018-09-13T06:51:49","date_gmt":"2018-09-13T06:51:49","guid":{"rendered":"https:\/\/budoshop.si\/?product=dvojni-fokuser-loparcek-double"},"modified":"2026-01-15T11:19:35","modified_gmt":"2026-01-15T10:19:35","slug":"dvojni-fokuser-loparcek-double","status":"publish","type":"product","link":"https:\/\/www.budoshop.si\/sl\/izdelek\/dvojni-fokuser-loparcek-double\/","title":{"rendered":"Dvojni fokuser lopar\u010dek &#8221;DOUBLE&#8221;"},"content":{"rendered":"<div style=\"text-align: justify;\"><span style=\"font-size: 15px; color: #993300;\">Dvojni kvalitetni fokuser lopar\u010dek. Namenjen je predvsem treningu no\u017enih udarcev, narejen pa je iz \u010dvrste pene in oblo\u017een z umetnim usnjem \u010drne barve. Ro\u010daj je opremljen z elasti\u010dnim zapestnikom, ki omogo\u010da zanesljivo dr\u017eanje v roki tudi pri najmo\u010dnej\u0161ih udarcih. <span class=\"HwtZe\" lang=\"sl\"><span class=\"jCAhz ChMk0b\"><span class=\"ryNqvb\">Redna vadba s fokuserji izbolj\u0161a natan\u010dnost udarcev in hitrost brc tako pri treningu visokih kot nizkih brc.<\/span><\/span> <span class=\"jCAhz ChMk0b\"><span class=\"ryNqvb\">Zvok, ki nastane pri udarcu ob dvojni lopar\u010dek ozna\u010duje ali je bila brca izvedena pravilno. <\/span><\/span><\/span>Primeren za Taekwondo, Karate, Kickboxing in druge borilne \u0161porte.<br \/>\n<\/span><\/div>\n<div style=\"text-align: justify;\"><span style=\"color: #993300; font-size: 15px;\"><span class=\"HwtZe\" lang=\"sl\"><span class=\"jCAhz ChMk0b\"><span class=\"ryNqvb\">Material: umetno usnje<br \/>\nBarva: \u010drna<br \/>\nSkupna dol\u017eina: cca. 43 cm<br \/>\nDol\u017eina udarne povr\u0161ine: cca. 31 cm<br \/>\n\u0160irina: cca. 21 cm<br \/>\nDebelina: cca. 7 cm<\/span><\/span><\/span><\/span><\/div>\n","protected":false},"excerpt":{"rendered":"<p><span style=\"color: #003366;\"><strong>Dvojni fokuser lopar\u010dek za trening no\u017enih udarcev.<\/strong><\/span><\/p>\n","protected":false},"featured_media":118322,"comment_status":"open","ping_status":"closed","template":"","meta":[],"product_brand":[5596],"product_cat":[1043,1033,1029,1039,1041,1115,1087,1085],"product_tag":[],"class_list":{"0":"post-70191","1":"product","2":"type-product","3":"status-publish","4":"has-post-thumbnail","6":"product_brand-kwon","7":"product_cat-boks-kickbox-tajski-boks-mma","8":"product_cat-ju-jitsujiu-jitsu-1","9":"product_cat-karate-5","10":"product_cat-taekwondo-3","11":"product_cat-tai-chi-kunf-fu-wu-shu-1","12":"product_cat-fokuser-loparcki-trenerske-palice","13":"product_cat-dax-3","14":"product_cat-dax-1","16":"first","17":"instock","18":"taxable","19":"shipping-taxable","20":"purchasable","21":"product-type-simple"},"_links":{"self":[{"href":"https:\/\/www.budoshop.si\/sl\/wp-json\/wp\/v2\/product\/70191","targetHints":{"allow":["GET"]}}],"collection":[{"href":"https:\/\/www.budoshop.si\/sl\/wp-json\/wp\/v2\/product"}],"about":[{"href":"https:\/\/www.budoshop.si\/sl\/wp-json\/wp\/v2\/types\/product"}],"replies":[{"embeddable":true,"href":"https:\/\/www.budoshop.si\/sl\/wp-json\/wp\/v2\/comments?post=70191"}],"wp:featuredmedia":[{"embeddable":true,"href":"https:\/\/www.budoshop.si\/sl\/wp-json\/wp\/v2\/media\/118322"}],"wp:attachment":[{"href":"https:\/\/www.budoshop.si\/sl\/wp-json\/wp\/v2\/media?parent=70191"}],"wp:term":[{"taxonomy":"product_brand","embeddable":true,"href":"https:\/\/www.budoshop.si\/sl\/wp-json\/wp\/v2\/product_brand?post=70191"},{"taxonomy":"product_cat","embeddable":true,"href":"https:\/\/www.budoshop.si\/sl\/wp-json\/wp\/v2\/product_cat?post=70191"},{"taxonomy":"product_tag","embeddable":true,"href":"https:\/\/www.budoshop.si\/sl\/wp-json\/wp\/v2\/product_tag?post=70191"}],"curies":[{"name":"wp","href":"https:\/\/api.w.org\/{rel}","templated":true}]}}