{"id":70141,"date":"2018-09-13T06:51:49","date_gmt":"2018-09-13T06:51:49","guid":{"rendered":"https:\/\/budoshop.si\/?product=kovinski-taichi-kung-fu-mec-z-leseno-noznico-v-akciji"},"modified":"2024-11-06T15:30:29","modified_gmt":"2024-11-06T14:30:29","slug":"kovinski-taichi-kung-fu-mec-z-leseno-noznico-v-akciji","status":"publish","type":"product","link":"https:\/\/www.budoshop.si\/sl\/izdelek\/kovinski-taichi-kung-fu-mec-z-leseno-noznico-v-akciji\/","title":{"rendered":"Kovinski Taichi \/ Kung fu me\u010d z leseno no\u017enico &#8211; V AKCIJI!!!"},"content":{"rendered":"<div style=\"text-align: justify;\">\n<p><span style=\"font-size: 15px; color: #993300;\">Kovinski Tai chi in Kung fu me\u010d tradicionalne oblike s trdnim rezilom, \u0161\u010ditnikom pri ro\u010daju in lesenim ro\u010dajem, ki ga krasi dekorativna vrvica rde\u010de barve. No\u017enica je narejena iz lesa in temno rde\u010de barve z vgraviranim motivom. Me\u010d je primeren tako za trening form kot tudi dekorativni predmet, glede na njegov atraktivni izgled.<br \/>\n<\/span><\/p>\n<p><span style=\"color: #993300; font-size: 15px;\">Skupna dol\u017eina: cca. 102 cm<\/span><br \/>\n<span style=\"color: #993300; font-size: 15px;\">Dol\u017eina rezika: cca. 13 cm<br \/>\nDol\u017eina rezila: cca. 75 cm<\/span><span style=\"color: #993300; font-size: 15px;\"><br \/>\nTe\u017ea: cca. 550 g (cca. 870 g z no\u017enico)<br \/>\n<\/span><\/p>\n<p>&nbsp;<\/p>\n<\/div>\n<div style=\"text-align: justify;\"><span style=\"color: #993300; font-size: 15px;\">\u00a0<\/span><\/div>\n<div style=\"text-align: justify;\"><\/div>\n<div style=\"text-align: justify;\"><span style=\"color: #c00000;\"><span style=\"color: #993300; font-size: 11px;\">Opozorilo!<\/span><br \/>\n<span style=\"color: #993300; font-size: 11px;\">\u25ba Artikel je namenjen samo dekorativni uporabi oziroma osebnemu treningu borilnih ve\u0161\u010din.<\/span><br \/>\n<span style=\"color: #993300; font-size: 11px;\">\u25ba Po prodaji, prodajalec ni ve\u010d odgovoren za nikakr\u0161ne po\u0161kodbe, ki se lahko zgodijo zaradi napa\u010dne uporabe ali zanemarjanja teh opozoril. Novi lastnik prevzema popolno odgovornost za skrb in uporabo tega artikla.<\/span><br \/>\n<span style=\"color: #993300; font-size: 11px;\">\u25ba Vsakr\u0161na napa\u010dna uporaba ali nepazljivost lahko vam ali drugemu povzro\u010di resne po\u0161kodbe ali celo smrt!<\/span><br \/>\n<span style=\"color: #993300; font-size: 11px;\">\u25ba Ta artikel se v nobenem primeru ne sme uporabljati na drugi osebi!<\/span><br \/>\n<\/span><span style=\"color: #c00000;\"><br \/>\n<\/span><\/div>\n","protected":false},"excerpt":{"rendered":"<p><span style=\"color: #003366;\"><strong>Kovinski Taichi in Kung fu me\u010d.<\/strong><\/span><\/p>\n","protected":false},"featured_media":115174,"comment_status":"open","ping_status":"closed","template":"","meta":[],"product_brand":[5595],"product_cat":[927,5405,5406,855,1041],"product_tag":[],"class_list":{"0":"post-70141","1":"product","2":"type-product","3":"status-publish","4":"has-post-thumbnail","6":"product_brand-ju-sports","7":"product_cat-v-akciji","8":"product_cat-ju-sports","9":"product_cat-ju-sports-2","10":"product_cat-kovinski-kitajski","11":"product_cat-tai-chi-kunf-fu-wu-shu-1","12":"pa_dolzina-rezila-60-cm-sl","13":"pa_dolzina-rezila-65-cm-sl","14":"pa_dolzina-rezila-70-cm-sl","16":"first","17":"instock","18":"taxable","19":"shipping-taxable","20":"purchasable","21":"product-type-simple"},"_links":{"self":[{"href":"https:\/\/www.budoshop.si\/sl\/wp-json\/wp\/v2\/product\/70141","targetHints":{"allow":["GET"]}}],"collection":[{"href":"https:\/\/www.budoshop.si\/sl\/wp-json\/wp\/v2\/product"}],"about":[{"href":"https:\/\/www.budoshop.si\/sl\/wp-json\/wp\/v2\/types\/product"}],"replies":[{"embeddable":true,"href":"https:\/\/www.budoshop.si\/sl\/wp-json\/wp\/v2\/comments?post=70141"}],"wp:featuredmedia":[{"embeddable":true,"href":"https:\/\/www.budoshop.si\/sl\/wp-json\/wp\/v2\/media\/115174"}],"wp:attachment":[{"href":"https:\/\/www.budoshop.si\/sl\/wp-json\/wp\/v2\/media?parent=70141"}],"wp:term":[{"taxonomy":"product_brand","embeddable":true,"href":"https:\/\/www.budoshop.si\/sl\/wp-json\/wp\/v2\/product_brand?post=70141"},{"taxonomy":"product_cat","embeddable":true,"href":"https:\/\/www.budoshop.si\/sl\/wp-json\/wp\/v2\/product_cat?post=70141"},{"taxonomy":"product_tag","embeddable":true,"href":"https:\/\/www.budoshop.si\/sl\/wp-json\/wp\/v2\/product_tag?post=70141"}],"curies":[{"name":"wp","href":"https:\/\/api.w.org\/{rel}","templated":true}]}}