{"id":70129,"date":"2018-09-13T06:51:49","date_gmt":"2018-09-13T06:51:49","guid":{"rendered":"https:\/\/budoshop.si\/?product=shinobi-katana-ninja-to"},"modified":"2026-04-16T12:26:35","modified_gmt":"2026-04-16T10:26:35","slug":"shinobi-katana-ninja-to","status":"publish","type":"product","link":"https:\/\/www.budoshop.si\/sl\/izdelek\/shinobi-katana-ninja-to\/","title":{"rendered":"SHINOBI KATANA (Ninja-to)"},"content":{"rendered":"<div style=\"text-align: justify;\">\n<p><span style=\"color: #993300; font-size: 15px;\">Pravi kovani trening Ninja me\u010d. <\/span><\/p>\n<p><span style=\"color: #993300; font-size: 15px;\">Ta me\u010d je izdelan ro\u010dno po tradicionalni japonski metodi izdalave me\u010dev, za izdelavo pa so uporabljeni samo najkvalitetnej\u0161i materiali. Rezilo je narejeno iz kovanega AISHI 1060 HIGH CARBON jekla ter RO\u010cNO KOVANO in POLIRANO. Vsi sestavni deli (Tsuba, Fuchi, Kashira, Habaki) so kovinski in ro\u010dno izdelani, za razliko od poceni me\u010dev, kjer so ti deli narejeni iz aluminijaste litine. Ker so me\u010di izdelani ro\u010dno je seveda vsak me\u010d unikaten in se razlikuje od drugega. Me\u010d se za la\u017eje vzdr\u017eevanje lahko popolnoma razstavi. <\/span><\/p>\n<p><span style=\"color: #993300; font-size: 15px;\">Ta me\u010d NI serijske produkcije pri kateri se uporabljajo materiali slab\u0161e kvalitete! <\/span><\/p>\n<\/div>\n<p><span style=\"color: #993300; font-size: 15px;\">Detalji:<br \/>\nKovina: 1060 High Carbon Steel<br \/>\nNAGASA (dol\u017eina rezila): 55 cm<br \/>\nHAMON (motiv ostrine): Notare stil<br \/>\nSORI (ukrivljenost): 1,80 cm<br \/>\nTSUKA (ro\u010daj): 36 cm<br \/>\nTSUKA ITO (navitje ro\u010daja): bomba\u017eno \u010drne barve (Katate Maki stil)<br \/>\nSAME (podloga ro\u010daja): pravo ribje usnje<br \/>\nTSUBA (\u0161\u010ditnik): Cho Hokei<br \/>\nBOHI (\u017eleb v rezilo): DA<br \/>\nSAYA (no\u017enica): 73,5 cm \u010drno lakiran les<br \/>\nSAGEO (vrvica): bomba\u017ena \u010drne barve<br \/>\nMEKUGI (zati\u010d): bambusov X 2<br \/>\nTe\u017ea: cca 1.250g (s Sayo), 1.000g (brez Saye)<\/span><\/p>\n<p><span style=\"color: #993300; font-size: 15px;\">Me\u010d ni nabru\u0161en je pa primeren za bru\u0161enje. <\/span><\/p>\n<div style=\"text-align: justify;\">\n<p><span style=\"color: #993300; font-size: 15px;\">Darilo: prenosna torba <\/span><\/p>\n<p><span style=\"font-size: 15px; color: #993300;\">TA ARTIKEL PRODAJAMO SAMO POLNOLETNIM OSEBAM!!!<\/span><\/p>\n<\/div>\n<div style=\"text-align: justify;\"><\/div>\n<div style=\"text-align: justify;\"><span style=\"color: #993300; font-size: 15px;\">\u00a0<\/span><\/div>\n<div style=\"text-align: justify;\"><span style=\"color: #993300; font-size: 11px;\">Opozorilo!<br \/>\n\u25ba Artikel je namenjen samo dekorativni uporabi oziroma osebnemu treningu borilnih ve\u0161\u010din.<br \/>\n\u25ba Po prodaji, prodajalec ni ve\u010d odgovoren za nikakr\u0161ne po\u0161kodbe, ki se lahko zgodijo zaradi napa\u010dne uporabe ali zanemarjanja teh opozoril. Novi lastnik prevzema popolno odgovornost za skrb in uporabo tega artikla.<br \/>\n\u25ba Vsakr\u0161na napa\u010dna uporaba ali nepazljivost lahko vam ali drugemu povzro\u010di resne po\u0161kodbe ali celo smrt!<br \/>\n\u25ba Ta artikel se v nobenem primeru ne sme uporabljati na drugi osebi!<\/span><\/div>\n","protected":false},"excerpt":{"rendered":"<p><span style=\"color: #002060;\"><strong>Pravi japonski kovinski trening NINJA me\u010d!<\/strong><\/span><\/p>\n","protected":false},"featured_media":121778,"comment_status":"open","ping_status":"closed","template":"","meta":[],"product_brand":[5611],"product_cat":[5383,5375,5377,847,851,1037,931],"product_tag":[],"class_list":{"0":"post-70129","1":"product","2":"type-product","3":"status-publish","4":"has-post-thumbnail","6":"product_brand-john-lee","7":"product_cat-iaito-trening-katana-meci","8":"product_cat-john-lee-sl","9":"product_cat-john-lee-2","10":"product_cat-ninja-1","11":"product_cat-ninja-meci","12":"product_cat-ninjutsu-3","13":"product_cat-posebni-meci","15":"first","16":"instock","17":"taxable","18":"shipping-taxable","19":"purchasable","20":"product-type-simple"},"_links":{"self":[{"href":"https:\/\/www.budoshop.si\/sl\/wp-json\/wp\/v2\/product\/70129","targetHints":{"allow":["GET"]}}],"collection":[{"href":"https:\/\/www.budoshop.si\/sl\/wp-json\/wp\/v2\/product"}],"about":[{"href":"https:\/\/www.budoshop.si\/sl\/wp-json\/wp\/v2\/types\/product"}],"replies":[{"embeddable":true,"href":"https:\/\/www.budoshop.si\/sl\/wp-json\/wp\/v2\/comments?post=70129"}],"wp:featuredmedia":[{"embeddable":true,"href":"https:\/\/www.budoshop.si\/sl\/wp-json\/wp\/v2\/media\/121778"}],"wp:attachment":[{"href":"https:\/\/www.budoshop.si\/sl\/wp-json\/wp\/v2\/media?parent=70129"}],"wp:term":[{"taxonomy":"product_brand","embeddable":true,"href":"https:\/\/www.budoshop.si\/sl\/wp-json\/wp\/v2\/product_brand?post=70129"},{"taxonomy":"product_cat","embeddable":true,"href":"https:\/\/www.budoshop.si\/sl\/wp-json\/wp\/v2\/product_cat?post=70129"},{"taxonomy":"product_tag","embeddable":true,"href":"https:\/\/www.budoshop.si\/sl\/wp-json\/wp\/v2\/product_tag?post=70129"}],"curies":[{"name":"wp","href":"https:\/\/api.w.org\/{rel}","templated":true}]}}