{"id":70095,"date":"2018-09-13T06:51:49","date_gmt":"2018-09-13T06:51:49","guid":{"rendered":"https:\/\/budoshop.si\/?product=katana-samurai"},"modified":"2026-01-12T07:57:18","modified_gmt":"2026-01-12T06:57:18","slug":"katana-samurai","status":"publish","type":"product","link":"https:\/\/www.budoshop.si\/sl\/izdelek\/katana-samurai\/","title":{"rendered":"Katana &#8221;SAMURAI&#8221;"},"content":{"rendered":"<div style=\"text-align: justify;\">\n<p><span style=\"color: #c00000; font-size: 15px;\">Tradicionalen dolgi Samurajski Katana me\u010d s karbonskim jeklenim nenabru\u0161enim rezilom. Saya (o\u017enica) je izdelana v naravni barvi lesa, ro\u010daj in Sageo vrvica pa sta rjave barve. Tsuba (\u0161\u010ditnik) je \u010drne barve in unikatne oblike. Saya (no\u017enica) je narejena iz lesa. Rezilo je iz zelo kvalitetnega nerjave\u010dega jekla in dobro uravnove\u0161eno. Me\u010d je primeren tako za dekoracijo prostora kot tudi za trening. <\/span><\/p>\n<p><span style=\"color: #c00000; font-size: 15px;\">Detajli:<br \/>\nKovina: Carbon Steel<br \/>\nNAGASA (dol\u017eina rezila): 70 cm (72,5 cm s Habaki-em)<br \/>\nHAMON (motiv ostrine): Da<br \/>\nSORI (ukrivljenost): 2,00 cm<br \/>\nTSUKA (ro\u010daj): 26,5 cm<br \/>\nTSUKA ITO (navitje ro\u010daja): rjavo<br \/>\nSAME (podloga ro\u010daja): sinteti\u010dno<br \/>\nTSUBA (\u0161\u010ditnik): \u010drna<br \/>\nBOHI (\u017eleb v rezilo): da<br \/>\nSAYA (no\u017enica): 76 cm les v naravni barvi<br \/>\nSAGEO (vrvica): rjava<br \/>\nTe\u017ea: cca. 1.235 g (skupaj s Sayo) &#8211; 1.000 g brez Saye<\/span><\/p>\n<p><span style=\"color: #c00000; font-size: 15px;\">TA ARTIKEL PRODAJAMO SAMO POLNOLETNIM OSEBAM!!<\/span><\/p>\n<\/div>\n<div style=\"text-align: justify;\"><\/div>\n<div style=\"text-align: justify;\"><span style=\"color: #c00000;\">\u00a0<\/span><\/div>\n<div style=\"text-align: justify;\"><span style=\"color: #c00000; font-size: 11px;\">Opozorilo!<br \/>\n\u25ba Artikel je namenjen samo dekorativni uporabi oziroma osebnemu treningu borilnih ve\u0161\u010din.<br \/>\n\u25ba Po prodaji, prodajalec ni ve\u010d odgovoren za nikakr\u0161ne po\u0161kodbe, ki se lahko zgodijo zaradi napa\u010dne uporabe ali zanemarjanja teh opozoril. Novi lastnik prevzema popolno odgovornost za skrb in uporabo tega artikla.<br \/>\n\u25ba Vsakr\u0161na napa\u010dna uporaba ali nepazljivost lahko vam ali drugemu povzro\u010di resne po\u0161kodbe ali celo smrt!<br \/>\n\u25ba Ta artikel se v nobenem primeru ne sme uporabljati na drugi osebi!<\/span><\/div>\n","protected":false},"excerpt":{"rendered":"<p><span style=\"color: #002060;\"><strong>Tradicionalen dolg trening in dekorativni Samuraiski Katana me\u010d z motivom.<\/strong><\/span><\/p>\n","protected":false},"featured_media":70097,"comment_status":"open","ping_status":"closed","template":"","meta":[],"product_brand":[],"product_cat":[1035,5382,1037],"product_tag":[],"class_list":{"0":"post-70095","1":"product","2":"type-product","3":"status-publish","4":"has-post-thumbnail","6":"product_cat-aikido-kendo-iai-kobudo-1","7":"product_cat-dekorativni-katana-meci","8":"product_cat-ninjutsu-3","10":"first","11":"instock","12":"taxable","13":"shipping-taxable","14":"purchasable","15":"product-type-simple"},"_links":{"self":[{"href":"https:\/\/www.budoshop.si\/sl\/wp-json\/wp\/v2\/product\/70095","targetHints":{"allow":["GET"]}}],"collection":[{"href":"https:\/\/www.budoshop.si\/sl\/wp-json\/wp\/v2\/product"}],"about":[{"href":"https:\/\/www.budoshop.si\/sl\/wp-json\/wp\/v2\/types\/product"}],"replies":[{"embeddable":true,"href":"https:\/\/www.budoshop.si\/sl\/wp-json\/wp\/v2\/comments?post=70095"}],"wp:featuredmedia":[{"embeddable":true,"href":"https:\/\/www.budoshop.si\/sl\/wp-json\/wp\/v2\/media\/70097"}],"wp:attachment":[{"href":"https:\/\/www.budoshop.si\/sl\/wp-json\/wp\/v2\/media?parent=70095"}],"wp:term":[{"taxonomy":"product_brand","embeddable":true,"href":"https:\/\/www.budoshop.si\/sl\/wp-json\/wp\/v2\/product_brand?post=70095"},{"taxonomy":"product_cat","embeddable":true,"href":"https:\/\/www.budoshop.si\/sl\/wp-json\/wp\/v2\/product_cat?post=70095"},{"taxonomy":"product_tag","embeddable":true,"href":"https:\/\/www.budoshop.si\/sl\/wp-json\/wp\/v2\/product_tag?post=70095"}],"curies":[{"name":"wp","href":"https:\/\/api.w.org\/{rel}","templated":true}]}}