{"id":70053,"date":"2018-09-13T06:51:49","date_gmt":"2018-09-13T06:51:49","guid":{"rendered":"https:\/\/budoshop.si\/?product=bombazni-scitnik-za-golen-in-nart-kumite-ce"},"modified":"2026-02-05T11:16:58","modified_gmt":"2026-02-05T10:16:58","slug":"bombazni-scitnik-za-golen-in-nart-kumite-ce","status":"publish","type":"product","link":"https:\/\/www.budoshop.si\/sl\/izdelek\/bombazni-scitnik-za-golen-in-nart-kumite-ce\/","title":{"rendered":"Bomba\u017eni \u0161\u010ditnik za golen in nart &#8221;KUMITE&#8221;"},"content":{"rendered":"<div style=\"text-align: justify;\">\n<p><span style=\"font-size: 15px; color: #993300;\">Ta elasti\u010dni bomba\u017eni \u0161\u010ditnik za golen\/pi\u0161\u010dal in nart je namenjen Karate, Ju-jitsu in Kickboxing tekmovanjem, uporabljajo pa ga tudi v drugih borilnih \u0161portih saj je \u0161\u010ditnik u\u010dinkovit in enostaven za uporabo. <\/span><\/p>\n<p><span style=\"color: #993300; font-size: 15px;\">\u0160\u010ditnik je izdelan iz posebne 10mm pene, ki je oble\u010dena v ko\u017ei prijazen elasti\u010dni 100% bomba\u017e. \u0160\u010ditnik se enostavno natakne na nogo in ga ni potrebno zapenjati, zaradi elasti\u010dnega materiala pa se lepo in trdno prilega nogi ter zagotavlja dobro gibljivost gle\u017enja in za\u0161\u010dito goleni in gle\u017enja udarci, odrgninami, zvini in drugimi po\u0161kodbami. <span class=\"HwtZe\" lang=\"sl\"><span class=\"jCAhz ChMk0b\"><span class=\"ryNqvb\">Bomba\u017eni material ne dra\u017ei ko\u017ee in je pralen do 30\u00b0C.<\/span><\/span><\/span><\/span><\/p>\n<p><span style=\"color: #993300; font-size: 15px;\">Zaradi svoje sestave je lahkoten a ima kljub temu odli\u010dne za\u0161\u010ditne lasnosti. <\/span><\/p>\n<p><span style=\"color: #993300; font-size: 15px;\">Ustreza CE standardom! <\/span><\/p>\n<p><span style=\"color: #993300; font-size: 15px;\">Barva: RDE\u010cA ali MODRA. <\/span><\/p>\n<p><span style=\"color: #993300; font-size: 15px;\">Velikosti: XS &#8211; S &#8211; M &#8211; L &#8211; XL. <\/span><\/p>\n<p><span style=\"font-size: 15px; color: #993300;\">Prodaja se v paru.<\/span><\/p>\n<p>&nbsp;<\/p>\n<\/div>\n","protected":false},"excerpt":{"rendered":"<p><span style=\"color: #002060;\"><strong>Bomba\u017eni Karate in\/ali Ju-Jitsu \u0161\u010ditnik za golen in nart rde\u010de ali modre barve (par).<\/strong><\/span><\/p>\n","protected":false},"featured_media":70055,"comment_status":"open","ping_status":"closed","template":"","meta":[],"product_brand":[5596],"product_cat":[1043,1033,1029,1061,983,899],"product_tag":[],"class_list":{"0":"post-70053","1":"product","2":"type-product","3":"status-publish","4":"has-post-thumbnail","6":"product_brand-kwon","7":"product_cat-boks-kickbox-tajski-boks-mma","8":"product_cat-ju-jitsujiu-jitsu-1","9":"product_cat-karate-5","10":"product_cat-kwon-5","11":"product_cat-kwon-3","12":"product_cat-scitniki-za-piscali","13":"pa_barva-modre-barve-sl","14":"pa_barva-rdeca-barva-sl-2","15":"pa_velikost-l-sl-2","16":"pa_velikost-m-sl-2","17":"pa_velikost-s-sl-2","18":"pa_velikost-xl-sl","19":"pa_velikost-xs-sl","21":"first","22":"instock","23":"taxable","24":"shipping-taxable","25":"purchasable","26":"product-type-variable"},"_links":{"self":[{"href":"https:\/\/www.budoshop.si\/sl\/wp-json\/wp\/v2\/product\/70053","targetHints":{"allow":["GET"]}}],"collection":[{"href":"https:\/\/www.budoshop.si\/sl\/wp-json\/wp\/v2\/product"}],"about":[{"href":"https:\/\/www.budoshop.si\/sl\/wp-json\/wp\/v2\/types\/product"}],"replies":[{"embeddable":true,"href":"https:\/\/www.budoshop.si\/sl\/wp-json\/wp\/v2\/comments?post=70053"}],"wp:featuredmedia":[{"embeddable":true,"href":"https:\/\/www.budoshop.si\/sl\/wp-json\/wp\/v2\/media\/70055"}],"wp:attachment":[{"href":"https:\/\/www.budoshop.si\/sl\/wp-json\/wp\/v2\/media?parent=70053"}],"wp:term":[{"taxonomy":"product_brand","embeddable":true,"href":"https:\/\/www.budoshop.si\/sl\/wp-json\/wp\/v2\/product_brand?post=70053"},{"taxonomy":"product_cat","embeddable":true,"href":"https:\/\/www.budoshop.si\/sl\/wp-json\/wp\/v2\/product_cat?post=70053"},{"taxonomy":"product_tag","embeddable":true,"href":"https:\/\/www.budoshop.si\/sl\/wp-json\/wp\/v2\/product_tag?post=70053"}],"curies":[{"name":"wp","href":"https:\/\/api.w.org\/{rel}","templated":true}]}}