{"id":70005,"date":"2018-09-13T06:51:49","date_gmt":"2018-09-13T04:51:49","guid":{"rendered":"https:\/\/budoshop.si\/?product=stropna-rinka-za-obesanje-boksarske-vrece"},"modified":"2024-10-17T08:57:07","modified_gmt":"2024-10-17T06:57:07","slug":"stropna-rinka-za-obesanje-boksarske-vrece","status":"publish","type":"product","link":"https:\/\/www.budoshop.si\/sl\/izdelek\/stropna-rinka-za-obesanje-boksarske-vrece\/","title":{"rendered":"Stropna rinka za obe\u0161anje boksarske vre\u010de"},"content":{"rendered":"<div style=\"text-align: justify;\"><span style=\"color: #c00000;\"><span style=\"font-size: 15px;\">Mo\u010dan pritrdilni stropni nosilec z rinko za obe\u0161anje boksarske vre\u010de na strop. Nosilec je izdelan<span class=\"HwtZe\" lang=\"sl\"><span class=\"jCAhz ChMk0b\"><span class=\"ryNqvb\"> iz trdnega jekla za varno uporabo in z dolgo \u017eivljenjsko dobo.<br \/>\nNarejen je <\/span><\/span><\/span><span style=\"color: #c00000;\"><span style=\"line-height: 1.6em;\">tako, da se rinka vrti, zaradi \u010desar se vre\u010da <\/span><span style=\"line-height: 1.6em;\">prosto obra\u010da in ne zapleta. Vre\u010da se na rinko obesi s karabinom.<\/span><br \/>\n<span class=\"HwtZe\" lang=\"sl\"><span class=\"jCAhz ChMk0b\"><span class=\"ryNqvb\">Primerno tudi za obe\u0161anje boksarskih hitrih \u017eog od tal do stropa.<\/span><\/span><\/span><br \/>\n<\/span><span style=\"color: #c00000;\"><span style=\"line-height: 1.6em;\">Nosilec se na strop pritrdi z dvema vijakoma, ki ju izberete glede na material stropa (vijaka nista prilo\u017eena).<\/span><br \/>\n<\/span><\/span><br \/>\n<span style=\"font-size: 15px;\">Dimenzije: 10,5 x 3 cm.<\/span><br \/>\n<\/span><\/div>\n","protected":false},"excerpt":{"rendered":"<p><span style=\"color: #002060;\"><strong>Rotacijska rinka za stropno obe\u0161anje boksarskih vre\u010d.<\/strong><\/span><\/p>\n","protected":false},"featured_media":70007,"comment_status":"open","ping_status":"closed","template":"","meta":[],"product_brand":[],"product_cat":[1043,869],"product_tag":[],"class_list":{"0":"post-70005","1":"product","2":"type-product","3":"status-publish","4":"has-post-thumbnail","6":"product_cat-boks-kickbox-tajski-boks-mma","7":"product_cat-dodatki-1","9":"first","10":"instock","11":"taxable","12":"shipping-taxable","13":"purchasable","14":"product-type-simple"},"_links":{"self":[{"href":"https:\/\/www.budoshop.si\/sl\/wp-json\/wp\/v2\/product\/70005","targetHints":{"allow":["GET"]}}],"collection":[{"href":"https:\/\/www.budoshop.si\/sl\/wp-json\/wp\/v2\/product"}],"about":[{"href":"https:\/\/www.budoshop.si\/sl\/wp-json\/wp\/v2\/types\/product"}],"replies":[{"embeddable":true,"href":"https:\/\/www.budoshop.si\/sl\/wp-json\/wp\/v2\/comments?post=70005"}],"wp:featuredmedia":[{"embeddable":true,"href":"https:\/\/www.budoshop.si\/sl\/wp-json\/wp\/v2\/media\/70007"}],"wp:attachment":[{"href":"https:\/\/www.budoshop.si\/sl\/wp-json\/wp\/v2\/media?parent=70005"}],"wp:term":[{"taxonomy":"product_brand","embeddable":true,"href":"https:\/\/www.budoshop.si\/sl\/wp-json\/wp\/v2\/product_brand?post=70005"},{"taxonomy":"product_cat","embeddable":true,"href":"https:\/\/www.budoshop.si\/sl\/wp-json\/wp\/v2\/product_cat?post=70005"},{"taxonomy":"product_tag","embeddable":true,"href":"https:\/\/www.budoshop.si\/sl\/wp-json\/wp\/v2\/product_tag?post=70005"}],"curies":[{"name":"wp","href":"https:\/\/api.w.org\/{rel}","templated":true}]}}