{"id":69997,"date":"2018-09-13T06:51:49","date_gmt":"2018-09-13T06:51:49","guid":{"rendered":"https:\/\/budoshop.si\/?product=lezaj-za-boksarsko-hitro-zogo-hrusko"},"modified":"2024-04-08T19:18:45","modified_gmt":"2024-04-08T17:18:45","slug":"lezaj-za-boksarsko-hitro-zogo-hrusko","status":"publish","type":"product","link":"https:\/\/www.budoshop.si\/sl\/izdelek\/lezaj-za-boksarsko-hitro-zogo-hrusko\/","title":{"rendered":"Le\u017eaj za boksarsko hitro \u017eogo-hru\u0161ko"},"content":{"rendered":"<div style=\"text-align: justify;\"><span style=\"color: #c00000; font-size: 15px;\">Profesionalni le\u017eaj s katerim se boksarska hru\u0161ka za udarjanje pritrdi na konzolo. Le\u017eaj omogo\u010da, da se hru\u0161ka hitro in nemoteno vrti vse smeri.<\/span><\/div>\n","protected":false},"excerpt":{"rendered":"<p><span style=\"color: #003366;\"><strong>Profesionalni le\u017eaj za boksarsko hitro \u017eogo-hru\u0161ko.<\/strong><\/span><\/p>\n","protected":false},"featured_media":110381,"comment_status":"open","ping_status":"closed","template":"","meta":[],"product_brand":[],"product_cat":[1043,751,1083,1075],"product_tag":[],"class_list":{"0":"post-69997","1":"product","2":"type-product","3":"status-publish","4":"has-post-thumbnail","6":"product_cat-boks-kickbox-tajski-boks-mma","7":"product_cat-punching-ball-1","8":"product_cat-pride-3","9":"product_cat-pride-1","11":"first","12":"instock","13":"taxable","14":"shipping-taxable","15":"purchasable","16":"product-type-simple"},"_links":{"self":[{"href":"https:\/\/www.budoshop.si\/sl\/wp-json\/wp\/v2\/product\/69997","targetHints":{"allow":["GET"]}}],"collection":[{"href":"https:\/\/www.budoshop.si\/sl\/wp-json\/wp\/v2\/product"}],"about":[{"href":"https:\/\/www.budoshop.si\/sl\/wp-json\/wp\/v2\/types\/product"}],"replies":[{"embeddable":true,"href":"https:\/\/www.budoshop.si\/sl\/wp-json\/wp\/v2\/comments?post=69997"}],"wp:featuredmedia":[{"embeddable":true,"href":"https:\/\/www.budoshop.si\/sl\/wp-json\/wp\/v2\/media\/110381"}],"wp:attachment":[{"href":"https:\/\/www.budoshop.si\/sl\/wp-json\/wp\/v2\/media?parent=69997"}],"wp:term":[{"taxonomy":"product_brand","embeddable":true,"href":"https:\/\/www.budoshop.si\/sl\/wp-json\/wp\/v2\/product_brand?post=69997"},{"taxonomy":"product_cat","embeddable":true,"href":"https:\/\/www.budoshop.si\/sl\/wp-json\/wp\/v2\/product_cat?post=69997"},{"taxonomy":"product_tag","embeddable":true,"href":"https:\/\/www.budoshop.si\/sl\/wp-json\/wp\/v2\/product_tag?post=69997"}],"curies":[{"name":"wp","href":"https:\/\/api.w.org\/{rel}","templated":true}]}}