{"id":69989,"date":"2018-09-13T06:51:49","date_gmt":"2018-09-13T06:51:49","guid":{"rendered":"https:\/\/budoshop.si\/?product=usnjena-boksarska-hitra-zoga-hruska-za-udarjanje"},"modified":"2026-01-12T15:48:44","modified_gmt":"2026-01-12T14:48:44","slug":"usnjena-boksarska-hitra-zoga-hruska-za-udarjanje","status":"publish","type":"product","link":"https:\/\/www.budoshop.si\/sl\/izdelek\/usnjena-boksarska-hitra-zoga-hruska-za-udarjanje\/","title":{"rendered":"Usnjena boksarska hitra \u017eoga-hru\u0161ka za udarjanje &#8216;ZEBRA&#8217;"},"content":{"rendered":"<div style=\"text-align: justify;\">\n<p><span style=\"color: #993300; font-size: 15px;\">Profesionalna priljubljena usnjena boksarska hitrostna \u017eoga, pri nas bolj poznana kot boksarska hru\u0161ka. Uporablja se predvsem za razvijanje koordinacije, hitrosti in odzivnosti pri ro\u010dnih udarcih, s treningom na njej pa se razvija in utrjuje tudi ramenske in ro\u010dne mi\u0161ice ter splo\u0161no telesno kondicijo. Zato je primerna tako za izku\u0161ene tekmovalce kot za rekreativce, ki si \u017eelijo popestriti svoje treninge.<\/span><\/p>\n<p><span style=\"font-size: 15px; color: #993300;\">Ta boksarska hru\u0161ka je izdelana iz napihljivega jedra in pravega usnja, ki zagotavlja dolgo \u017eivljenjsko dobo. Skupaj z obro\u010dem za obe\u0161anje in ventil\u010dkom za napihovanje.<\/span><\/p>\n<p><span style=\"font-size: 15px; color: #993300;\">\u010crne barve, znamke Zebra.<\/span><\/p>\n<p><span style=\"color: #993300; font-size: 15px;\">Hitro \u017eogo, imenovane so tudi kot hitra vre\u010da, se obesi na poseben vrtljivi obe\u0161alnik z le\u017eajem. <\/span><\/p>\n<\/div>\n<div style=\"text-align: justify;\">\n<p>&nbsp;<\/p>\n<\/div>\n<div style=\"text-align: justify;\"><span style=\"color: #993300; font-size: 15px;\">Velikost: <\/span><span style=\"color: #993300; font-size: 15px;\">cca. 23 x 16 cm<\/span><\/div>\n<div style=\"text-align: justify;\">\n<p>&nbsp;<\/p>\n<\/div>\n","protected":false},"excerpt":{"rendered":"<p><span style=\"color: #002060;\"><strong>Profesionalna usnjena vise\u010da napihljiva boksarska hitra \u017eoga-hru\u0161ka za udarjanje in montiranje na stojalo.<\/strong><\/span><\/p>\n","protected":false},"featured_media":69991,"comment_status":"open","ping_status":"closed","template":"","meta":[],"product_brand":[5599],"product_cat":[1043,751,1105,1103],"product_tag":[],"class_list":{"0":"post-69989","1":"product","2":"type-product","3":"status-publish","4":"has-post-thumbnail","6":"product_brand-zebra","7":"product_cat-boks-kickbox-tajski-boks-mma","8":"product_cat-punching-ball-1","9":"product_cat-zebra-3","10":"product_cat-zebra-1","11":"pa_velikost-s-sl-2","12":"pa_velikost-m-sl-2","14":"first","15":"instock","16":"taxable","17":"shipping-taxable","18":"purchasable","19":"product-type-simple"},"_links":{"self":[{"href":"https:\/\/www.budoshop.si\/sl\/wp-json\/wp\/v2\/product\/69989","targetHints":{"allow":["GET"]}}],"collection":[{"href":"https:\/\/www.budoshop.si\/sl\/wp-json\/wp\/v2\/product"}],"about":[{"href":"https:\/\/www.budoshop.si\/sl\/wp-json\/wp\/v2\/types\/product"}],"replies":[{"embeddable":true,"href":"https:\/\/www.budoshop.si\/sl\/wp-json\/wp\/v2\/comments?post=69989"}],"wp:featuredmedia":[{"embeddable":true,"href":"https:\/\/www.budoshop.si\/sl\/wp-json\/wp\/v2\/media\/69991"}],"wp:attachment":[{"href":"https:\/\/www.budoshop.si\/sl\/wp-json\/wp\/v2\/media?parent=69989"}],"wp:term":[{"taxonomy":"product_brand","embeddable":true,"href":"https:\/\/www.budoshop.si\/sl\/wp-json\/wp\/v2\/product_brand?post=69989"},{"taxonomy":"product_cat","embeddable":true,"href":"https:\/\/www.budoshop.si\/sl\/wp-json\/wp\/v2\/product_cat?post=69989"},{"taxonomy":"product_tag","embeddable":true,"href":"https:\/\/www.budoshop.si\/sl\/wp-json\/wp\/v2\/product_tag?post=69989"}],"curies":[{"name":"wp","href":"https:\/\/api.w.org\/{rel}","templated":true}]}}