{"id":69975,"date":"2018-09-13T06:51:49","date_gmt":"2018-09-13T06:51:49","guid":{"rendered":"https:\/\/budoshop.si\/?product=torba-za-orozje-long"},"modified":"2026-02-16T09:16:52","modified_gmt":"2026-02-16T08:16:52","slug":"torba-za-orozje-long","status":"publish","type":"product","link":"https:\/\/www.budoshop.si\/sl\/izdelek\/torba-za-orozje-long\/","title":{"rendered":"Torba za oro\u017eje &#8221;LONG&#8221;"},"content":{"rendered":"<div style=\"text-align: justify;\">\n<p><span style=\"font-size: 15px; color: #993300;\">Ta dolga vinilna torba \u010drne barve je namenjena varnemu prena\u0161anju dolgih oro\u017eji kot so Bo palica, Yari kopje, Naginata halebarda in podobno. Opremljena z nastavljivim ramenskim pasom za prena\u0161anje in \u017eepkom za lastnikovo ime in naslov.<\/span><\/p>\n<p><span style=\"font-size: 15px; color: #993300;\">Mere: cca. 190 x 15 cm.<\/span><\/p>\n<\/div>\n","protected":false},"excerpt":{"rendered":"<p><span style=\"color: #002060;\"><strong>Torba za prena\u0161anje palic in drugih dolgih oro\u017eji.<\/strong><\/span><\/p>\n","protected":false},"featured_media":69977,"comment_status":"open","ping_status":"closed","template":"","meta":[],"product_brand":[],"product_cat":[1035,1037,973],"product_tag":[],"class_list":{"0":"post-69975","1":"product","2":"type-product","3":"status-publish","4":"has-post-thumbnail","6":"product_cat-aikido-kendo-iai-kobudo-1","7":"product_cat-ninjutsu-3","8":"product_cat-torbe-za-orozja","10":"first","11":"outofstock","12":"taxable","13":"shipping-taxable","14":"purchasable","15":"product-type-simple"},"_links":{"self":[{"href":"https:\/\/www.budoshop.si\/sl\/wp-json\/wp\/v2\/product\/69975","targetHints":{"allow":["GET"]}}],"collection":[{"href":"https:\/\/www.budoshop.si\/sl\/wp-json\/wp\/v2\/product"}],"about":[{"href":"https:\/\/www.budoshop.si\/sl\/wp-json\/wp\/v2\/types\/product"}],"replies":[{"embeddable":true,"href":"https:\/\/www.budoshop.si\/sl\/wp-json\/wp\/v2\/comments?post=69975"}],"wp:featuredmedia":[{"embeddable":true,"href":"https:\/\/www.budoshop.si\/sl\/wp-json\/wp\/v2\/media\/69977"}],"wp:attachment":[{"href":"https:\/\/www.budoshop.si\/sl\/wp-json\/wp\/v2\/media?parent=69975"}],"wp:term":[{"taxonomy":"product_brand","embeddable":true,"href":"https:\/\/www.budoshop.si\/sl\/wp-json\/wp\/v2\/product_brand?post=69975"},{"taxonomy":"product_cat","embeddable":true,"href":"https:\/\/www.budoshop.si\/sl\/wp-json\/wp\/v2\/product_cat?post=69975"},{"taxonomy":"product_tag","embeddable":true,"href":"https:\/\/www.budoshop.si\/sl\/wp-json\/wp\/v2\/product_tag?post=69975"}],"curies":[{"name":"wp","href":"https:\/\/api.w.org\/{rel}","templated":true}]}}