{"id":69963,"date":"2018-09-13T06:51:49","date_gmt":"2018-09-13T06:51:49","guid":{"rendered":"https:\/\/budoshop.si\/?product=katana-set-aoi"},"modified":"2026-01-12T08:07:42","modified_gmt":"2026-01-12T07:07:42","slug":"katana-set-aoi","status":"publish","type":"product","link":"https:\/\/www.budoshop.si\/sl\/izdelek\/katana-set-aoi\/","title":{"rendered":"Katana set &#8221;AOI&#8221;"},"content":{"rendered":"<div style=\"text-align: justify;\">\n<p><span style=\"color: #993300; font-size: 15px;\">Celoten komplet okrasnih Samurajskih Katana me\u010dev. Komplet je sestavljen iz dolgega me\u010da (Katana), kraj\u0161ega me\u010da (Wakizashi) in no\u017ea (Tanto). Lesene no\u017enice so obarvane v \u010drno s kovinskimi zaklju\u010dki v srebrni barvi, ro\u010daji pa so v poviti v modro z japonskim simbolom na vrhu. Tsube (\u0161\u010ditnik) so srebrne barve z motivom zmaja. Rezila so izdelana iz nerjave\u010dega jekla in dobro uravnove\u0161ena. Me\u010di so primerni tako za dekoracijo prostora kot tudi za lahkoten trening. <\/span><\/p>\n<div style=\"text-align: justify;\">\n<p><span style=\"color: #993300; font-size: 15px;\">Mere: <\/span><br \/>\n<span style=\"color: #993300; font-size: 15px;\">&#8211; Katana: dol\u017eina rezila 68,5 cm, skupna dol\u017eina 98,5 cm, te\u017ea 6810 g (s Sayo 1.080 g)<br \/>\n&#8211; Wakizashi: dol\u017eina rezila 47,5 cm, skupna dol\u017eina 77,5 cm, te\u017ea 585 g (s Sayo 735 g)<br \/>\n&#8211; Tanto: dol\u017eina rezila 27 cm, skupna dol\u017eina 52 cm, te\u017ea 295 g (s Sayo 400 g)<\/span><\/p>\n<p><span style=\"font-size: 15px; color: #993300;\">Darilo: sestavljivo namizno stojalo \u010drne barve!<\/span><\/p>\n<p><span style=\"font-size: 15px; color: #993300;\">TA ARTIKEL PRODAJAMO SAMO POLNOLETNIM OSEBAM!!<\/span><\/p>\n<\/div>\n<\/div>\n","protected":false},"excerpt":{"rendered":"<p><span style=\"color: #003366;\"><strong>Komplet treh Samurajskih me\u010dev s stojalom.<\/strong><\/span><\/p>\n","protected":false},"featured_media":69965,"comment_status":"open","ping_status":"closed","template":"","meta":[],"product_brand":[],"product_cat":[1035,1037,761],"product_tag":[],"class_list":{"0":"post-69963","1":"product","2":"type-product","3":"status-publish","4":"has-post-thumbnail","6":"product_cat-aikido-kendo-iai-kobudo-1","7":"product_cat-ninjutsu-3","8":"product_cat-kompleti","10":"first","11":"instock","12":"taxable","13":"shipping-taxable","14":"purchasable","15":"product-type-simple"},"_links":{"self":[{"href":"https:\/\/www.budoshop.si\/sl\/wp-json\/wp\/v2\/product\/69963","targetHints":{"allow":["GET"]}}],"collection":[{"href":"https:\/\/www.budoshop.si\/sl\/wp-json\/wp\/v2\/product"}],"about":[{"href":"https:\/\/www.budoshop.si\/sl\/wp-json\/wp\/v2\/types\/product"}],"replies":[{"embeddable":true,"href":"https:\/\/www.budoshop.si\/sl\/wp-json\/wp\/v2\/comments?post=69963"}],"wp:featuredmedia":[{"embeddable":true,"href":"https:\/\/www.budoshop.si\/sl\/wp-json\/wp\/v2\/media\/69965"}],"wp:attachment":[{"href":"https:\/\/www.budoshop.si\/sl\/wp-json\/wp\/v2\/media?parent=69963"}],"wp:term":[{"taxonomy":"product_brand","embeddable":true,"href":"https:\/\/www.budoshop.si\/sl\/wp-json\/wp\/v2\/product_brand?post=69963"},{"taxonomy":"product_cat","embeddable":true,"href":"https:\/\/www.budoshop.si\/sl\/wp-json\/wp\/v2\/product_cat?post=69963"},{"taxonomy":"product_tag","embeddable":true,"href":"https:\/\/www.budoshop.si\/sl\/wp-json\/wp\/v2\/product_tag?post=69963"}],"curies":[{"name":"wp","href":"https:\/\/api.w.org\/{rel}","templated":true}]}}