{"id":69957,"date":"2018-09-13T06:51:49","date_gmt":"2018-09-13T04:51:49","guid":{"rendered":"https:\/\/budoshop.si\/?product=kolebnica-steel"},"modified":"2023-10-12T12:12:53","modified_gmt":"2023-10-12T10:12:53","slug":"kolebnica-steel","status":"publish","type":"product","link":"https:\/\/www.budoshop.si\/sl\/izdelek\/kolebnica-steel\/","title":{"rendered":"Kolebnica &#8221;STEEL&#8221;"},"content":{"rendered":"<div style=\"text-align: justify;\">\n<p><span style=\"color: #993300; font-size: 15px;\">S PVC-jem prevle\u010dena pletena jeklena kolebnica s plasti\u010dnimi ro\u010di nudi hitro in gladko vrtenje in je zato namenjena kvalitetnemu treningu. Lahka plasti\u010dna ro\u010da omogo\u010data naravno skakanje iz zapestij. Jezi\u010dka na ro\u010dih nudita hitro in enostavno prolagoditev dol\u017eine vrvice svojim potrebam.<\/span><\/p>\n<p><span style=\"font-size: 15px; color: #993300;\">Dol\u017eina: cca. 270cm<\/span><\/p>\n<\/div>\n","protected":false},"excerpt":{"rendered":"<p><span style=\"color: #002060;\"><strong>Nastavljiva jeklena kolebnica.<\/strong><\/span><\/p>\n","protected":false},"featured_media":69959,"comment_status":"open","ping_status":"closed","template":"","meta":[],"product_brand":[],"product_cat":[1043,1033,1031,1029,1119,1061,983,1039],"product_tag":[],"class_list":{"0":"post-69957","1":"product","2":"type-product","3":"status-publish","4":"has-post-thumbnail","6":"product_cat-boks-kickbox-tajski-boks-mma","7":"product_cat-ju-jitsujiu-jitsu-1","8":"product_cat-judo-1","9":"product_cat-karate-5","10":"product_cat-kolebnice","11":"product_cat-kwon-5","12":"product_cat-kwon-3","13":"product_cat-taekwondo-3","15":"first","16":"instock","17":"taxable","18":"shipping-taxable","19":"purchasable","20":"product-type-simple"},"_links":{"self":[{"href":"https:\/\/www.budoshop.si\/sl\/wp-json\/wp\/v2\/product\/69957","targetHints":{"allow":["GET"]}}],"collection":[{"href":"https:\/\/www.budoshop.si\/sl\/wp-json\/wp\/v2\/product"}],"about":[{"href":"https:\/\/www.budoshop.si\/sl\/wp-json\/wp\/v2\/types\/product"}],"replies":[{"embeddable":true,"href":"https:\/\/www.budoshop.si\/sl\/wp-json\/wp\/v2\/comments?post=69957"}],"wp:featuredmedia":[{"embeddable":true,"href":"https:\/\/www.budoshop.si\/sl\/wp-json\/wp\/v2\/media\/69959"}],"wp:attachment":[{"href":"https:\/\/www.budoshop.si\/sl\/wp-json\/wp\/v2\/media?parent=69957"}],"wp:term":[{"taxonomy":"product_brand","embeddable":true,"href":"https:\/\/www.budoshop.si\/sl\/wp-json\/wp\/v2\/product_brand?post=69957"},{"taxonomy":"product_cat","embeddable":true,"href":"https:\/\/www.budoshop.si\/sl\/wp-json\/wp\/v2\/product_cat?post=69957"},{"taxonomy":"product_tag","embeddable":true,"href":"https:\/\/www.budoshop.si\/sl\/wp-json\/wp\/v2\/product_tag?post=69957"}],"curies":[{"name":"wp","href":"https:\/\/api.w.org\/{rel}","templated":true}]}}