{"id":69947,"date":"2018-09-13T06:51:49","date_gmt":"2018-09-13T06:51:49","guid":{"rendered":"https:\/\/budoshop.si\/?product=oblozena-trening-palica-soft-big"},"modified":"2026-01-15T08:21:06","modified_gmt":"2026-01-15T07:21:06","slug":"oblozena-trening-palica-soft-big","status":"publish","type":"product","link":"https:\/\/www.budoshop.si\/sl\/izdelek\/oblozena-trening-palica-soft-big\/","title":{"rendered":"Oblo\u017eena trening palica &#8221;SOFT BIG&#8221;"},"content":{"rendered":"<div style=\"text-align: justify;\">\n<p><span style=\"font-size: 15px; color: #993300;\">Lahka plasti\u010dna trening palica oble\u010dena v \u010dvrsto peno. Odli\u010dna za trening borilnih ve\u0161\u010din brez po\u0161kodb ali kot pripravljalni trening borbe s palico. <\/span><\/p>\n<p><span style=\"font-size: 15px; color: #993300;\">Dol\u017eina cca. 65 cm<br \/>\nDebelina cca. 3,5 cm<\/span><\/p>\n<\/div>\n","protected":false},"excerpt":{"rendered":"<p><span style=\"color: #002060;\"><strong>Oblazinjena trening palica dol\u017eine cca. 65 cm.<\/strong><\/span><\/p>\n","protected":false},"featured_media":69949,"comment_status":"open","ping_status":"closed","template":"","meta":[],"product_brand":[5596],"product_cat":[1033,1037,725,983,1061],"product_tag":[],"class_list":{"0":"post-69947","1":"product","2":"type-product","3":"status-publish","4":"has-post-thumbnail","6":"product_brand-kwon","7":"product_cat-ju-jitsujiu-jitsu-1","8":"product_cat-ninjutsu-3","9":"product_cat-palice","10":"product_cat-kwon-3","11":"product_cat-kwon-5","13":"first","14":"instock","15":"taxable","16":"shipping-taxable","17":"purchasable","18":"product-type-simple"},"_links":{"self":[{"href":"https:\/\/www.budoshop.si\/sl\/wp-json\/wp\/v2\/product\/69947","targetHints":{"allow":["GET"]}}],"collection":[{"href":"https:\/\/www.budoshop.si\/sl\/wp-json\/wp\/v2\/product"}],"about":[{"href":"https:\/\/www.budoshop.si\/sl\/wp-json\/wp\/v2\/types\/product"}],"replies":[{"embeddable":true,"href":"https:\/\/www.budoshop.si\/sl\/wp-json\/wp\/v2\/comments?post=69947"}],"wp:featuredmedia":[{"embeddable":true,"href":"https:\/\/www.budoshop.si\/sl\/wp-json\/wp\/v2\/media\/69949"}],"wp:attachment":[{"href":"https:\/\/www.budoshop.si\/sl\/wp-json\/wp\/v2\/media?parent=69947"}],"wp:term":[{"taxonomy":"product_brand","embeddable":true,"href":"https:\/\/www.budoshop.si\/sl\/wp-json\/wp\/v2\/product_brand?post=69947"},{"taxonomy":"product_cat","embeddable":true,"href":"https:\/\/www.budoshop.si\/sl\/wp-json\/wp\/v2\/product_cat?post=69947"},{"taxonomy":"product_tag","embeddable":true,"href":"https:\/\/www.budoshop.si\/sl\/wp-json\/wp\/v2\/product_tag?post=69947"}],"curies":[{"name":"wp","href":"https:\/\/api.w.org\/{rel}","templated":true}]}}