{"id":69925,"date":"2018-09-13T06:51:49","date_gmt":"2018-09-13T06:51:49","guid":{"rendered":"https:\/\/budoshop.si\/?product=torba-za-orozje-wide"},"modified":"2026-02-16T09:15:19","modified_gmt":"2026-02-16T08:15:19","slug":"torba-za-orozje-wide","status":"publish","type":"product","link":"https:\/\/www.budoshop.si\/sl\/izdelek\/torba-za-orozje-wide\/","title":{"rendered":"Torba za oro\u017eje &#8221;WIDE&#8221;"},"content":{"rendered":"<div style=\"text-align: justify;\"><span style=\"color: #c00000; font-size: 15px;\">Ta, cca. 126 cm dolga vinilna torba za Katana, Bokken ali Shinai me\u010d je narejena tako, da se proti vrhu raz\u0161iri, kar pomeni, da vanjo lahko spravimo tudi oro\u017eja s \u0161ir\u0161imi \u0161\u010ditniki ali ro\u010daji, saj je na naj\u0161ir\u0161em delu \u0161iroka cca 14 cm. Zaradi svoje dol\u017eine je primerna tudi za dalj\u0161e Shinai bambusove me\u010de. Notranjost torbe je oble\u010dena v mehak material, ki \u0161\u010diti oro\u017eje pred zunanjimi vplivi. Torba se zapenja s kovinskim zati\u010dem, za la\u017eje prena\u0161anje pa je opremljena tudi s trakom za obe\u0161anje preko ramena.<\/span><\/div>\n<div style=\"text-align: justify;\"><span style=\"color: #c00000; font-size: 15px;\">\u00a0<\/span><\/div>\n<div style=\"text-align: justify;\"><span style=\"color: #c00000; font-size: small;\"><span style=\"font-size: 15px;\">Mere: cca. 108 x 14 cm<\/span><br \/>\n<\/span><\/div>\n<div style=\"text-align: justify;\"><\/div>\n","protected":false},"excerpt":{"rendered":"<p><span style=\"color: #002060;\"><strong>Raz\u0161irjena vinilna torba za Katano, Bokken ali Shinai.<\/strong><\/span><\/p>\n","protected":false},"featured_media":69927,"comment_status":"open","ping_status":"closed","template":"","meta":[],"product_brand":[],"product_cat":[1035,1037,973],"product_tag":[],"class_list":{"0":"post-69925","1":"product","2":"type-product","3":"status-publish","4":"has-post-thumbnail","6":"product_cat-aikido-kendo-iai-kobudo-1","7":"product_cat-ninjutsu-3","8":"product_cat-torbe-za-orozja","10":"first","11":"instock","12":"taxable","13":"shipping-taxable","14":"purchasable","15":"product-type-simple"},"_links":{"self":[{"href":"https:\/\/www.budoshop.si\/sl\/wp-json\/wp\/v2\/product\/69925","targetHints":{"allow":["GET"]}}],"collection":[{"href":"https:\/\/www.budoshop.si\/sl\/wp-json\/wp\/v2\/product"}],"about":[{"href":"https:\/\/www.budoshop.si\/sl\/wp-json\/wp\/v2\/types\/product"}],"replies":[{"embeddable":true,"href":"https:\/\/www.budoshop.si\/sl\/wp-json\/wp\/v2\/comments?post=69925"}],"wp:featuredmedia":[{"embeddable":true,"href":"https:\/\/www.budoshop.si\/sl\/wp-json\/wp\/v2\/media\/69927"}],"wp:attachment":[{"href":"https:\/\/www.budoshop.si\/sl\/wp-json\/wp\/v2\/media?parent=69925"}],"wp:term":[{"taxonomy":"product_brand","embeddable":true,"href":"https:\/\/www.budoshop.si\/sl\/wp-json\/wp\/v2\/product_brand?post=69925"},{"taxonomy":"product_cat","embeddable":true,"href":"https:\/\/www.budoshop.si\/sl\/wp-json\/wp\/v2\/product_cat?post=69925"},{"taxonomy":"product_tag","embeddable":true,"href":"https:\/\/www.budoshop.si\/sl\/wp-json\/wp\/v2\/product_tag?post=69925"}],"curies":[{"name":"wp","href":"https:\/\/api.w.org\/{rel}","templated":true}]}}