{"id":69811,"date":"2018-09-13T06:51:49","date_gmt":"2018-09-13T04:51:49","guid":{"rendered":"https:\/\/budoshop.si\/?product=kikboks-nastanek-in-razvoj-v-svetu-in-pri-nas"},"modified":"2024-02-13T12:21:18","modified_gmt":"2024-02-13T11:21:18","slug":"kikboks-nastanek-in-razvoj-v-svetu-in-pri-nas","status":"publish","type":"product","link":"https:\/\/www.budoshop.si\/sl\/izdelek\/kikboks-nastanek-in-razvoj-v-svetu-in-pri-nas\/","title":{"rendered":"Kikboks &#8211; Nastanek in razvoj v svetu in pri nas"},"content":{"rendered":"<div style=\"text-align: justify;\">\n<p><span style=\"font-size: 15px; color: #993300;\">V tej knjigi avtor zdru\u017euje zanimive informacije o nastanku in razvoju borilnih \u0161portov (Karate, Ful kontakt, Kikboks), o legendah tega \u0161porta, organizacijah, tekmovanjih &#8230;<br \/>\nPodrobno raz\u010dlenjuje podobnosti med borilnimi \u0161porti in jih primerja med seboj po izbranih kriterijih.<br \/>\nKnjiga je posve\u010dena slovenskemu kikboksu, vsem uspe\u0161nim tekmovalcem, trenerjem in sodnikom, prav tako tudi vsem tistim, ki so tako ali druga\u010de povezani s tem \u0161portom in so v te\u017eavnih \u010dasih vztrajali ter prispevali svoj dele\u017e k razvoju in uveljavitvi te \u0161portne discipline. <\/span><\/p>\n<p><span style=\"font-size: 15px; color: #993300;\">Iz vsebine: zgodovina borilnih ve\u0161\u010din, kikboks, razvoj kikboksa v svetu, organizacijem razvoj kikboksa v sloveniji, uspehi, grdacija \u0161portnosti borbe, primerjava med razli\u010dnimi disciplinami &#8230;<\/span><\/p>\n<p><span style=\"font-size: 15px; color: #993300;\">110 strani, ve\u010d kot 70 barvnih fotografij, trde platnice<\/span><\/p>\n<\/div>\n","protected":false},"excerpt":{"rendered":"<p><span style=\"color: #002060;\"><strong>Avtor: Vladimir SITAR<\/strong><\/span><\/p>\n","protected":false},"featured_media":69813,"comment_status":"open","ping_status":"closed","template":"","meta":[],"product_brand":[],"product_cat":[1043,777],"product_tag":[],"class_list":{"0":"post-69811","1":"product","2":"type-product","3":"status-publish","4":"has-post-thumbnail","6":"product_cat-boks-kickbox-tajski-boks-mma","7":"product_cat-knjige-v-slovenscini","9":"first","10":"instock","11":"taxable","12":"shipping-taxable","13":"purchasable","14":"product-type-simple"},"_links":{"self":[{"href":"https:\/\/www.budoshop.si\/sl\/wp-json\/wp\/v2\/product\/69811","targetHints":{"allow":["GET"]}}],"collection":[{"href":"https:\/\/www.budoshop.si\/sl\/wp-json\/wp\/v2\/product"}],"about":[{"href":"https:\/\/www.budoshop.si\/sl\/wp-json\/wp\/v2\/types\/product"}],"replies":[{"embeddable":true,"href":"https:\/\/www.budoshop.si\/sl\/wp-json\/wp\/v2\/comments?post=69811"}],"wp:featuredmedia":[{"embeddable":true,"href":"https:\/\/www.budoshop.si\/sl\/wp-json\/wp\/v2\/media\/69813"}],"wp:attachment":[{"href":"https:\/\/www.budoshop.si\/sl\/wp-json\/wp\/v2\/media?parent=69811"}],"wp:term":[{"taxonomy":"product_brand","embeddable":true,"href":"https:\/\/www.budoshop.si\/sl\/wp-json\/wp\/v2\/product_brand?post=69811"},{"taxonomy":"product_cat","embeddable":true,"href":"https:\/\/www.budoshop.si\/sl\/wp-json\/wp\/v2\/product_cat?post=69811"},{"taxonomy":"product_tag","embeddable":true,"href":"https:\/\/www.budoshop.si\/sl\/wp-json\/wp\/v2\/product_tag?post=69811"}],"curies":[{"name":"wp","href":"https:\/\/api.w.org\/{rel}","templated":true}]}}