{"id":69803,"date":"2018-09-13T06:51:49","date_gmt":"2018-09-13T06:51:49","guid":{"rendered":"https:\/\/budoshop.si\/?product=ninja-spikes-metalne-konice"},"modified":"2026-01-22T13:09:52","modified_gmt":"2026-01-22T12:09:52","slug":"ninja-spikes-metalne-konice","status":"publish","type":"product","link":"https:\/\/www.budoshop.si\/sl\/izdelek\/ninja-spikes-metalne-konice\/","title":{"rendered":"3 Ninja spikes metalne konice"},"content":{"rendered":"<div style=\"text-align: justify;\">\n<p style=\"vertical-align: top;\"><span style=\"color: #993300; font-size: 15px;\">Te kovinske konice so namenjene samo-obrambi in treningu metanja v za to namenjeno tar\u010do. Vsaka od konic je dolga cca. 15 cm, za\u0161iljena na obeh koncih ter narejena iz oja\u010dane kovine. Set vsebuje 3 konice in poseben etui narejen iz mo\u010dnej\u0161ega materiala, ki se ga z dvema trakovoma pripne na roko.<br \/>\n<span class=\"HwtZe\" lang=\"sl\"><span class=\"jCAhz ChMk0b\"><span class=\"ryNqvb\"><br \/>\nMaterial: ogljikovo jeklo<\/span><\/span><br \/>\n<span class=\"jCAhz ChMk0b\"><span class=\"ryNqvb\">Etui: najlon<\/span><\/span><br \/>\n<span class=\"jCAhz ChMk0b\"><span class=\"ryNqvb\">Skupna dol\u017eina: 150 mm<\/span><\/span><br \/>\n<span class=\"jCAhz ChMk0b\"><span class=\"ryNqvb\">Te\u017ea (na konico): 45 g<\/span><\/span><\/span><br \/>\n<\/span><\/p>\n<p><span style=\"font-size: 15px; color: #993300;\">Pozor: konice so namenjene za metanje v posebej za to namenjene tar\u010de!<\/span><\/p>\n<p><span style=\"font-size: 15px; color: #993300;\">Ta artikel prodajamo samo starej\u0161im od 18 let!<\/span><\/p>\n<p>&nbsp;<\/p>\n<p style=\"vertical-align: top;\"><span style=\"color: #c00000;\"><span style=\"font-size: 11px; color: #993300;\">Opozorilo!<\/span><br \/>\n<span style=\"font-size: 11px; color: #993300;\">\u25ba Artikel je namenjen samo dekorativni uporabi oziroma osebnemu treningu borilnih ve\u0161\u010din.<\/span><br \/>\n<span style=\"font-size: 11px; color: #993300;\">\u25ba Po prodaji, prodajalec ni ve\u010d odgovoren za nikakr\u0161ne po\u0161kodbe, ki se lahko zgodijo zaradi napa\u010dne uporabe ali zanemarjanja teh opozoril. Novi lastnik prevzema popolno odgovornost za skrb in uporabo tega artikla.<\/span><br \/>\n<span style=\"font-size: 11px; color: #993300;\">\u25ba Vsakr\u0161na napa\u010dna uporaba ali nepazljivost lahko vam ali drugemu povzro\u010di resne po\u0161kodbe ali celo smrt!<\/span><br \/>\n<span style=\"font-size: 11px; color: #993300;\">\u25ba Ta artikel se v nobenem primeru ne sme uporabljati na drugi osebi!<\/span><br \/>\n<\/span><\/p>\n<p>&nbsp;<\/p>\n<\/div>\n","protected":false},"excerpt":{"rendered":"<p><span style=\"color: #002060;\"><strong>Set obojestransko za\u0161iljenih Ninja konic z etuijem.<\/strong><\/span><\/p>\n","protected":false},"featured_media":110182,"comment_status":"open","ping_status":"closed","template":"","meta":[],"product_brand":[5610],"product_cat":[1037,847,813,731,5369,5376,5374],"product_tag":[],"class_list":{"0":"post-69803","1":"product","2":"type-product","3":"status-publish","4":"has-post-thumbnail","6":"product_brand-haller","7":"product_cat-ninjutsu-3","8":"product_cat-ninja-1","9":"product_cat-nozi","10":"product_cat-ostalo-2","11":"product_cat-metalni-nozi","12":"product_cat-haller-2","13":"product_cat-haller-sl","15":"first","16":"instock","17":"taxable","18":"shipping-taxable","19":"purchasable","20":"product-type-simple"},"_links":{"self":[{"href":"https:\/\/www.budoshop.si\/sl\/wp-json\/wp\/v2\/product\/69803","targetHints":{"allow":["GET"]}}],"collection":[{"href":"https:\/\/www.budoshop.si\/sl\/wp-json\/wp\/v2\/product"}],"about":[{"href":"https:\/\/www.budoshop.si\/sl\/wp-json\/wp\/v2\/types\/product"}],"replies":[{"embeddable":true,"href":"https:\/\/www.budoshop.si\/sl\/wp-json\/wp\/v2\/comments?post=69803"}],"wp:featuredmedia":[{"embeddable":true,"href":"https:\/\/www.budoshop.si\/sl\/wp-json\/wp\/v2\/media\/110182"}],"wp:attachment":[{"href":"https:\/\/www.budoshop.si\/sl\/wp-json\/wp\/v2\/media?parent=69803"}],"wp:term":[{"taxonomy":"product_brand","embeddable":true,"href":"https:\/\/www.budoshop.si\/sl\/wp-json\/wp\/v2\/product_brand?post=69803"},{"taxonomy":"product_cat","embeddable":true,"href":"https:\/\/www.budoshop.si\/sl\/wp-json\/wp\/v2\/product_cat?post=69803"},{"taxonomy":"product_tag","embeddable":true,"href":"https:\/\/www.budoshop.si\/sl\/wp-json\/wp\/v2\/product_tag?post=69803"}],"curies":[{"name":"wp","href":"https:\/\/api.w.org\/{rel}","templated":true}]}}