{"id":69781,"date":"2018-09-13T06:51:49","date_gmt":"2018-09-13T06:51:49","guid":{"rendered":"https:\/\/budoshop.si\/?product=kubotan-obesek-za-samoobrambo"},"modified":"2026-01-19T11:01:43","modified_gmt":"2026-01-19T10:01:43","slug":"kubotan-obesek-za-samoobrambo","status":"publish","type":"product","link":"https:\/\/www.budoshop.si\/sl\/izdelek\/kubotan-obesek-za-samoobrambo\/","title":{"rendered":"Kubotan obesek za samoobrambo &#8221;POINT&#8221;"},"content":{"rendered":"<div style=\"text-align: justify;\">\n<p><span style=\"color: #993300; font-size: 15px;\">Kubotan je u\u010dinkovit samoobramben pripomo\u010dek, ki lahko hitro onesposobi napadalca. Izredno priljubljen je med mnogimi entuziasti borilnih ve\u0161\u010din. Uporablja se ga lahko za oja\u010danje svoje pesti, pritiske na ob\u010dutljive to\u010dke ali izvajanje vzvodov na nasprotnikovih prstih ali zapestju. <\/span><\/p>\n<p><span style=\"font-size: 15px; color: #993300;\">Modeli, ki jih nudimo so udobni in lahki, imajo vitek koni\u010dast vrh in \u0161tiri gladke utore za prste. Vklju\u010dena je tudi rinka za obe\u0161anje klju\u010dev ali zatik palca.<\/span><\/p>\n<p><span style=\"font-size: 15px; color: #993300;\">Kubotan ima multifunkcijsko uporabo in je primeren za vsakogar.<\/span><\/p>\n<p><span style=\"font-size: 15px; color: #993300;\">Dol\u017eina: cca. 15cm<\/span><\/p>\n<p><span style=\"font-size: 15px; color: #993300;\">Barve: kovinska, \u010drna, modra, rde\u010da, pozla\u010dena<\/span><\/p>\n<p><span style=\"font-size: 15px; color: #993300;\">Obesite svoj Kubotan na svoje klju\u010de in tako vedno imejte s seboj svoje samo-obrambno oro\u017eje!<\/span><\/p>\n<\/div>\n","protected":false},"excerpt":{"rendered":"<p><span style=\"color: #002060;\"><strong>Koni\u010dast Kubotan samo-obrambni obesek za klju\u010de.<\/strong><\/span><\/p>\n","protected":false},"featured_media":117728,"comment_status":"open","ping_status":"closed","template":"","meta":[],"product_brand":[5595],"product_cat":[1035,1085,1087,1033,1031,1029,847,1037,731],"product_tag":[],"class_list":{"0":"post-69781","1":"product","2":"type-product","3":"status-publish","4":"has-post-thumbnail","6":"product_brand-ju-sports","7":"product_cat-aikido-kendo-iai-kobudo-1","8":"product_cat-dax-1","9":"product_cat-dax-3","10":"product_cat-ju-jitsujiu-jitsu-1","11":"product_cat-judo-1","12":"product_cat-karate-5","13":"product_cat-ninja-1","14":"product_cat-ninjutsu-3","15":"product_cat-ostalo-2","16":"pa_barva-crne-barve-sl-2","17":"pa_barva-modre-barve-en","18":"pa_barva-rdece-barve-en","19":"pa_barva-srebrna-sl","20":"pa_barva-zlate-barve-sl","22":"first","23":"instock","24":"taxable","25":"shipping-taxable","26":"purchasable","27":"product-type-variable"},"_links":{"self":[{"href":"https:\/\/www.budoshop.si\/sl\/wp-json\/wp\/v2\/product\/69781","targetHints":{"allow":["GET"]}}],"collection":[{"href":"https:\/\/www.budoshop.si\/sl\/wp-json\/wp\/v2\/product"}],"about":[{"href":"https:\/\/www.budoshop.si\/sl\/wp-json\/wp\/v2\/types\/product"}],"replies":[{"embeddable":true,"href":"https:\/\/www.budoshop.si\/sl\/wp-json\/wp\/v2\/comments?post=69781"}],"wp:featuredmedia":[{"embeddable":true,"href":"https:\/\/www.budoshop.si\/sl\/wp-json\/wp\/v2\/media\/117728"}],"wp:attachment":[{"href":"https:\/\/www.budoshop.si\/sl\/wp-json\/wp\/v2\/media?parent=69781"}],"wp:term":[{"taxonomy":"product_brand","embeddable":true,"href":"https:\/\/www.budoshop.si\/sl\/wp-json\/wp\/v2\/product_brand?post=69781"},{"taxonomy":"product_cat","embeddable":true,"href":"https:\/\/www.budoshop.si\/sl\/wp-json\/wp\/v2\/product_cat?post=69781"},{"taxonomy":"product_tag","embeddable":true,"href":"https:\/\/www.budoshop.si\/sl\/wp-json\/wp\/v2\/product_tag?post=69781"}],"curies":[{"name":"wp","href":"https:\/\/api.w.org\/{rel}","templated":true}]}}