{"id":69765,"date":"2018-09-13T06:51:49","date_gmt":"2018-09-13T06:51:49","guid":{"rendered":"https:\/\/budoshop.si\/?product=namizni-gong"},"modified":"2026-01-19T17:14:55","modified_gmt":"2026-01-19T16:14:55","slug":"namizni-gong","status":"publish","type":"product","link":"https:\/\/www.budoshop.si\/sl\/izdelek\/namizni-gong\/","title":{"rendered":"Namizni GONG"},"content":{"rendered":"<div style=\"text-align: justify;\">\n<p><span style=\"font-size: 15px; color: #993300;\">Gong je v borilnih ve\u0161\u010dinah namenjen ozna\u010devanju za\u010detka, konca ali premora borb. Prav tako se uporablja za prekinitve vodenih meditacij. <\/span><\/p>\n<p><span style=\"font-size: 15px; color: #993300;\">Gong, ki ga nudimo sestavljen kovinskega stojala, vi\u0161e\u010dega kovinskega gonga in kladivca. <\/span><\/p>\n<p><span style=\"font-size: 15px; color: #993300;\">Mere: cca. 18 cm x 15 cm.<\/span><\/p>\n<\/div>\n","protected":false},"excerpt":{"rendered":"<p><span style=\"color: #002060;\"><strong>Kovinski namizni gong s kladivcem.<\/strong><\/span><\/p>\n","protected":false},"featured_media":69767,"comment_status":"open","ping_status":"closed","template":"","meta":[],"product_brand":[5608],"product_cat":[1033,1031,1029,1041,841,811,1087,1085],"product_tag":[],"class_list":{"0":"post-69765","1":"product","2":"type-product","3":"status-publish","4":"has-post-thumbnail","6":"product_brand-dax","7":"product_cat-ju-jitsujiu-jitsu-1","8":"product_cat-judo-1","9":"product_cat-karate-5","10":"product_cat-tai-chi-kunf-fu-wu-shu-1","11":"product_cat-ostalo-4","12":"product_cat-merilci-in-semaforji-za-borilne-vescine","13":"product_cat-dax-3","14":"product_cat-dax-1","16":"first","17":"instock","18":"taxable","19":"shipping-taxable","20":"purchasable","21":"product-type-simple"},"_links":{"self":[{"href":"https:\/\/www.budoshop.si\/sl\/wp-json\/wp\/v2\/product\/69765","targetHints":{"allow":["GET"]}}],"collection":[{"href":"https:\/\/www.budoshop.si\/sl\/wp-json\/wp\/v2\/product"}],"about":[{"href":"https:\/\/www.budoshop.si\/sl\/wp-json\/wp\/v2\/types\/product"}],"replies":[{"embeddable":true,"href":"https:\/\/www.budoshop.si\/sl\/wp-json\/wp\/v2\/comments?post=69765"}],"wp:featuredmedia":[{"embeddable":true,"href":"https:\/\/www.budoshop.si\/sl\/wp-json\/wp\/v2\/media\/69767"}],"wp:attachment":[{"href":"https:\/\/www.budoshop.si\/sl\/wp-json\/wp\/v2\/media?parent=69765"}],"wp:term":[{"taxonomy":"product_brand","embeddable":true,"href":"https:\/\/www.budoshop.si\/sl\/wp-json\/wp\/v2\/product_brand?post=69765"},{"taxonomy":"product_cat","embeddable":true,"href":"https:\/\/www.budoshop.si\/sl\/wp-json\/wp\/v2\/product_cat?post=69765"},{"taxonomy":"product_tag","embeddable":true,"href":"https:\/\/www.budoshop.si\/sl\/wp-json\/wp\/v2\/product_tag?post=69765"}],"curies":[{"name":"wp","href":"https:\/\/api.w.org\/{rel}","templated":true}]}}