{"id":69651,"date":"2018-09-13T06:51:49","date_gmt":"2018-09-13T06:51:49","guid":{"rendered":"https:\/\/budoshop.si\/?product=taekwondo-rokavice-taekwondo-ce"},"modified":"2026-01-09T09:56:47","modified_gmt":"2026-01-09T08:56:47","slug":"taekwondo-rokavice-taekwondo-ce","status":"publish","type":"product","link":"https:\/\/www.budoshop.si\/sl\/izdelek\/taekwondo-rokavice-taekwondo-ce\/","title":{"rendered":"Taekwondo rokavice &#8221;TAEKWONDO&#8221;"},"content":{"rendered":"<div style=\"text-align: justify;\">\n<p><span style=\"font-size: 15px; color: #993300;\">Rokavice za TAEKWONDO, narejene v skladu z zadnjimi pravili in predpisi WT-ja.<br \/>\nRokavice za Taekwondo so narejene iz najbolj kvalitetnega PU materiala in oblazinjene s posebno EVA peno in zato izredno lahkotne, pa kljub temu mo\u010dne in obstojne. Taekwondo rokavice so ergonomi\u010dno oblikovane s prostimi prsti in se zapenjajo z elasti\u010dnim pasom, ki ga ovijemo okrog zapestja ter pritrdimo z je\u017ekom kar nudi dobro prilagodljivost, trden oprijem in hitro ter enostavno natikanje in snemanje iz dlni. Atraktivna belo \u010drna barva dela te Taekwondo rokavice tudi zelo moderne. <\/span><\/p>\n<p><span style=\"color: #993300; font-size: 15px;\"><strong>Ta artikel je odobren iz strani WT<\/strong>-ja (World Taekwondo Federation)!<\/span><\/p>\n<p><span style=\"color: #993300; font-size: 15px;\">Ustreza CE standardom!<\/span><\/p>\n<p><span style=\"font-size: 15px; color: #993300;\">Velikosti: XS &#8211; S &#8211; M &#8211; L &#8211; XL.<\/span><\/p>\n<p>&nbsp;<\/p>\n<\/div>\n","protected":false},"excerpt":{"rendered":"<p><span style=\"color: #002060;\"><strong>WT verificirane tekmovalne Taekwondo rokavice.<\/strong><\/span><\/p>\n","protected":false},"featured_media":69653,"comment_status":"open","ping_status":"closed","template":"","meta":[],"product_brand":[5596],"product_cat":[1039,965,983,1061],"product_tag":[],"class_list":{"0":"post-69651","1":"product","2":"type-product","3":"status-publish","4":"has-post-thumbnail","6":"product_brand-kwon","7":"product_cat-taekwondo-3","8":"product_cat-taekwondo-rokavice","9":"product_cat-kwon-3","10":"product_cat-kwon-5","12":"first","13":"instock","14":"taxable","15":"shipping-taxable","16":"purchasable","17":"product-type-variable"},"_links":{"self":[{"href":"https:\/\/www.budoshop.si\/sl\/wp-json\/wp\/v2\/product\/69651","targetHints":{"allow":["GET"]}}],"collection":[{"href":"https:\/\/www.budoshop.si\/sl\/wp-json\/wp\/v2\/product"}],"about":[{"href":"https:\/\/www.budoshop.si\/sl\/wp-json\/wp\/v2\/types\/product"}],"replies":[{"embeddable":true,"href":"https:\/\/www.budoshop.si\/sl\/wp-json\/wp\/v2\/comments?post=69651"}],"wp:featuredmedia":[{"embeddable":true,"href":"https:\/\/www.budoshop.si\/sl\/wp-json\/wp\/v2\/media\/69653"}],"wp:attachment":[{"href":"https:\/\/www.budoshop.si\/sl\/wp-json\/wp\/v2\/media?parent=69651"}],"wp:term":[{"taxonomy":"product_brand","embeddable":true,"href":"https:\/\/www.budoshop.si\/sl\/wp-json\/wp\/v2\/product_brand?post=69651"},{"taxonomy":"product_cat","embeddable":true,"href":"https:\/\/www.budoshop.si\/sl\/wp-json\/wp\/v2\/product_cat?post=69651"},{"taxonomy":"product_tag","embeddable":true,"href":"https:\/\/www.budoshop.si\/sl\/wp-json\/wp\/v2\/product_tag?post=69651"}],"curies":[{"name":"wp","href":"https:\/\/api.w.org\/{rel}","templated":true}]}}