{"id":69641,"date":"2018-09-13T06:51:49","date_gmt":"2018-09-13T06:51:49","guid":{"rendered":"https:\/\/budoshop.si\/?product=torba-za-sai"},"modified":"2026-02-16T09:16:20","modified_gmt":"2026-02-16T08:16:20","slug":"torba-za-sai","status":"publish","type":"product","link":"https:\/\/www.budoshop.si\/sl\/izdelek\/torba-za-sai\/","title":{"rendered":"Torba za SAI"},"content":{"rendered":"<div style=\"text-align: justify;\">\n<p><span style=\"font-size: 15px; color: #993300;\">Torba s katero lahko svoja SAI trozobca prena\u0161ate varno, brez skrbi, da bi se obtokla, po\u0161kodovala ali proizvajala zvok medsebojnega udarjanja. <\/span><\/p>\n<p><span style=\"font-size: 15px; color: #993300;\">Torba je narejena iz umetnega usnja, z dvema ro\u010dema za prena\u0161anje, zapira pa se z zadrgo. Notranja stran torbe je rahlo oblazinjena in rde\u010de barve tako, da Sai v njej izgleda \u0161e posebno atraktivno in sve\u010dano. Vsak od Sai-ev se vtakne v poseben predal\u010dek na notranjih stranicah torbe, ti pa sta lo\u010dene s posebno pregrado. <\/span><\/p>\n<p><span style=\"font-size: 15px; color: #993300;\">Dol\u017eina cca. 57 cm, \u0161irina cca. 20 cm<\/span><\/p>\n<\/div>\n","protected":false},"excerpt":{"rendered":"<p><span style=\"color: #003366;\"><strong>Torba za varno prena\u0161anje para Sai-jev.<\/strong><\/span><\/p>\n","protected":false},"featured_media":69643,"comment_status":"open","ping_status":"closed","template":"","meta":[],"product_brand":[5608],"product_cat":[1035,1085,1087,973],"product_tag":[],"class_list":{"0":"post-69641","1":"product","2":"type-product","3":"status-publish","4":"has-post-thumbnail","6":"product_brand-dax","7":"product_cat-aikido-kendo-iai-kobudo-1","8":"product_cat-dax-1","9":"product_cat-dax-3","10":"product_cat-torbe-za-orozja","12":"first","13":"outofstock","14":"taxable","15":"shipping-taxable","16":"purchasable","17":"product-type-simple"},"_links":{"self":[{"href":"https:\/\/www.budoshop.si\/sl\/wp-json\/wp\/v2\/product\/69641","targetHints":{"allow":["GET"]}}],"collection":[{"href":"https:\/\/www.budoshop.si\/sl\/wp-json\/wp\/v2\/product"}],"about":[{"href":"https:\/\/www.budoshop.si\/sl\/wp-json\/wp\/v2\/types\/product"}],"replies":[{"embeddable":true,"href":"https:\/\/www.budoshop.si\/sl\/wp-json\/wp\/v2\/comments?post=69641"}],"wp:featuredmedia":[{"embeddable":true,"href":"https:\/\/www.budoshop.si\/sl\/wp-json\/wp\/v2\/media\/69643"}],"wp:attachment":[{"href":"https:\/\/www.budoshop.si\/sl\/wp-json\/wp\/v2\/media?parent=69641"}],"wp:term":[{"taxonomy":"product_brand","embeddable":true,"href":"https:\/\/www.budoshop.si\/sl\/wp-json\/wp\/v2\/product_brand?post=69641"},{"taxonomy":"product_cat","embeddable":true,"href":"https:\/\/www.budoshop.si\/sl\/wp-json\/wp\/v2\/product_cat?post=69641"},{"taxonomy":"product_tag","embeddable":true,"href":"https:\/\/www.budoshop.si\/sl\/wp-json\/wp\/v2\/product_tag?post=69641"}],"curies":[{"name":"wp","href":"https:\/\/api.w.org\/{rel}","templated":true}]}}