{"id":69607,"date":"2018-09-13T06:51:49","date_gmt":"2018-09-13T06:51:49","guid":{"rendered":"https:\/\/budoshop.si\/?product=kitajske-baoding-kroglice"},"modified":"2024-09-10T10:05:51","modified_gmt":"2024-09-10T08:05:51","slug":"kitajske-baoding-kroglice","status":"publish","type":"product","link":"https:\/\/www.budoshop.si\/sl\/izdelek\/kitajske-baoding-kroglice\/","title":{"rendered":"Kitajske Baoding kroglice"},"content":{"rendered":"<div style=\"text-align: justify;\">\n<p><span style=\"color: #993300; font-size: 15px;\">Trdo polirane kitajske Baoding kroglice namenjene vrtenju v dlani imajo izredno dolgo tradicijo. Njihova proizvodnja se je v kitajskem mestu Baoding za\u010dela \u017ee v letu 960 in se v \u010dasu Mingove dinastije zelo raz\u0161irila. Takratni cesar je bil nad njimi navdu\u0161en zato jih je dal izdelati za vso cesarsko dru\u017eino in njihovo vojsko.<br \/>\nKitajske Baoding kroglice delujejo tako, da se z vrtenjem v dlani v eno in drugo stran vzpodbuja razli\u010dne akupunkturne to\u010dke na dlani in prstih, s tem pa tudi notranje organe, ki so povezani s temi to\u010dkami, vklju\u010dno z mo\u017egani, jetri, vranico, plju\u010di, ledvicami, \u017eol\u010dnikom, \u017eelodcem, \u010drevesjem itd. Vrtenje vzpodbuja pretok in kro\u017eenje energije ter ve\u010djo prekrvavitev v telesu in zato kroglice posredno uravnavajo delovanje krvi in energije, mi\u0161ice postajajo gib\u010dnej\u0161e, kosti mo\u010dnej\u0161e, um treznej\u0161i itd. Nekaj minutna vadba na dan prepre\u010duje in zdravi tudi visok krvni tlak, tresenje rok, laj\u0161a te\u017eave pri artritisu in \u0161e mnogih drugih tegobah. Z njimi umirjamo telo in um in seveda razvijamo spretnost dlani in prstov ter ja\u010damo ro\u010dne mi\u0161ice.<\/span><\/p>\n<p><span style=\"font-size: 15px; color: #993300;\">V kompletu sta dve kroglici, ki se nahajata v posebno oblikovani in dekorirani \u0161katli. Skupaj z navodili.<\/span><\/p>\n<p><span style=\"color: #993300; font-size: 15px;\">Velikosti: M (premer 4,2 cm) &#8211; L (premer 4,7 cm) &#8211; XL (premer 5,1 cm)<\/span><\/p>\n<p><span style=\"font-size: 15px; color: #993300;\">Na voljo:<\/span><br \/>\n<span style=\"font-size: 15px; color: #993300;\">&#8211; kovinske glasbene srebrne barve<\/span><br \/>\n<span style=\"font-size: 15px; color: #993300;\">&#8211; kovinske glasbene zlate barve<\/span><br \/>\n<span style=\"font-size: 15px; color: #993300;\">&#8211; kamene<\/span><\/p>\n<\/div>\n","protected":false},"excerpt":{"rendered":"<p><span style=\"color: #002060;\"><strong>Kitajske Baoding masa\u017eno-koncentracijske kroglice.<\/strong><\/span><\/p>\n","protected":false},"featured_media":69609,"comment_status":"open","ping_status":"closed","template":"","meta":[],"product_brand":[5596],"product_cat":[1035,1033,1031,1029,1037,1039,1041,841],"product_tag":[],"class_list":{"0":"post-69607","1":"product","2":"type-product","3":"status-publish","4":"has-post-thumbnail","6":"product_brand-kwon","7":"product_cat-aikido-kendo-iai-kobudo-1","8":"product_cat-ju-jitsujiu-jitsu-1","9":"product_cat-judo-1","10":"product_cat-karate-5","11":"product_cat-ninjutsu-3","12":"product_cat-taekwondo-3","13":"product_cat-tai-chi-kunf-fu-wu-shu-1","14":"product_cat-ostalo-4","15":"pa_model-s-slon-zelene-barve-sl","16":"pa_model-m-zlate-barve-sl","17":"pa_model-m-kamen-bele-barve","18":"pa_model-m-kamen-belo-rdece-barve","19":"pa_model-m-kamen-rjave-barve","20":"pa_model-m-kamen-sive-barve-sl","21":"pa_model-m-kamen-sivo-rdece-brave","22":"pa_model-l-srebrne-barve-sl","23":"pa_model-l-yin-yang-modre-barve-sl","24":"pa_model-xl-kamen-crne-barve-sl","25":"pa_model-s-slon-rdece-barve-trenutno-ni-na-voljo-sl","27":"first","28":"instock","29":"taxable","30":"shipping-taxable","31":"purchasable","32":"product-type-variable"},"_links":{"self":[{"href":"https:\/\/www.budoshop.si\/sl\/wp-json\/wp\/v2\/product\/69607","targetHints":{"allow":["GET"]}}],"collection":[{"href":"https:\/\/www.budoshop.si\/sl\/wp-json\/wp\/v2\/product"}],"about":[{"href":"https:\/\/www.budoshop.si\/sl\/wp-json\/wp\/v2\/types\/product"}],"replies":[{"embeddable":true,"href":"https:\/\/www.budoshop.si\/sl\/wp-json\/wp\/v2\/comments?post=69607"}],"wp:featuredmedia":[{"embeddable":true,"href":"https:\/\/www.budoshop.si\/sl\/wp-json\/wp\/v2\/media\/69609"}],"wp:attachment":[{"href":"https:\/\/www.budoshop.si\/sl\/wp-json\/wp\/v2\/media?parent=69607"}],"wp:term":[{"taxonomy":"product_brand","embeddable":true,"href":"https:\/\/www.budoshop.si\/sl\/wp-json\/wp\/v2\/product_brand?post=69607"},{"taxonomy":"product_cat","embeddable":true,"href":"https:\/\/www.budoshop.si\/sl\/wp-json\/wp\/v2\/product_cat?post=69607"},{"taxonomy":"product_tag","embeddable":true,"href":"https:\/\/www.budoshop.si\/sl\/wp-json\/wp\/v2\/product_tag?post=69607"}],"curies":[{"name":"wp","href":"https:\/\/api.w.org\/{rel}","templated":true}]}}