{"id":69531,"date":"2018-09-13T06:51:49","date_gmt":"2018-09-13T06:51:49","guid":{"rendered":"https:\/\/budoshop.si\/?product=karate-poster-funakoshi"},"modified":"2026-03-06T08:23:25","modified_gmt":"2026-03-06T07:23:25","slug":"karate-poster-funakoshi","status":"publish","type":"product","link":"https:\/\/www.budoshop.si\/sl\/izdelek\/karate-poster-funakoshi\/","title":{"rendered":"Karate poster &#8221;FUNAKOSHI&#8221;"},"content":{"rendered":"<div style=\"text-align: justify;\">\n<p><span style=\"font-size: 15px; color: #993300;\">Poster velikana borilnih ve\u0161\u010din in kreatorja modernega KARATE-ja, mojstra GICHIN FUNAKOSHI-ja.<\/span><\/p>\n<p><span style=\"color: #993300; font-size: 15px;\">Mere: 44 x 61 cm<\/span><\/p>\n<p><span style=\"font-size: 15px; color: #993300;\">Obvezna dekoracija vsakega Karate Dojo-ja!<\/span><\/p>\n<\/div>\n","protected":false},"excerpt":{"rendered":"<p><span style=\"color: #002060; font-size: 15px;\"><strong>\u010crno-beli poster velikana borilnih ve\u0161\u010din &#8211; GICHIN FUNAKOSHI.<\/strong><\/span><\/p>\n","protected":false},"featured_media":69533,"comment_status":"open","ping_status":"closed","template":"","meta":[],"product_brand":[5612],"product_cat":[1029,837],"product_tag":[],"class_list":{"0":"post-69531","1":"product","2":"type-product","3":"status-publish","4":"has-post-thumbnail","6":"product_brand-kamikaze","7":"product_cat-karate-5","8":"product_cat-plakati-zastave","10":"first","11":"instock","12":"taxable","13":"shipping-taxable","14":"purchasable","15":"product-type-simple"},"_links":{"self":[{"href":"https:\/\/www.budoshop.si\/sl\/wp-json\/wp\/v2\/product\/69531","targetHints":{"allow":["GET"]}}],"collection":[{"href":"https:\/\/www.budoshop.si\/sl\/wp-json\/wp\/v2\/product"}],"about":[{"href":"https:\/\/www.budoshop.si\/sl\/wp-json\/wp\/v2\/types\/product"}],"replies":[{"embeddable":true,"href":"https:\/\/www.budoshop.si\/sl\/wp-json\/wp\/v2\/comments?post=69531"}],"wp:featuredmedia":[{"embeddable":true,"href":"https:\/\/www.budoshop.si\/sl\/wp-json\/wp\/v2\/media\/69533"}],"wp:attachment":[{"href":"https:\/\/www.budoshop.si\/sl\/wp-json\/wp\/v2\/media?parent=69531"}],"wp:term":[{"taxonomy":"product_brand","embeddable":true,"href":"https:\/\/www.budoshop.si\/sl\/wp-json\/wp\/v2\/product_brand?post=69531"},{"taxonomy":"product_cat","embeddable":true,"href":"https:\/\/www.budoshop.si\/sl\/wp-json\/wp\/v2\/product_cat?post=69531"},{"taxonomy":"product_tag","embeddable":true,"href":"https:\/\/www.budoshop.si\/sl\/wp-json\/wp\/v2\/product_tag?post=69531"}],"curies":[{"name":"wp","href":"https:\/\/api.w.org\/{rel}","templated":true}]}}