{"id":69517,"date":"2018-09-13T06:51:49","date_gmt":"2018-09-13T04:51:49","guid":{"rendered":"https:\/\/budoshop.si\/?product=obesek-mini-kimono"},"modified":"2026-02-13T17:11:14","modified_gmt":"2026-02-13T16:11:14","slug":"obesek-mini-kimono","status":"publish","type":"product","link":"https:\/\/www.budoshop.si\/sl\/izdelek\/obesek-mini-kimono\/","title":{"rendered":"Obesek &#8221;MINI KIMONO&#8221;"},"content":{"rendered":"<div style=\"text-align: justify;\"><span style=\"color: #993300; font-size: 15px;\">Cca. 10 cm veliko pomanj\u0161ano JUDO ali KARATE Kimono. Narejeno je iz 100% bomba\u017ea bele barve in \u010drnim pasom. Opremljeno je \u0161e s \u010drnim trakom za obe\u0161anje. Artikel je zelo primeren za darilo ali kot dekorativni predmet v avtu, Dojo-ju, pisarni &#8230;<\/span><\/div>\n<p><span style=\"font-size: 15px; color: #993300;\">Modeli:<br \/>\n<\/span><span style=\"font-size: 15px; color: #993300;\">&#8211; Karate<br \/>\n<\/span><span style=\"font-size: 15px; color: #993300;\">&#8211; Judo<\/span><\/p>\n<div style=\"text-align: justify;\"><\/div>\n","protected":false},"excerpt":{"rendered":"<p><span style=\"color: #002060;\"><strong>Obesek pomanj\u0161anega Kimona.<\/strong><\/span><\/p>\n","protected":false},"featured_media":69519,"comment_status":"open","ping_status":"closed","template":"","meta":[],"product_brand":[5608],"product_cat":[1035,1033,1031,1029,833,1039],"product_tag":[],"class_list":{"0":"post-69517","1":"product","2":"type-product","3":"status-publish","4":"has-post-thumbnail","6":"product_brand-dax","7":"product_cat-aikido-kendo-iai-kobudo-1","8":"product_cat-ju-jitsujiu-jitsu-1","9":"product_cat-judo-1","10":"product_cat-karate-5","11":"product_cat-obeski","12":"product_cat-taekwondo-3","13":"pa_model-judo","14":"pa_model-karate-sl-2","15":"pa_model-taekwondo-sl","17":"first","18":"instock","19":"taxable","20":"shipping-taxable","21":"purchasable","22":"product-type-variable"},"_links":{"self":[{"href":"https:\/\/www.budoshop.si\/sl\/wp-json\/wp\/v2\/product\/69517","targetHints":{"allow":["GET"]}}],"collection":[{"href":"https:\/\/www.budoshop.si\/sl\/wp-json\/wp\/v2\/product"}],"about":[{"href":"https:\/\/www.budoshop.si\/sl\/wp-json\/wp\/v2\/types\/product"}],"replies":[{"embeddable":true,"href":"https:\/\/www.budoshop.si\/sl\/wp-json\/wp\/v2\/comments?post=69517"}],"wp:featuredmedia":[{"embeddable":true,"href":"https:\/\/www.budoshop.si\/sl\/wp-json\/wp\/v2\/media\/69519"}],"wp:attachment":[{"href":"https:\/\/www.budoshop.si\/sl\/wp-json\/wp\/v2\/media?parent=69517"}],"wp:term":[{"taxonomy":"product_brand","embeddable":true,"href":"https:\/\/www.budoshop.si\/sl\/wp-json\/wp\/v2\/product_brand?post=69517"},{"taxonomy":"product_cat","embeddable":true,"href":"https:\/\/www.budoshop.si\/sl\/wp-json\/wp\/v2\/product_cat?post=69517"},{"taxonomy":"product_tag","embeddable":true,"href":"https:\/\/www.budoshop.si\/sl\/wp-json\/wp\/v2\/product_tag?post=69517"}],"curies":[{"name":"wp","href":"https:\/\/api.w.org\/{rel}","templated":true}]}}