{"id":69513,"date":"2018-09-13T06:51:49","date_gmt":"2018-09-13T06:51:49","guid":{"rendered":"https:\/\/budoshop.si\/?product=obesek-tiger"},"modified":"2026-02-24T11:25:21","modified_gmt":"2026-02-24T10:25:21","slug":"obesek-tiger","status":"publish","type":"product","link":"https:\/\/www.budoshop.si\/sl\/izdelek\/obesek-tiger\/","title":{"rendered":"Obesek &#8221;TIGER&#8221;"},"content":{"rendered":"<div style=\"text-align: justify;\">\n<p><span style=\"font-size: 15px; color: #993300;\">Obesek miniaturnega pli\u0161astega tigra v tradicionalnem belem Kimonu s \u010drnim pasom in napisom &#8216;Karate&#8217; v japon\u0161\u010dini na prednjem delu. Obesek je opremljen s kovinsko veri\u017eico in rinko za obe\u0161anje na klju\u010d. <\/span><\/p>\n<p><span style=\"font-size: 15px; color: #993300;\">Odli\u010dna dekoracija, primerno tudi kot darilo za majhno pozornost. <\/span><\/p>\n<p><span style=\"font-size: 15px; color: #993300;\">Skupna velikost cca. 10 cm.<\/span><\/p>\n<\/div>\n","protected":false},"excerpt":{"rendered":"<p><span style=\"color: #002060;\"><strong>Obesek tiger v belem Kimonu.<\/strong><\/span><\/p>\n","protected":false},"featured_media":69515,"comment_status":"open","ping_status":"closed","template":"","meta":[],"product_brand":[5608],"product_cat":[1035,1043,1085,1087,1033,1031,1029,1037,833,1039,1041],"product_tag":[],"class_list":{"0":"post-69513","1":"product","2":"type-product","3":"status-publish","4":"has-post-thumbnail","6":"product_brand-dax","7":"product_cat-aikido-kendo-iai-kobudo-1","8":"product_cat-boks-kickbox-tajski-boks-mma","9":"product_cat-dax-1","10":"product_cat-dax-3","11":"product_cat-ju-jitsujiu-jitsu-1","12":"product_cat-judo-1","13":"product_cat-karate-5","14":"product_cat-ninjutsu-3","15":"product_cat-obeski","16":"product_cat-taekwondo-3","17":"product_cat-tai-chi-kunf-fu-wu-shu-1","19":"first","20":"instock","21":"taxable","22":"shipping-taxable","23":"purchasable","24":"product-type-simple"},"_links":{"self":[{"href":"https:\/\/www.budoshop.si\/sl\/wp-json\/wp\/v2\/product\/69513","targetHints":{"allow":["GET"]}}],"collection":[{"href":"https:\/\/www.budoshop.si\/sl\/wp-json\/wp\/v2\/product"}],"about":[{"href":"https:\/\/www.budoshop.si\/sl\/wp-json\/wp\/v2\/types\/product"}],"replies":[{"embeddable":true,"href":"https:\/\/www.budoshop.si\/sl\/wp-json\/wp\/v2\/comments?post=69513"}],"wp:featuredmedia":[{"embeddable":true,"href":"https:\/\/www.budoshop.si\/sl\/wp-json\/wp\/v2\/media\/69515"}],"wp:attachment":[{"href":"https:\/\/www.budoshop.si\/sl\/wp-json\/wp\/v2\/media?parent=69513"}],"wp:term":[{"taxonomy":"product_brand","embeddable":true,"href":"https:\/\/www.budoshop.si\/sl\/wp-json\/wp\/v2\/product_brand?post=69513"},{"taxonomy":"product_cat","embeddable":true,"href":"https:\/\/www.budoshop.si\/sl\/wp-json\/wp\/v2\/product_cat?post=69513"},{"taxonomy":"product_tag","embeddable":true,"href":"https:\/\/www.budoshop.si\/sl\/wp-json\/wp\/v2\/product_tag?post=69513"}],"curies":[{"name":"wp","href":"https:\/\/api.w.org\/{rel}","templated":true}]}}