{"id":69493,"date":"2018-09-13T06:51:49","date_gmt":"2018-09-13T06:51:49","guid":{"rendered":"https:\/\/budoshop.si\/?product=obesek-kitajska-krogla"},"modified":"2023-12-20T18:15:26","modified_gmt":"2023-12-20T17:15:26","slug":"obesek-kitajska-krogla","status":"publish","type":"product","link":"https:\/\/www.budoshop.si\/sl\/izdelek\/obesek-kitajska-krogla\/","title":{"rendered":"Obesek &#8221;KITAJSKA KROGLA&#8221;"},"content":{"rendered":"<div style=\"text-align: justify;\">\n<p><span style=\"font-size: 15px; color: #993300;\">Obesek pomanj\u0161ane popolarne kitajske Baoding kovinske kroglice z motivom, katerih velik par se vrti v dlani. Z njimi se umirja svoj um in telo, s kro\u017eenjem v dlani pa tudi pove\u010duje cirkulacijo krvi, masira notranje organe in ja\u010da ro\u010dne mi\u0161ice. Tudi pomanj\u0161ana kroglica ob premikanju zvoni. <\/span><\/p>\n<p><span style=\"font-size: 15px; color: #993300;\">Obesek je pritrjen na rinko za obe\u0161anje. <\/span><\/p>\n<p><span style=\"font-size: 15px; color: #993300;\">Zelo primerno kot darilo ali dekorativni predmet.<\/span><\/p>\n<\/div>\n","protected":false},"excerpt":{"rendered":"<p><span style=\"color: #002060;\"><strong>Kovinski obesek pomanj\u0161ane Baoding meditativne kovinske kroglice.<\/strong><\/span><\/p>\n","protected":false},"featured_media":69495,"comment_status":"open","ping_status":"closed","template":"","meta":[],"product_brand":[],"product_cat":[1035,1043,1033,1031,1029,1037,833,1039,1041],"product_tag":[],"class_list":{"0":"post-69493","1":"product","2":"type-product","3":"status-publish","4":"has-post-thumbnail","6":"product_cat-aikido-kendo-iai-kobudo-1","7":"product_cat-boks-kickbox-tajski-boks-mma","8":"product_cat-ju-jitsujiu-jitsu-1","9":"product_cat-judo-1","10":"product_cat-karate-5","11":"product_cat-ninjutsu-3","12":"product_cat-obeski","13":"product_cat-taekwondo-3","14":"product_cat-tai-chi-kunf-fu-wu-shu-1","16":"first","17":"instock","18":"taxable","19":"shipping-taxable","20":"purchasable","21":"product-type-simple"},"_links":{"self":[{"href":"https:\/\/www.budoshop.si\/sl\/wp-json\/wp\/v2\/product\/69493","targetHints":{"allow":["GET"]}}],"collection":[{"href":"https:\/\/www.budoshop.si\/sl\/wp-json\/wp\/v2\/product"}],"about":[{"href":"https:\/\/www.budoshop.si\/sl\/wp-json\/wp\/v2\/types\/product"}],"replies":[{"embeddable":true,"href":"https:\/\/www.budoshop.si\/sl\/wp-json\/wp\/v2\/comments?post=69493"}],"wp:featuredmedia":[{"embeddable":true,"href":"https:\/\/www.budoshop.si\/sl\/wp-json\/wp\/v2\/media\/69495"}],"wp:attachment":[{"href":"https:\/\/www.budoshop.si\/sl\/wp-json\/wp\/v2\/media?parent=69493"}],"wp:term":[{"taxonomy":"product_brand","embeddable":true,"href":"https:\/\/www.budoshop.si\/sl\/wp-json\/wp\/v2\/product_brand?post=69493"},{"taxonomy":"product_cat","embeddable":true,"href":"https:\/\/www.budoshop.si\/sl\/wp-json\/wp\/v2\/product_cat?post=69493"},{"taxonomy":"product_tag","embeddable":true,"href":"https:\/\/www.budoshop.si\/sl\/wp-json\/wp\/v2\/product_tag?post=69493"}],"curies":[{"name":"wp","href":"https:\/\/api.w.org\/{rel}","templated":true}]}}