{"id":69485,"date":"2018-09-13T06:51:49","date_gmt":"2018-09-13T06:51:49","guid":{"rendered":"https:\/\/budoshop.si\/?product=obesek-katana"},"modified":"2026-01-14T08:20:29","modified_gmt":"2026-01-14T07:20:29","slug":"obesek-katana","status":"publish","type":"product","link":"https:\/\/www.budoshop.si\/sl\/izdelek\/obesek-katana\/","title":{"rendered":"Obesek &#8221;KATANA&#8221;"},"content":{"rendered":"<div style=\"text-align: justify;\">\n<p><span style=\"color: #993300; font-size: 15px;\">Kovinski obesek za klju\u010de z modelom pomanj\u0161anega KATANA me\u010da. Rezilo je shranjeno v plasti\u010dno no\u017enici. Obesek je z veri\u017eico pritrjen na posebno rinko, ki se zapenja z navojem, kar omogo\u010da trdno in varno zapenjanje. Uporabno kot odpira\u010d pisem in primerno kot majhno darilo ali spominek in se ga lahko obesi na svoja klju\u010de, \u0161portno torbo in podobno.<br \/>\n<\/span><\/p>\n<p><span style=\"font-size: 15px; color: #993300;\">Dol\u017eina: cca. 7 cm<\/span><\/p>\n<\/div>\n","protected":false},"excerpt":{"rendered":"<p><span style=\"color: #002060;\"><strong>Obesek z modelom KATANA me\u010da.<\/strong><\/span><\/p>\n","protected":false},"featured_media":69487,"comment_status":"open","ping_status":"closed","template":"","meta":[],"product_brand":[],"product_cat":[1035,1043,1033,1031,1029,1037,1039,1041,833],"product_tag":[],"class_list":{"0":"post-69485","1":"product","2":"type-product","3":"status-publish","4":"has-post-thumbnail","6":"product_cat-aikido-kendo-iai-kobudo-1","7":"product_cat-boks-kickbox-tajski-boks-mma","8":"product_cat-ju-jitsujiu-jitsu-1","9":"product_cat-judo-1","10":"product_cat-karate-5","11":"product_cat-ninjutsu-3","12":"product_cat-taekwondo-3","13":"product_cat-tai-chi-kunf-fu-wu-shu-1","14":"product_cat-obeski","16":"first","17":"instock","18":"taxable","19":"shipping-taxable","20":"purchasable","21":"product-type-simple"},"_links":{"self":[{"href":"https:\/\/www.budoshop.si\/sl\/wp-json\/wp\/v2\/product\/69485","targetHints":{"allow":["GET"]}}],"collection":[{"href":"https:\/\/www.budoshop.si\/sl\/wp-json\/wp\/v2\/product"}],"about":[{"href":"https:\/\/www.budoshop.si\/sl\/wp-json\/wp\/v2\/types\/product"}],"replies":[{"embeddable":true,"href":"https:\/\/www.budoshop.si\/sl\/wp-json\/wp\/v2\/comments?post=69485"}],"wp:featuredmedia":[{"embeddable":true,"href":"https:\/\/www.budoshop.si\/sl\/wp-json\/wp\/v2\/media\/69487"}],"wp:attachment":[{"href":"https:\/\/www.budoshop.si\/sl\/wp-json\/wp\/v2\/media?parent=69485"}],"wp:term":[{"taxonomy":"product_brand","embeddable":true,"href":"https:\/\/www.budoshop.si\/sl\/wp-json\/wp\/v2\/product_brand?post=69485"},{"taxonomy":"product_cat","embeddable":true,"href":"https:\/\/www.budoshop.si\/sl\/wp-json\/wp\/v2\/product_cat?post=69485"},{"taxonomy":"product_tag","embeddable":true,"href":"https:\/\/www.budoshop.si\/sl\/wp-json\/wp\/v2\/product_tag?post=69485"}],"curies":[{"name":"wp","href":"https:\/\/api.w.org\/{rel}","templated":true}]}}