{"id":69135,"date":"2018-09-13T06:51:49","date_gmt":"2018-09-13T06:51:49","guid":{"rendered":"https:\/\/budoshop.si\/?product=dvobarvni-judo-pas-obi-middle"},"modified":"2026-01-09T09:48:59","modified_gmt":"2026-01-09T08:48:59","slug":"dvobarvni-judo-pas-obi-middle","status":"publish","type":"product","link":"https:\/\/www.budoshop.si\/sl\/izdelek\/dvobarvni-judo-pas-obi-middle\/","title":{"rendered":"Dvobarvni Judo \/ Karate pas &#8221;Obi MIDDLE&#8221;"},"content":{"rendered":"<div style=\"text-align: justify;\">\n<p><span style=\"color: #c00000; font-size: 15px;\">Dvobarvni pasovi iz 100% bomba\u017ea, \u0161irine 4 cm, ki se uporabljajo v JUDO-u in podobnih ve\u0161\u010dinah. Pasovi so osemkrat pre\u0161iti, kar daje pasu trdnost in obstojnost, barve pa so visoko kvalitetne in se s pranjem ne obrabijo. <\/span><\/p>\n<p><span style=\"color: #c00000; font-size: 15px;\">Barve:<br \/>\n&#8211; belo-rumeno-bela<br \/>\n&#8211; belo-oroan\u017eno-bela<br \/>\n&#8211; belo-zeleno-bela<br \/>\n&#8211; belo-modro-bela<br \/>\n&#8211; belo-rjavo-bela<br \/>\n&#8211; belo-\u010drno-bela<br \/>\n&#8211; rumeno-oran\u017eno-rumena<br \/>\n&#8211; rumeno-zeleno-rumena<br \/>\n&#8211; oran\u017eno-zeleno-oran\u017ena<br \/>\n&#8211; zeleno-modro-zelena<br \/>\n&#8211; modro-rde\u010de-modra<br \/>\n&#8211; modro-rjavo-modra<br \/>\n&#8211; rde\u010de-\u010drno-rde\u010da<br \/>\n<\/span><br \/>\n<span style=\"color: #c00000; font-size: 15px;\">Dol\u017eine: od 220 \u2013 240 &#8211; 260 &#8211; 280 cm. <\/span><\/p>\n<\/div>\n","protected":false},"excerpt":{"rendered":"<p><span style=\"color: #002060;\"><strong>Dvobarvni Judo pasovi s sredinsko \u010drto.<\/strong><\/span><\/p>\n","protected":false},"featured_media":69137,"comment_status":"open","ping_status":"closed","template":"","meta":[],"product_brand":[5607],"product_cat":[859,1063,985,1085,1087,1033,1031,1039],"product_tag":[],"class_list":{"0":"post-69135","1":"product","2":"type-product","3":"status-publish","4":"has-post-thumbnail","6":"product_brand-danhro","7":"product_cat-barvni-pasovi","8":"product_cat-danhro-1","9":"product_cat-danrho-1","10":"product_cat-dax-1","11":"product_cat-dax-3","12":"product_cat-ju-jitsujiu-jitsu-1","13":"product_cat-judo-1","14":"product_cat-taekwondo-3","15":"pa_barva-belo-crn-bel","16":"pa_barva-belo-modro-bela-sl","17":"pa_barva-belo-oranzno-bela-sl","18":"pa_barva-belo-rjav-bel","19":"pa_barva-belo-rumeno-bela-sl","20":"pa_barva-belo-zeleno-bela-sl","21":"pa_barva-modro-rdece-modra-sl","22":"pa_barva-modro-rjavo-modra-sl","23":"pa_barva-oranzno-zeleno-oranzna-sl","24":"pa_barva-rdece-crno-rdeca-sl","25":"pa_barva-rumeno-oranzno-rumena-sl","26":"pa_barva-rumeno-zeleno-rumena-sl","27":"pa_barva-zeleno-modro-zelena-sl","28":"pa_dolzina-220-cm-sl","29":"pa_dolzina-240-cm-sl","30":"pa_dolzina-260-cm-sl","31":"pa_dolzina-280-cm-sl","33":"first","34":"instock","35":"taxable","36":"shipping-taxable","37":"purchasable","38":"product-type-variable"},"_links":{"self":[{"href":"https:\/\/www.budoshop.si\/sl\/wp-json\/wp\/v2\/product\/69135","targetHints":{"allow":["GET"]}}],"collection":[{"href":"https:\/\/www.budoshop.si\/sl\/wp-json\/wp\/v2\/product"}],"about":[{"href":"https:\/\/www.budoshop.si\/sl\/wp-json\/wp\/v2\/types\/product"}],"replies":[{"embeddable":true,"href":"https:\/\/www.budoshop.si\/sl\/wp-json\/wp\/v2\/comments?post=69135"}],"wp:featuredmedia":[{"embeddable":true,"href":"https:\/\/www.budoshop.si\/sl\/wp-json\/wp\/v2\/media\/69137"}],"wp:attachment":[{"href":"https:\/\/www.budoshop.si\/sl\/wp-json\/wp\/v2\/media?parent=69135"}],"wp:term":[{"taxonomy":"product_brand","embeddable":true,"href":"https:\/\/www.budoshop.si\/sl\/wp-json\/wp\/v2\/product_brand?post=69135"},{"taxonomy":"product_cat","embeddable":true,"href":"https:\/\/www.budoshop.si\/sl\/wp-json\/wp\/v2\/product_cat?post=69135"},{"taxonomy":"product_tag","embeddable":true,"href":"https:\/\/www.budoshop.si\/sl\/wp-json\/wp\/v2\/product_tag?post=69135"}],"curies":[{"name":"wp","href":"https:\/\/api.w.org\/{rel}","templated":true}]}}