{"id":69103,"date":"2018-09-13T06:51:49","date_gmt":"2018-09-13T06:51:49","guid":{"rendered":"https:\/\/budoshop.si\/?product=hakama-black"},"modified":"2026-01-22T08:13:10","modified_gmt":"2026-01-22T07:13:10","slug":"hakama-black","status":"publish","type":"product","link":"https:\/\/www.budoshop.si\/sl\/izdelek\/hakama-black\/","title":{"rendered":"Hakama &#8221;BLACK&#8221;"},"content":{"rendered":"<p style=\"text-align: justify;\"><span style=\"color: #993300; font-size: 15px;\">Kvalitetno Hakama hla\u010dno krilo \u010drne barve, narejeno po tradicionalnem japonskem kroju iz 65% poliestra in 35% rajona kar omogo\u010da dolgo obstojnost barve, se ne me\u010dka in dolgo ohranja gube. Zaradi svoje strukture je ta Hakama namenjena rednemu in konstantnemu treningu njena ekonomi\u010dna cena pa popolnoma opravi\u010duje vse zahteve dobre Hakame. <\/span><\/p>\n<p><span style=\"font-size: 15px; color: #993300;\">Hakamo uporabljajo vsi, ki se ukvarjajo s tradicionalnimi japonskimi ve\u0161\u010dinami kot so Aikido, Iaido, Kendo, Kobudo, pa tudi tradicionalni mojstri ve\u0161\u010din kot so Jujutsu in Karate.Znamke Kwon.<\/span><\/p>\n<p style=\"text-align: justify;\"><span style=\"color: #993300; font-size: 15px;\">\u010crne barve<\/span><\/p>\n<p><span style=\"font-size: 15px; color: #993300;\">Vi\u0161ine: 150 cm &#8211; 190 cm (na 10 cm)<\/span><\/p>\n<p><span style=\"color: #993300; font-size: 15px;\">Kako izbrati ustrezno vi\u0161ino od pasu do gle\u017enja:<\/span><br \/>\n<span style=\"color: #993300; font-size: 15px;\">za vi\u0161ino 160, dol\u017eina cm* 90<\/span><br \/>\n<span style=\"color: #993300; font-size: 15px;\">za vi\u0161ino 170, dol\u017eina cm* 98<\/span><br \/>\n<span style=\"color: #993300; font-size: 15px;\">za vi\u0161ino 180, dol\u017eina cm*105<\/span><br \/>\n<span style=\"color: #993300; font-size: 15px;\">za vi\u0161ino 190, dol\u017eina cm*113<\/span><\/p>\n<p><span style=\"color: #993300; font-size: 15px;\">*merjeno od zgornjega hrbtnega dela (Koshi-ita) do spodnjega roba<\/span><\/p>\n<p><span style=\"color: #993300; font-size: 15px;\">Opomba: <span class=\"HwtZe\" lang=\"sl\"><span class=\"jCAhz ChMk0b\"><span class=\"ryNqvb\">v primeru zamenjave Hakame, SE NE SME ODSTRANITI belih \u0161ivov, ki dr\u017eijo gube, sicer vam izdelka ne bomo mogli zamenjati<\/span><\/span><\/span>!<\/span><\/p>\n","protected":false},"excerpt":{"rendered":"<p><strong><span style=\"color: #002060;\">Tradicionalno japonsko hla\u010dno krilo Hakama \u010drne barve.<\/span><\/strong><\/p>\n","protected":false},"featured_media":69105,"comment_status":"open","ping_status":"closed","template":"","meta":[],"product_brand":[5596],"product_cat":[681,1035,1061,983,1037,939],"product_tag":[],"class_list":{"0":"post-69103","1":"product","2":"type-product","3":"status-publish","4":"has-post-thumbnail","6":"product_brand-kwon","7":"product_cat-aikido-kendo-oblacila","8":"product_cat-aikido-kendo-iai-kobudo-1","9":"product_cat-kwon-5","10":"product_cat-kwon-3","11":"product_cat-ninjutsu-3","12":"product_cat-ninjutsu-oblacila","13":"pa_velikost-150-cm-sl","14":"pa_velikost-160-cm-sl","15":"pa_velikost-170-cm-sl","16":"pa_velikost-180-cm-sl","17":"pa_velikost-190-cm-sl","19":"first","20":"instock","21":"taxable","22":"shipping-taxable","23":"purchasable","24":"product-type-variable"},"_links":{"self":[{"href":"https:\/\/www.budoshop.si\/sl\/wp-json\/wp\/v2\/product\/69103","targetHints":{"allow":["GET"]}}],"collection":[{"href":"https:\/\/www.budoshop.si\/sl\/wp-json\/wp\/v2\/product"}],"about":[{"href":"https:\/\/www.budoshop.si\/sl\/wp-json\/wp\/v2\/types\/product"}],"replies":[{"embeddable":true,"href":"https:\/\/www.budoshop.si\/sl\/wp-json\/wp\/v2\/comments?post=69103"}],"wp:featuredmedia":[{"embeddable":true,"href":"https:\/\/www.budoshop.si\/sl\/wp-json\/wp\/v2\/media\/69105"}],"wp:attachment":[{"href":"https:\/\/www.budoshop.si\/sl\/wp-json\/wp\/v2\/media?parent=69103"}],"wp:term":[{"taxonomy":"product_brand","embeddable":true,"href":"https:\/\/www.budoshop.si\/sl\/wp-json\/wp\/v2\/product_brand?post=69103"},{"taxonomy":"product_cat","embeddable":true,"href":"https:\/\/www.budoshop.si\/sl\/wp-json\/wp\/v2\/product_cat?post=69103"},{"taxonomy":"product_tag","embeddable":true,"href":"https:\/\/www.budoshop.si\/sl\/wp-json\/wp\/v2\/product_tag?post=69103"}],"curies":[{"name":"wp","href":"https:\/\/api.w.org\/{rel}","templated":true}]}}