{"id":69071,"date":"2018-09-13T06:51:49","date_gmt":"2018-09-13T06:51:49","guid":{"rendered":"https:\/\/budoshop.si\/?product=karate-gi-kimono-kamikaze-america"},"modified":"2026-01-22T11:31:31","modified_gmt":"2026-01-22T10:31:31","slug":"karate-gi-kimono-kamikaze-america","status":"publish","type":"product","link":"https:\/\/www.budoshop.si\/sl\/izdelek\/karate-gi-kimono-kamikaze-america\/","title":{"rendered":"Karate Gi (Kimono) &#8221;Kamikaze AMERICA&#8221;"},"content":{"rendered":"<p style=\"text-align: justify;\"><span style=\"color: #993300;\"><span style=\"font-size: small;\">Ta kompakten 12 OZ Karate Kata Kimono je namenjen najvi\u0161jim zahtevam in potrebam tistih, ki \u017eelijo od svojega Kimona nekaj ve\u010d. Kamikaze modeli Kimon \u017ee po tradiciji sodijo v najvi\u0161ji kvalitetni razred in model AMERICA to trditev samo \u0161e dopolnjuje. <\/span><\/span><\/p>\n<p><span style=\"font-size: small; color: #993300;\">Karate Kimono &#8216;Kamikaze America&#8217; je zelo kompakten, kar daje dober in mo\u010dan &#8216;snaping&#8217; efekt. Zato je odli\u010den predvsem za KATA trening, mnogi pa ga uporabljajo tudi za KUMITE in splo\u0161en Karate trening. Primeren je najzahtevnej\u0161im treningom saj je narejen iz vrhunskega vzdr\u017eljivega 100% bomba\u017ea z izbolj\u0161anim zapenjanjem hla\u010d in posebno skrbno nadzorovanim \u0161ivanjem. Ne \u010dudi, da je to Karate Kimono priljubljeno me karate u\u010ditelji in in\u0161truktorji.<\/span><\/p>\n<p><span style=\"font-size: small; color: #993300;\">Vi\u0161ina: od 155 &#8211; 200 cm (na 5cm).<\/span><\/p>\n<p><span style=\"font-size: 11px; color: #993300;\">Pozor! Kimono ni predprano in se lahko pri prvem pranju lahko skr\u010di za cca. 3 %.<\/span><\/p>\n","protected":false},"excerpt":{"rendered":"<p><strong><span style=\"color: #002060;\">Vrhunski kompakten vsestranski Karate Kimono znamke Kamikaze.<\/span><\/strong><\/p>\n","protected":false},"featured_media":69073,"comment_status":"open","ping_status":"closed","template":"","meta":[],"product_brand":[5612],"product_cat":[947,1045,913,1029],"product_tag":[],"class_list":{"0":"post-69071","1":"product","2":"type-product","3":"status-publish","4":"has-post-thumbnail","6":"product_brand-kamikaze","7":"product_cat-kamikaze-3","8":"product_cat-kamikaze-5","9":"product_cat-kamikaze-1","10":"product_cat-karate-5","11":"pa_velikost-155-cm-sl","12":"pa_velikost-160-cm-sl","13":"pa_velikost-165-cm-sl","14":"pa_velikost-170-cm-sl","15":"pa_velikost-175-cm-sl","16":"pa_velikost-180-cm-sl","17":"pa_velikost-185-cm-sl","18":"pa_velikost-190-cm-sl","19":"pa_velikost-195-cm-sl","20":"pa_velikost-200-cm-sl","22":"first","23":"instock","24":"taxable","25":"shipping-taxable","26":"purchasable","27":"product-type-variable"},"_links":{"self":[{"href":"https:\/\/www.budoshop.si\/sl\/wp-json\/wp\/v2\/product\/69071","targetHints":{"allow":["GET"]}}],"collection":[{"href":"https:\/\/www.budoshop.si\/sl\/wp-json\/wp\/v2\/product"}],"about":[{"href":"https:\/\/www.budoshop.si\/sl\/wp-json\/wp\/v2\/types\/product"}],"replies":[{"embeddable":true,"href":"https:\/\/www.budoshop.si\/sl\/wp-json\/wp\/v2\/comments?post=69071"}],"wp:featuredmedia":[{"embeddable":true,"href":"https:\/\/www.budoshop.si\/sl\/wp-json\/wp\/v2\/media\/69073"}],"wp:attachment":[{"href":"https:\/\/www.budoshop.si\/sl\/wp-json\/wp\/v2\/media?parent=69071"}],"wp:term":[{"taxonomy":"product_brand","embeddable":true,"href":"https:\/\/www.budoshop.si\/sl\/wp-json\/wp\/v2\/product_brand?post=69071"},{"taxonomy":"product_cat","embeddable":true,"href":"https:\/\/www.budoshop.si\/sl\/wp-json\/wp\/v2\/product_cat?post=69071"},{"taxonomy":"product_tag","embeddable":true,"href":"https:\/\/www.budoshop.si\/sl\/wp-json\/wp\/v2\/product_tag?post=69071"}],"curies":[{"name":"wp","href":"https:\/\/api.w.org\/{rel}","templated":true}]}}