{"id":69051,"date":"2018-09-13T06:51:49","date_gmt":"2018-09-13T06:51:49","guid":{"rendered":"https:\/\/budoshop.si\/?product=katana-japan"},"modified":"2026-04-14T08:55:39","modified_gmt":"2026-04-14T06:55:39","slug":"katana-japan","status":"publish","type":"product","link":"https:\/\/www.budoshop.si\/sl\/izdelek\/katana-japan\/","title":{"rendered":"Katana &#8221;JAPAN&#8221;"},"content":{"rendered":"<div style=\"text-align: justify;\">\n<p><span style=\"font-size: 15px; color: #993300;\">Tradicionalen dolgi Samurajski me\u010d z jeklenim oja\u010danim nenabru\u0161enim rezilom. Me\u010d je s svojim izgledom primeren tako za dekorativni predmet kot IAI DO trening. Me\u010d ima trden, dalj\u0161i kot obi\u010dajno (dol\u017eine cca. 29 cm) ro\u010daj, ki je ovit s trakom, da dobro stoji v roki in kvalitetno ter okra\u0161eno Musashi Tsubo (\u0161\u010ditnik) medeninaste barve, ki pri treningu ne \u017euli roke. Saya (no\u017enica) modre barve, je lesena ter plastificirana, da omogo\u010da ne\u0161teto izvlekov in vra\u010danj me\u010da, ne da bi se bistveno obrabila ali zlomila. Ta me\u010d je natan\u010dna replika prave kovane Katane z zelo kvalitetnim rezilom iz nerjave\u010dega karbonskega jekla dol\u017eine 72 cm, ki zagotavlja dober in varen trening izvleka me\u010da (IAI DO) kot tudi tehnik sparinga (KEN JUTSU). <\/span><\/p>\n<p><span style=\"font-size: 15px; color: #993300;\">Detajli: <\/span><br \/>\n<span style=\"font-size: 15px; color: #993300;\">Kovina: Carbon Steel<\/span><br \/>\n<span style=\"font-size: 15px; color: #993300;\">NAGASA (dol\u017eina rezila): 69,5 cm, 72 cm s Habaki-jem <\/span><br \/>\n<span style=\"font-size: 15px; color: #993300;\">HAMON (motiv ostrine): da<\/span><br \/>\n<span style=\"font-size: 15px; color: #993300;\">SORI (ukrivljenost): 2,00 cm <\/span><br \/>\n<span style=\"font-size: 15px; color: #993300;\">TSUKA (ro\u010daj): 26,5 cm <\/span><br \/>\n<span style=\"font-size: 15px; color: #993300;\">TSUKA ITO (navitje ro\u010daja): \u010drn bomba\u017e<\/span><br \/>\n<span style=\"font-size: 15px; color: #993300;\">SAME (podloga ro\u010daja): sinteti\u010dno <\/span><br \/>\n<span style=\"font-size: 15px; color: #993300;\">BOHI (\u017eleb v rezilo): da<\/span><br \/>\n<span style=\"font-size: 15px; color: #993300;\">SAYA (no\u017enica): lesena 75 cm<\/span><br \/>\n<span style=\"font-size: 15px; color: #993300;\">SAGEO (vrvica): \u010drn bomba\u017e<\/span><br \/>\n<span style=\"font-size: 15px; color: #993300;\">MEKUGI (zati\u010d): da<\/span><br \/>\n<span style=\"font-size: 15px; color: #993300;\">Te\u017ea: cca. 1.200 g (s Sayo), 1.000 g (brez Saye) <\/span><br \/>\n<span style=\"color: #993300; font-size: 15px;\"><br \/>\nTA ARTIKEL PRODAJAMO SAMO POLNOLETNIM OSEBAM!!!<\/span><\/p>\n<\/div>\n<div style=\"text-align: justify;\"><\/div>\n<div style=\"text-align: justify;\"><span style=\"color: #993300; font-size: 11px;\">\u00a0<\/span><\/div>\n<div style=\"text-align: justify;\"><span style=\"color: #993300; font-size: 11px;\">Opozorilo!<br \/>\n\u25ba Artikel je namenjen samo dekorativni uporabi oziroma osebnemu treningu borilnih ve\u0161\u010din.<br \/>\n\u25ba Po prodaji, prodajalec ni ve\u010d odgovoren za nikakr\u0161ne po\u0161kodbe, ki se lahko zgodijo zaradi napa\u010dne uporabe ali zanemarjanja teh opozoril. Novi lastnik prevzema popolno odgovornost za skrb in uporabo tega artikla.<br \/>\n\u25ba Vsakr\u0161na napa\u010dna uporaba ali nepazljivost lahko vam ali drugemu povzro\u010di resne po\u0161kodbe ali celo smrt!<br \/>\n\u25ba Ta artikel se v nobenem primeru ne sme uporabljati na drugi osebi!<\/span><\/div>\n","protected":false},"excerpt":{"rendered":"<p><span style=\"color: #002060;\"><strong>Dolg trening Samuraiski Katana me\u010d.<\/strong><\/span><\/p>\n","protected":false},"featured_media":69053,"comment_status":"open","ping_status":"closed","template":"","meta":[],"product_brand":[],"product_cat":[5382,1035,1037],"product_tag":[],"class_list":{"0":"post-69051","1":"product","2":"type-product","3":"status-publish","4":"has-post-thumbnail","6":"product_cat-dekorativni-katana-meci","7":"product_cat-aikido-kendo-iai-kobudo-1","8":"product_cat-ninjutsu-3","10":"first","11":"outofstock","12":"taxable","13":"shipping-taxable","14":"purchasable","15":"product-type-simple"},"_links":{"self":[{"href":"https:\/\/www.budoshop.si\/sl\/wp-json\/wp\/v2\/product\/69051","targetHints":{"allow":["GET"]}}],"collection":[{"href":"https:\/\/www.budoshop.si\/sl\/wp-json\/wp\/v2\/product"}],"about":[{"href":"https:\/\/www.budoshop.si\/sl\/wp-json\/wp\/v2\/types\/product"}],"replies":[{"embeddable":true,"href":"https:\/\/www.budoshop.si\/sl\/wp-json\/wp\/v2\/comments?post=69051"}],"wp:featuredmedia":[{"embeddable":true,"href":"https:\/\/www.budoshop.si\/sl\/wp-json\/wp\/v2\/media\/69053"}],"wp:attachment":[{"href":"https:\/\/www.budoshop.si\/sl\/wp-json\/wp\/v2\/media?parent=69051"}],"wp:term":[{"taxonomy":"product_brand","embeddable":true,"href":"https:\/\/www.budoshop.si\/sl\/wp-json\/wp\/v2\/product_brand?post=69051"},{"taxonomy":"product_cat","embeddable":true,"href":"https:\/\/www.budoshop.si\/sl\/wp-json\/wp\/v2\/product_cat?post=69051"},{"taxonomy":"product_tag","embeddable":true,"href":"https:\/\/www.budoshop.si\/sl\/wp-json\/wp\/v2\/product_tag?post=69051"}],"curies":[{"name":"wp","href":"https:\/\/api.w.org\/{rel}","templated":true}]}}