{"id":69029,"date":"2018-09-13T06:51:49","date_gmt":"2018-09-13T06:51:49","guid":{"rendered":"https:\/\/budoshop.si\/?product=tachi-set-black"},"modified":"2023-10-02T18:10:41","modified_gmt":"2023-10-02T16:10:41","slug":"tachi-set-black","status":"publish","type":"product","link":"https:\/\/www.budoshop.si\/sl\/izdelek\/tachi-set-black\/","title":{"rendered":"Tachi set &#8221;BLACK&#8221;"},"content":{"rendered":"<div style=\"text-align: justify;\">\n<p><span style=\"color: #993300; font-size: 15px;\">Celoten komplet okrasnih Samurajskih me\u010dev TACHI modela. Tachi je stara oblika me\u010dev, ki so se uporabljali pred pojavom Katane. So bolj zakrivljeni kot Katana in se ne nosijo za pasom, temve\u010d visijo z rezilom obrnjenim nazdol. Komplet je sestavljen iz dolgega me\u010da (Katana), kraj\u0161ega me\u010da (Wakizashi) in no\u017ea (Tanto). Ro\u010daji in no\u017enice so \u010drne barve in okovani z zaklju\u010dki srebrne barve. Tudi Tsube (\u0161\u010ditnik) so srebrne barve. No\u017enice so okra\u0161ene s posebnim sivo \u010drnim motivom. Rezila so iz kvalitetnega nerjave\u010dega jekla in dobro uravnove\u0161ena. Me\u010di so primerni tako za dekoracijo prostora kot tudi za trening. <\/span><\/p>\n<p><span style=\"color: #993300; font-size: 15px;\">Mere: <\/span><br \/>\n<span style=\"color: #993300; font-size: 15px;\">&#8211; Katana: dol\u017eina rezila 66,5 cm, skupna dol\u017eina 102 cm, te\u017ea 685 g (s Sayo 1.100 g)<br \/>\n&#8211; Wakizashi: dol\u017eina rezila 47,5 cm, skupna dol\u017eina 78 cm, te\u017ea 525 g (s Sayo 830 g)<br \/>\n&#8211; Tanto: dol\u017eina rezila 27,5 cm, skupna dol\u017eina 54 cm, te\u017ea 370 g (s Sayo 560 g)<\/span><\/p>\n<p><span style=\"font-size: 15px; color: #993300;\">Darilo: sestavljivo namizno stojalo \u010drne barve!<\/span><\/p>\n<p><span style=\"font-size: 15px; color: #993300;\">TA ARTIKEL PRODAJAMO SAMO POLNOLETNIM OSEBAM!!<\/span><\/p>\n<\/div>\n<div style=\"text-align: justify;\"><\/div>\n<div style=\"text-align: justify;\"><span style=\"color: #993300; font-size: 15px;\">\u00a0<\/span><\/div>\n<div style=\"text-align: justify;\"><span style=\"color: #993300; font-size: 11px;\">Opozorilo!<br \/>\n\u25ba Artikel je namenjen samo dekorativni uporabi oziroma osebnemu treningu borilnih ve\u0161\u010din.<br \/>\n\u25ba Po prodaji, prodajalec ni ve\u010d odgovoren za nikakr\u0161ne po\u0161kodbe, ki se lahko zgodijo zaradi napa\u010dne uporabe ali zanemarjanja teh opozoril. Novi lastnik prevzema popolno odgovornost za skrb in uporabo tega artikla.<br \/>\n\u25ba Vsakr\u0161na napa\u010dna uporaba ali nepazljivost lahko vam ali drugemu povzro\u010di resne po\u0161kodbe ali celo smrt!<br \/>\n\u25ba Ta artikel se v nobenem primeru ne sme uporabljati na drugi osebi!<\/span><\/div>\n","protected":false},"excerpt":{"rendered":"<p><span style=\"color: #003366;\"><strong>Tachi komplet treh Samurajskih me\u010dev + stojalo.<\/strong><\/span><\/p>\n","protected":false},"featured_media":69031,"comment_status":"open","ping_status":"closed","template":"","meta":[],"product_brand":[],"product_cat":[1035,761,1037],"product_tag":[],"class_list":{"0":"post-69029","1":"product","2":"type-product","3":"status-publish","4":"has-post-thumbnail","6":"product_cat-aikido-kendo-iai-kobudo-1","7":"product_cat-kompleti","8":"product_cat-ninjutsu-3","10":"first","11":"outofstock","12":"taxable","13":"shipping-taxable","14":"purchasable","15":"product-type-simple"},"_links":{"self":[{"href":"https:\/\/www.budoshop.si\/sl\/wp-json\/wp\/v2\/product\/69029","targetHints":{"allow":["GET"]}}],"collection":[{"href":"https:\/\/www.budoshop.si\/sl\/wp-json\/wp\/v2\/product"}],"about":[{"href":"https:\/\/www.budoshop.si\/sl\/wp-json\/wp\/v2\/types\/product"}],"replies":[{"embeddable":true,"href":"https:\/\/www.budoshop.si\/sl\/wp-json\/wp\/v2\/comments?post=69029"}],"wp:featuredmedia":[{"embeddable":true,"href":"https:\/\/www.budoshop.si\/sl\/wp-json\/wp\/v2\/media\/69031"}],"wp:attachment":[{"href":"https:\/\/www.budoshop.si\/sl\/wp-json\/wp\/v2\/media?parent=69029"}],"wp:term":[{"taxonomy":"product_brand","embeddable":true,"href":"https:\/\/www.budoshop.si\/sl\/wp-json\/wp\/v2\/product_brand?post=69029"},{"taxonomy":"product_cat","embeddable":true,"href":"https:\/\/www.budoshop.si\/sl\/wp-json\/wp\/v2\/product_cat?post=69029"},{"taxonomy":"product_tag","embeddable":true,"href":"https:\/\/www.budoshop.si\/sl\/wp-json\/wp\/v2\/product_tag?post=69029"}],"curies":[{"name":"wp","href":"https:\/\/api.w.org\/{rel}","templated":true}]}}