{"id":68921,"date":"2018-09-13T06:51:49","date_gmt":"2018-09-13T06:51:49","guid":{"rendered":"https:\/\/budoshop.si\/?product=takamatsu-toshitsugu-the-last-shinobi"},"modified":"2025-12-17T08:09:49","modified_gmt":"2025-12-17T07:09:49","slug":"takamatsu-toshitsugu-the-last-shinobi","status":"publish","type":"product","link":"https:\/\/www.budoshop.si\/sl\/izdelek\/takamatsu-toshitsugu-the-last-shinobi\/","title":{"rendered":"TAKAMATSU TOSHITSUGU &#8211; The Last Shinobi"},"content":{"rendered":"<div style=\"text-align: justify;\">\n<p><span style=\"color: #993300; font-size: 15px;\">Iz vsebine: Takamatsu Toshitsugu, je bil zadnji Ninja\/Shinobi, ki je mo\u010dno vplival na moderni Budo svet in nekatere tradicionalne bojevni\u0161ke \u0161ole ter tradicije. V eni osebi je zdru\u017eil \u0161tevilne bojevni\u0161ke tradicije in sisteme ter jih prenesel iz zgodovine v moderno dobo. <\/span><\/p>\n<p><span style=\"color: #993300; font-size: 15px;\">&#8230; rojen leta 1889 v dobi, ko se je celotna Japonska ozirala po novo odkriti zahodni kulturi.<br \/>\n<\/span><span style=\"color: #993300; font-size: 15px;\">&#8230; odrasel v negi svoje ljube\u010de babice Nao in pod vplivom svojega strogega o\u010deta Gishin-a<br \/>\n<\/span><span style=\"color: #993300; font-size: 15px;\">&#8230; treniral pod budnim nadzorom svojega dedka Toda Shinryuken-a, katerega je nasledil v njegovih bojevni\u0161kih tradicijah.<br \/>\n<\/span><span style=\"color: #993300; font-size: 15px;\">&#8230; veliko let je pre\u017eivel na nevarnih popotovanjih skozi Mongolijo in Kitajsko.<br \/>\n<\/span><span style=\"color: #993300; font-size: 15px;\">&#8230; svoje znanaje in tradicijo prenesel na svojega zadnjega u\u010denca, Hatsumi Masaaki-a.<br \/>\n<\/span><span style=\"color: #993300; font-size: 15px;\">&#8211; Knjiga vklju\u010duje tudi poglavje o zadnjem Koga ryu Ninji \u2013 Seiko Fujiti.<br \/>\n<\/span><span style=\"color: #993300; font-size: 15px;\">&#8211; Veliko dogodkov in dejstev dveh oseb, ki \u0161e nikoli niso bili objavljeni.<br \/>\n<\/span><span style=\"color: #993300; font-size: 15px;\">&#8211; Ogromno zgodovinskih japonskih podatkov in informacij.<\/span><\/p>\n<p><span style=\"color: #993300; font-size: 15px;\">Ta knjiga ne opisuje samo bogate \u017eivljenjske poti dveh mo\u017e, za katere se smatra, da sta bila zadnja Shinobi bojevnika, temve\u010d vklju\u010duje tudi ob\u0161irne vpoglede v zgodovinsko ozadje Japonske na prehodu iz stare v moderno dobo.<\/span><\/p>\n<p><span style=\"color: #993300; font-size: 15px;\">315 strani, ve\u010d kot 100 slik in risb<\/span><\/p>\n<p><span style=\"color: #993300; font-size: 15px;\">Jezik: angle\u0161ki<\/span><\/p>\n<\/div>\n","protected":false},"excerpt":{"rendered":"<p><span style=\"color: #003366;\"><strong>Avtor: Wolfgang ETTIG<\/strong><\/span><\/p>\n","protected":false},"featured_media":68923,"comment_status":"open","ping_status":"closed","template":"","meta":[],"product_brand":[],"product_cat":[783,797,1037],"product_tag":[],"class_list":{"0":"post-68921","1":"product","2":"type-product","3":"status-publish","4":"has-post-thumbnail","6":"product_cat-masters-1","7":"product_cat-ninjutsu-1","8":"product_cat-ninjutsu-3","10":"first","11":"outofstock","12":"taxable","13":"shipping-taxable","14":"purchasable","15":"product-type-simple"},"_links":{"self":[{"href":"https:\/\/www.budoshop.si\/sl\/wp-json\/wp\/v2\/product\/68921","targetHints":{"allow":["GET"]}}],"collection":[{"href":"https:\/\/www.budoshop.si\/sl\/wp-json\/wp\/v2\/product"}],"about":[{"href":"https:\/\/www.budoshop.si\/sl\/wp-json\/wp\/v2\/types\/product"}],"replies":[{"embeddable":true,"href":"https:\/\/www.budoshop.si\/sl\/wp-json\/wp\/v2\/comments?post=68921"}],"wp:featuredmedia":[{"embeddable":true,"href":"https:\/\/www.budoshop.si\/sl\/wp-json\/wp\/v2\/media\/68923"}],"wp:attachment":[{"href":"https:\/\/www.budoshop.si\/sl\/wp-json\/wp\/v2\/media?parent=68921"}],"wp:term":[{"taxonomy":"product_brand","embeddable":true,"href":"https:\/\/www.budoshop.si\/sl\/wp-json\/wp\/v2\/product_brand?post=68921"},{"taxonomy":"product_cat","embeddable":true,"href":"https:\/\/www.budoshop.si\/sl\/wp-json\/wp\/v2\/product_cat?post=68921"},{"taxonomy":"product_tag","embeddable":true,"href":"https:\/\/www.budoshop.si\/sl\/wp-json\/wp\/v2\/product_tag?post=68921"}],"curies":[{"name":"wp","href":"https:\/\/api.w.org\/{rel}","templated":true}]}}