{"id":68901,"date":"2018-09-13T06:51:49","date_gmt":"2018-09-13T04:51:49","guid":{"rendered":"https:\/\/budoshop.si\/?product=usnjen-fokuser-scit-pao-small"},"modified":"2023-10-03T13:06:57","modified_gmt":"2023-10-03T11:06:57","slug":"usnjen-fokuser-scit-pao-small","status":"publish","type":"product","link":"https:\/\/www.budoshop.si\/sl\/izdelek\/usnjen-fokuser-scit-pao-small\/","title":{"rendered":"Usnjen fokuser \u0161\u010dit &#8221;PAO SMALL&#8221;"},"content":{"rendered":"<div style=\"text-align: justify;\">\n<p><span style=\"font-size: 15px; color: #993300;\">Kvaliteten oblazinjen PAO fokusar \u0161\u010dit. Fokusar je narejen je iz umetnega usnja \u010drne barve, da zagotavlja tudi najmo\u010dnej\u0161e udarce, stranski del pa iz \u010dvrstega canvas platna, ki ob zgre\u0161enih udarcih ne po\u0161koduje noge. Dva obro\u010da za dr\u017eanje na zadnji strani zagotavljata dobro in stabilno dr\u017eanje. <\/span><\/p>\n<p><span style=\"font-size: 15px; color: #993300;\">Primeren predvsem za trening Thai box-a in Kickboxing-a, pa tudi Taekwondo-ja, Karate-ja, MMA-ja, PROSTE BORBE in drugih kontaktnih ve\u0161\u010din.<\/span><\/p>\n<p><span style=\"font-size: 15px; color: #993300;\">Odli\u010dno razmerje med ceno in kvaliteto!<\/span><br \/>\n<span style=\"color: #993300; font-size: 15px;\"><br \/>\nDimenzije: cca. 33 cm X 18 cm X 8 cm.<\/span><\/p>\n<\/div>\n","protected":false},"excerpt":{"rendered":"<p><span style=\"color: #002060;\"><strong>Kvaliteten usnjen oblazinjen PAO fokuser \u0161\u010dit.<\/strong><\/span><\/p>\n","protected":false},"featured_media":68903,"comment_status":"open","ping_status":"closed","template":"","meta":[],"product_brand":[],"product_cat":[1043,1063,985,1033,1029,1113,1039,1041],"product_tag":[],"class_list":{"0":"post-68901","1":"product","2":"type-product","3":"status-publish","4":"has-post-thumbnail","6":"product_cat-boks-kickbox-tajski-boks-mma","7":"product_cat-danhro-1","8":"product_cat-danrho-1","9":"product_cat-ju-jitsujiu-jitsu-1","10":"product_cat-karate-5","11":"product_cat-pao-fokuserji","12":"product_cat-taekwondo-3","13":"product_cat-tai-chi-kunf-fu-wu-shu-1","15":"first","16":"instock","17":"taxable","18":"shipping-taxable","19":"purchasable","20":"product-type-simple"},"_links":{"self":[{"href":"https:\/\/www.budoshop.si\/sl\/wp-json\/wp\/v2\/product\/68901","targetHints":{"allow":["GET"]}}],"collection":[{"href":"https:\/\/www.budoshop.si\/sl\/wp-json\/wp\/v2\/product"}],"about":[{"href":"https:\/\/www.budoshop.si\/sl\/wp-json\/wp\/v2\/types\/product"}],"replies":[{"embeddable":true,"href":"https:\/\/www.budoshop.si\/sl\/wp-json\/wp\/v2\/comments?post=68901"}],"wp:featuredmedia":[{"embeddable":true,"href":"https:\/\/www.budoshop.si\/sl\/wp-json\/wp\/v2\/media\/68903"}],"wp:attachment":[{"href":"https:\/\/www.budoshop.si\/sl\/wp-json\/wp\/v2\/media?parent=68901"}],"wp:term":[{"taxonomy":"product_brand","embeddable":true,"href":"https:\/\/www.budoshop.si\/sl\/wp-json\/wp\/v2\/product_brand?post=68901"},{"taxonomy":"product_cat","embeddable":true,"href":"https:\/\/www.budoshop.si\/sl\/wp-json\/wp\/v2\/product_cat?post=68901"},{"taxonomy":"product_tag","embeddable":true,"href":"https:\/\/www.budoshop.si\/sl\/wp-json\/wp\/v2\/product_tag?post=68901"}],"curies":[{"name":"wp","href":"https:\/\/api.w.org\/{rel}","templated":true}]}}