{"id":68803,"date":"2018-09-13T06:51:49","date_gmt":"2018-09-13T04:51:49","guid":{"rendered":"https:\/\/budoshop.si\/?product=aluminijast-vadbeni-noz-tanto-alu"},"modified":"2023-10-01T17:45:44","modified_gmt":"2023-10-01T15:45:44","slug":"aluminijast-vadbeni-noz-tanto-alu","status":"publish","type":"product","link":"https:\/\/www.budoshop.si\/sl\/izdelek\/aluminijast-vadbeni-noz-tanto-alu\/","title":{"rendered":"Aluminijast vadbeni no\u017e &#8221;Tanto ALU&#8221;"},"content":{"rendered":"<div style=\"text-align: justify;\">\n<p><span style=\"color: #993300; font-size: 15px;\">Ta nenabru\u0161en aluminijast vadbeni no\u017e je namenjen realisti\u010dnemu treningu samoobrambe in borbe z no\u017eem. Ko se ga dr\u017ei v rokah daje ob\u010dutek pravega no\u017ea, temperatura kovine ob stiku s ko\u017eo pa ustvari poseben ob\u010dutek, ki dodaja u\u010dinek realne borbe. Kljub temu pa no\u017e, ker nima nikakr\u0161nih ostrih ali koni\u010dastih robov, zagotavlja popolno varnost vadbe. No\u017e je izdelan iz aluminija z lesenim ro\u010dajem. <\/span><\/p>\n<p><span style=\"font-size: 15px; color: #993300;\">Skupna dol\u017eina: cca. 25 cm.<\/span><\/p>\n<\/div>\n","protected":false},"excerpt":{"rendered":"<p><span style=\"color: #003366;\"><strong>Aluminijast no\u017e za realisti\u010dno vadbo.<\/strong><\/span><\/p>\n","protected":false},"featured_media":68805,"comment_status":"open","ping_status":"closed","template":"","meta":[],"product_brand":[],"product_cat":[1035,1085,1087,1033,1037,813],"product_tag":[],"class_list":{"0":"post-68803","1":"product","2":"type-product","3":"status-publish","4":"has-post-thumbnail","6":"product_cat-aikido-kendo-iai-kobudo-1","7":"product_cat-dax-1","8":"product_cat-dax-3","9":"product_cat-ju-jitsujiu-jitsu-1","10":"product_cat-ninjutsu-3","11":"product_cat-nozi","13":"first","14":"instock","15":"taxable","16":"shipping-taxable","17":"purchasable","18":"product-type-simple"},"_links":{"self":[{"href":"https:\/\/www.budoshop.si\/sl\/wp-json\/wp\/v2\/product\/68803","targetHints":{"allow":["GET"]}}],"collection":[{"href":"https:\/\/www.budoshop.si\/sl\/wp-json\/wp\/v2\/product"}],"about":[{"href":"https:\/\/www.budoshop.si\/sl\/wp-json\/wp\/v2\/types\/product"}],"replies":[{"embeddable":true,"href":"https:\/\/www.budoshop.si\/sl\/wp-json\/wp\/v2\/comments?post=68803"}],"wp:featuredmedia":[{"embeddable":true,"href":"https:\/\/www.budoshop.si\/sl\/wp-json\/wp\/v2\/media\/68805"}],"wp:attachment":[{"href":"https:\/\/www.budoshop.si\/sl\/wp-json\/wp\/v2\/media?parent=68803"}],"wp:term":[{"taxonomy":"product_brand","embeddable":true,"href":"https:\/\/www.budoshop.si\/sl\/wp-json\/wp\/v2\/product_brand?post=68803"},{"taxonomy":"product_cat","embeddable":true,"href":"https:\/\/www.budoshop.si\/sl\/wp-json\/wp\/v2\/product_cat?post=68803"},{"taxonomy":"product_tag","embeddable":true,"href":"https:\/\/www.budoshop.si\/sl\/wp-json\/wp\/v2\/product_tag?post=68803"}],"curies":[{"name":"wp","href":"https:\/\/api.w.org\/{rel}","templated":true}]}}