{"id":68787,"date":"2018-09-13T06:51:49","date_gmt":"2018-09-13T04:51:49","guid":{"rendered":"https:\/\/budoshop.si\/?product=boks-celada-z-licnicami-ce"},"modified":"2024-12-20T18:21:00","modified_gmt":"2024-12-20T17:21:00","slug":"boks-celada-z-licnicami-ce","status":"publish","type":"product","link":"https:\/\/www.budoshop.si\/sl\/izdelek\/boks-celada-z-licnicami-ce\/","title":{"rendered":"Boks \u010delada z li\u010dnicami"},"content":{"rendered":"<div style=\"text-align: justify;\"><span style=\"font-size: 15px; color: #993300;\">Ta trening boks \u010delada je narejena iz kvalitetnega umetnega usnja. Izjemno u\u010dinkovito oblazinjenje, ob mo\u010dnih udarcih tekom treninga, odli\u010dno \u0161\u010diti li\u010dnice, brado in zadnji del glave. Za razliko od podobnih \u010delad na tr\u017ei\u0161\u010du ima ta \u010delada tudi oblazinjeno brado kar dodatno pripomore k za\u0161\u010diti. S posebnim \u0161irokim trakom na zadnji strani se \u010delado lahko hitro in enostavno prilagaja svojim potrebam in tako pripomore k njeni udobnosti na glavi. Zapenja se s \u010dvrstim trakom, ki se preko brade zapenja z dvojnim je\u017ekom kar daje dober oprijem tako, da \u010delada trdno stoji na glavi in ne omejuje uporabnika. Namenjena je vsem kontaktnim ve\u0161\u010dinam in \u0161portom (Boks, Muay Thai &#8230;).<br \/>\nTe\u017ea: cca. 270g<\/span><\/div>\n<div style=\"text-align: justify;\">\n<p><span style=\"color: #993300; font-size: 15px;\">\u010crne barve.<\/span><\/p>\n<p><span style=\"font-size: 15px; color: #993300;\">Ustreza CE standardom!<\/span><\/p>\n<p><span style=\"font-size: 15px; color: #993300;\">Univerzalna velikost. <\/span><\/p>\n<\/div>\n","protected":false},"excerpt":{"rendered":"<p><span style=\"color: #002060;\"><strong>Trening boks \u010delada z li\u010dnicami.<\/strong><\/span><\/p>\n","protected":false},"featured_media":68789,"comment_status":"open","ping_status":"closed","template":"","meta":[],"product_brand":[],"product_cat":[1043,1061,983,769],"product_tag":[],"class_list":{"0":"post-68787","1":"product","2":"type-product","3":"status-publish","4":"has-post-thumbnail","6":"product_cat-boks-kickbox-tajski-boks-mma","7":"product_cat-kwon-5","8":"product_cat-kwon-3","9":"product_cat-scitniki-za-glavo","11":"first","12":"instock","13":"taxable","14":"shipping-taxable","15":"purchasable","16":"product-type-simple"},"_links":{"self":[{"href":"https:\/\/www.budoshop.si\/sl\/wp-json\/wp\/v2\/product\/68787","targetHints":{"allow":["GET"]}}],"collection":[{"href":"https:\/\/www.budoshop.si\/sl\/wp-json\/wp\/v2\/product"}],"about":[{"href":"https:\/\/www.budoshop.si\/sl\/wp-json\/wp\/v2\/types\/product"}],"replies":[{"embeddable":true,"href":"https:\/\/www.budoshop.si\/sl\/wp-json\/wp\/v2\/comments?post=68787"}],"wp:featuredmedia":[{"embeddable":true,"href":"https:\/\/www.budoshop.si\/sl\/wp-json\/wp\/v2\/media\/68789"}],"wp:attachment":[{"href":"https:\/\/www.budoshop.si\/sl\/wp-json\/wp\/v2\/media?parent=68787"}],"wp:term":[{"taxonomy":"product_brand","embeddable":true,"href":"https:\/\/www.budoshop.si\/sl\/wp-json\/wp\/v2\/product_brand?post=68787"},{"taxonomy":"product_cat","embeddable":true,"href":"https:\/\/www.budoshop.si\/sl\/wp-json\/wp\/v2\/product_cat?post=68787"},{"taxonomy":"product_tag","embeddable":true,"href":"https:\/\/www.budoshop.si\/sl\/wp-json\/wp\/v2\/product_tag?post=68787"}],"curies":[{"name":"wp","href":"https:\/\/api.w.org\/{rel}","templated":true}]}}