{"id":68779,"date":"2018-09-13T06:51:49","date_gmt":"2018-09-13T04:51:49","guid":{"rendered":"https:\/\/budoshop.si\/?product=mehanska-naprava-za-raztezanje-nog"},"modified":"2024-12-13T21:23:30","modified_gmt":"2024-12-13T20:23:30","slug":"mehanska-naprava-za-raztezanje-nog","status":"publish","type":"product","link":"https:\/\/www.budoshop.si\/sl\/izdelek\/mehanska-naprava-za-raztezanje-nog\/","title":{"rendered":"Mehanska naprava za raztezanje nog"},"content":{"rendered":"<div style=\"text-align: justify;\"><span style=\"color: #993300; font-size: 15px;\">Ta naprava nudi maksimalno pomo\u010d pri razgibavanju nog, \u0161e posebej je primerna za tiste, ki se ukvarjajo z borilnimi ve\u0161\u010dinami. Sestavljena je iz nastavljivega oblazinjenega sede\u017ea, nastavkov za noge in vrtljivega mehanskega dela, ki ga upravljamo s priro\u010dnim volanom. Z njim lahko natan\u010dno nastavimo kot razmika nog in ga po potrebi ve\u010damo ali manj\u0161amo. Da ne \u017euli nog sta oblo\u017eena tudi nastavka za noge in postavljena na kolesca, ki prosto drsita po tleh.<\/span><\/div>\n<p><span style=\"color: #993300; font-size: 15px;\">\u010crne barve.<\/span><\/p>\n<p><span style=\"font-size: 15px;\"><span style=\"color: #993300;\">Mere:<br \/>\n<\/span><span style=\"color: #993300;\">&#8211; dol\u017eina cca. 130 cm<br \/>\n<\/span><span style=\"color: #993300;\">&#8211; oblo\u017eitev nog cca. 60 cm<br \/>\n<\/span><span style=\"color: #993300;\">&#8211; sede\u017e 39 cm<br \/>\n<\/span><span style=\"color: #993300;\">&#8211; hrbti\u0161\u010de dolgo cca. 38 cm, \u0161iroko cca. 28 cm<\/span><\/span><\/p>\n<p>&nbsp;<\/p>\n<p><span style=\"font-size: 11px; color: #993300;\">Opomba: Artikel se dobavlja po naro\u010dilu zato se pred naro\u010dilom pozanimajte o dobavljivosti in stro\u0161ku dostave.<\/span><\/p>\n<p>&nbsp;<\/p>\n<div style=\"text-align: justify;\"><\/div>\n","protected":false},"excerpt":{"rendered":"<p><span style=\"color: #003366;\"><strong>Mehanska naprava za raztezanje nog.<\/strong><\/span><\/p>\n","protected":false},"featured_media":68781,"comment_status":"open","ping_status":"closed","template":"","meta":[],"product_brand":[],"product_cat":[5405,5406,1035,1043,1033,1031,1029,1037,1039,1041,1131],"product_tag":[],"class_list":{"0":"post-68779","1":"product","2":"type-product","3":"status-publish","4":"has-post-thumbnail","6":"product_cat-ju-sports","7":"product_cat-ju-sports-2","8":"product_cat-aikido-kendo-iai-kobudo-1","9":"product_cat-boks-kickbox-tajski-boks-mma","10":"product_cat-ju-jitsujiu-jitsu-1","11":"product_cat-judo-1","12":"product_cat-karate-5","13":"product_cat-ninjutsu-3","14":"product_cat-taekwondo-3","15":"product_cat-tai-chi-kunf-fu-wu-shu-1","16":"product_cat-pripomocki-za-raztezanje","18":"first","19":"onbackorder","20":"taxable","21":"shipping-taxable","22":"purchasable","23":"product-type-simple"},"_links":{"self":[{"href":"https:\/\/www.budoshop.si\/sl\/wp-json\/wp\/v2\/product\/68779","targetHints":{"allow":["GET"]}}],"collection":[{"href":"https:\/\/www.budoshop.si\/sl\/wp-json\/wp\/v2\/product"}],"about":[{"href":"https:\/\/www.budoshop.si\/sl\/wp-json\/wp\/v2\/types\/product"}],"replies":[{"embeddable":true,"href":"https:\/\/www.budoshop.si\/sl\/wp-json\/wp\/v2\/comments?post=68779"}],"wp:featuredmedia":[{"embeddable":true,"href":"https:\/\/www.budoshop.si\/sl\/wp-json\/wp\/v2\/media\/68781"}],"wp:attachment":[{"href":"https:\/\/www.budoshop.si\/sl\/wp-json\/wp\/v2\/media?parent=68779"}],"wp:term":[{"taxonomy":"product_brand","embeddable":true,"href":"https:\/\/www.budoshop.si\/sl\/wp-json\/wp\/v2\/product_brand?post=68779"},{"taxonomy":"product_cat","embeddable":true,"href":"https:\/\/www.budoshop.si\/sl\/wp-json\/wp\/v2\/product_cat?post=68779"},{"taxonomy":"product_tag","embeddable":true,"href":"https:\/\/www.budoshop.si\/sl\/wp-json\/wp\/v2\/product_tag?post=68779"}],"curies":[{"name":"wp","href":"https:\/\/api.w.org\/{rel}","templated":true}]}}