{"id":68753,"date":"2018-09-13T06:51:49","date_gmt":"2018-09-13T06:51:49","guid":{"rendered":"https:\/\/budoshop.si\/?product=zenski-scitnik-prsi-hard-ce"},"modified":"2025-10-27T09:56:54","modified_gmt":"2025-10-27T08:56:54","slug":"zenski-scitnik-prsi-hard-ce","status":"publish","type":"product","link":"https:\/\/www.budoshop.si\/sl\/izdelek\/zenski-scitnik-prsi-hard-ce\/","title":{"rendered":"\u017denski \u0161\u010ditnik prsi &#8221;HARD&#8221;"},"content":{"rendered":"<div style=\"text-align: justify;\">\n<p><span style=\"color: #993300; font-size: 15px;\">Anatomsko oblikovan \u017eenski \u0161\u010ditnik prsi bele barve je narejen iz obstojnega trdega polietilena. Narejen je tako, da ima oblikovan prsni del, ki je najbolj oja\u010dan in mehkej\u0161i stranski del, da se ga lahko popolnoma prilagaja obliki in \u0161irini telesa. Zapenja se ga z nastavljivimi elasti\u010dnimi naramnicami in elasti\u010dnim trakom preko hrbta, ki ima tri stopnje kovinskih zati\u010dev (podobno kot obi\u010dajni \u017eenski nedr\u010dek). Zato nudi udobnost no\u0161enja ter dober oprijem telesu. \u0160\u010ditnik ima pod prsmi dodatne odprtine za zra\u010dnost in zmanj\u0161evanje znojenja. Zaradi materiala izdelave je \u0161\u010ditnik zelo higieni\u010den, saj se ga enostavno obri\u0161e z vla\u017eno krpo in tako o\u010disti.<br \/>\nTa \u0161\u010ditnik maksimalno \u0161\u010diti udarce v prsi in je primeren tako za kontaktne borbe borilnih ve\u0161\u010din, kot tudi trening drugih \u0161portov kot so nogomet, sabljanje, hokej, kjer lahko pride do nenamernega udarca. <\/span><\/p>\n<p><span style=\"font-size: 15px; color: #993300;\">\u0160\u010ditnik je narejen po zahtevah WKF-ja (World Karate Federations) in ustreza CE standardom!<\/span><\/p>\n<p><span style=\"font-size: 15px; color: #993300;\">Velikosti: XS &#8211; S &#8211; M &#8211; L &#8211; XL.<\/span><\/p>\n<p>&nbsp;<\/p>\n<\/div>\n","protected":false},"excerpt":{"rendered":"<p><span style=\"color: #003366;\"><strong>Anatomsko oblikovan plasti\u010dni \u017eenski \u0161\u010ditnik prsi.<\/strong><\/span><\/p>\n","protected":false},"featured_media":119731,"comment_status":"open","ping_status":"closed","template":"","meta":[],"product_brand":[],"product_cat":[1043,1033,1029,775,1117,983,1061],"product_tag":[],"class_list":{"0":"post-68753","1":"product","2":"type-product","3":"status-publish","4":"has-post-thumbnail","6":"product_cat-boks-kickbox-tajski-boks-mma","7":"product_cat-ju-jitsujiu-jitsu-1","8":"product_cat-karate-5","9":"product_cat-scitniki-prsi-in-trupa","10":"product_cat-scitniki-za-zenske","11":"product_cat-kwon-3","12":"product_cat-kwon-5","13":"pa_velikost-xs-sl","14":"pa_velikost-s-sl-2","15":"pa_velikost-m-sl-2","16":"pa_velikost-l-sl-2","17":"pa_velikost-xl-sl","19":"first","20":"instock","21":"taxable","22":"shipping-taxable","23":"purchasable","24":"product-type-variable"},"_links":{"self":[{"href":"https:\/\/www.budoshop.si\/sl\/wp-json\/wp\/v2\/product\/68753","targetHints":{"allow":["GET"]}}],"collection":[{"href":"https:\/\/www.budoshop.si\/sl\/wp-json\/wp\/v2\/product"}],"about":[{"href":"https:\/\/www.budoshop.si\/sl\/wp-json\/wp\/v2\/types\/product"}],"replies":[{"embeddable":true,"href":"https:\/\/www.budoshop.si\/sl\/wp-json\/wp\/v2\/comments?post=68753"}],"wp:featuredmedia":[{"embeddable":true,"href":"https:\/\/www.budoshop.si\/sl\/wp-json\/wp\/v2\/media\/119731"}],"wp:attachment":[{"href":"https:\/\/www.budoshop.si\/sl\/wp-json\/wp\/v2\/media?parent=68753"}],"wp:term":[{"taxonomy":"product_brand","embeddable":true,"href":"https:\/\/www.budoshop.si\/sl\/wp-json\/wp\/v2\/product_brand?post=68753"},{"taxonomy":"product_cat","embeddable":true,"href":"https:\/\/www.budoshop.si\/sl\/wp-json\/wp\/v2\/product_cat?post=68753"},{"taxonomy":"product_tag","embeddable":true,"href":"https:\/\/www.budoshop.si\/sl\/wp-json\/wp\/v2\/product_tag?post=68753"}],"curies":[{"name":"wp","href":"https:\/\/api.w.org\/{rel}","templated":true}]}}