{"id":68729,"date":"2018-09-13T06:51:49","date_gmt":"2018-09-13T06:51:49","guid":{"rendered":"https:\/\/budoshop.si\/?product=boksarska-vreca-army-120cm"},"modified":"2026-02-11T08:10:51","modified_gmt":"2026-02-11T07:10:51","slug":"boksarska-vreca-army-120cm","status":"publish","type":"product","link":"https:\/\/www.budoshop.si\/sl\/izdelek\/boksarska-vreca-army-120cm\/","title":{"rendered":"Boksarska vre\u010da &#8221;ARMY 120cm&#8221;"},"content":{"rendered":"<p style=\"text-align: justify;\"><span style=\"color: #993300; font-size: 15px;\">Boksarska vre\u010da za trening vseh vrst udarjanja z roko ali nogo. Narejena je iz obstojne PC Umetne ko\u017ee voja\u0161ko maskirne barve. Boksarska vre\u010da je polnjena je s tekstilnimi obrezninami, kar omogo\u010da, da se vre\u010da &#8216;ne zbije&#8217;, ampak nenehno ostaja v svoji originalni obliki. Vrhnji del se odpre, saj je opremljen z zadrgo in se tako lahko vsebino vre\u010de po \u017eelji dopolni ali izprazni ter s tem popolnoma prilagodi svojim \u017eeljam in potrebam. Vre\u010do se obesi s pomo\u010djo \u0161tirih mo\u010dnih polipropilen trakov na katerih koncih se nahajajo kovinske rinke s katerimi se vre\u010do obesi na kavelj. Trakovi za obe\u0161anje so bolj prijazni, saj med vadbo ne oddajajo zvoka kot je to pri vre\u010dah opremljenih z verigami.<\/span><\/p>\n<p><span style=\"font-size: 15px; color: #993300;\">Dimenzije: <\/span><br \/>\n<span style=\"font-size: small; color: #993300;\"><span style=\"font-size: 15px;\">cca. 120 cm x 33 cm x 30 kg<\/span><br \/>\n<\/span><\/p>\n","protected":false},"excerpt":{"rendered":"<p><span style=\"color: #003366;\"><strong>120cm velika vise\u010da boksarska voja\u0161ko maskirne barve.<\/strong><\/span><\/p>\n","protected":false},"featured_media":68731,"comment_status":"open","ping_status":"closed","template":"","meta":[],"product_brand":[],"product_cat":[1043,1033,1029,1039,865,1075],"product_tag":[],"class_list":{"0":"post-68729","1":"product","2":"type-product","3":"status-publish","4":"has-post-thumbnail","6":"product_cat-boks-kickbox-tajski-boks-mma","7":"product_cat-ju-jitsujiu-jitsu-1","8":"product_cat-karate-5","9":"product_cat-taekwondo-3","10":"product_cat-visece-vrece","11":"product_cat-pride-1","13":"first","14":"instock","15":"taxable","16":"shipping-taxable","17":"purchasable","18":"product-type-simple"},"_links":{"self":[{"href":"https:\/\/www.budoshop.si\/sl\/wp-json\/wp\/v2\/product\/68729","targetHints":{"allow":["GET"]}}],"collection":[{"href":"https:\/\/www.budoshop.si\/sl\/wp-json\/wp\/v2\/product"}],"about":[{"href":"https:\/\/www.budoshop.si\/sl\/wp-json\/wp\/v2\/types\/product"}],"replies":[{"embeddable":true,"href":"https:\/\/www.budoshop.si\/sl\/wp-json\/wp\/v2\/comments?post=68729"}],"wp:featuredmedia":[{"embeddable":true,"href":"https:\/\/www.budoshop.si\/sl\/wp-json\/wp\/v2\/media\/68731"}],"wp:attachment":[{"href":"https:\/\/www.budoshop.si\/sl\/wp-json\/wp\/v2\/media?parent=68729"}],"wp:term":[{"taxonomy":"product_brand","embeddable":true,"href":"https:\/\/www.budoshop.si\/sl\/wp-json\/wp\/v2\/product_brand?post=68729"},{"taxonomy":"product_cat","embeddable":true,"href":"https:\/\/www.budoshop.si\/sl\/wp-json\/wp\/v2\/product_cat?post=68729"},{"taxonomy":"product_tag","embeddable":true,"href":"https:\/\/www.budoshop.si\/sl\/wp-json\/wp\/v2\/product_tag?post=68729"}],"curies":[{"name":"wp","href":"https:\/\/api.w.org\/{rel}","templated":true}]}}