{"id":68701,"date":"2018-09-13T06:51:49","date_gmt":"2018-09-13T06:51:49","guid":{"rendered":"https:\/\/budoshop.si\/?product=boksarska-vreca-prazna-novo"},"modified":"2025-09-03T09:54:10","modified_gmt":"2025-09-03T07:54:10","slug":"boksarska-vreca-prazna-novo","status":"publish","type":"product","link":"https:\/\/www.budoshop.si\/sl\/izdelek\/boksarska-vreca-prazna-novo\/","title":{"rendered":"Boksarska vre\u010da &#8211; PRAZNA"},"content":{"rendered":"<div style=\"text-align: justify;\"><span style=\"font-size: 15px; color: #993300;\">Boksarska vre\u010da za trening vseh vrst udarjanja z roko ali nogo. Narejena je iz posebnega zelo trpe\u017ene ponjave. Vre\u010da je prazna kar pomeni, da si jo sami napolnite z materijalom, ki vam ustreza. Vrhnji del se odpre, saj je opremljen z zadrgo in se tako lahko vsebino vre\u010de po \u017eelji dopolni ali izprazni ter s tem popolnoma prilagodi svojim \u017eeljam in potrebam. Zgornji del je dodatno oja\u010dan s posebnimi trakovi, ki zagotavljajo obstojnost vre\u010de tudi pri najmo\u010dnej\u0161ih udarcih. <span class=\"HwtZe\" lang=\"sl\"><span class=\"jCAhz ChMk0b\"><span class=\"ryNqvb\">Boksarska vre\u010da je opremljena z nerjave\u010do, kromirano jekleno verigo za obe\u0161anje s karabinom<\/span><\/span><\/span>.<br \/>\n<span class=\"HwtZe\" lang=\"sl\"><span class=\"jCAhz ChMk0b\"><span class=\"ryNqvb\">Svetumo, da vre\u010de ne polnite s peskom temve\u010d amesto tega uporabite lahkotnej\u0161e materiale kot so tekstilne obreznine, \u017eagovina, gumi granulat in podobno.<\/span><\/span><\/span><\/span><\/div>\n<div style=\"text-align: justify;\">\n<p><span style=\"font-size: 15px; color: #993300;\"><br \/>\n\u010crne barve.<\/span><\/p>\n<p>&nbsp;<\/p>\n<p><span style=\"font-size: 15px; color: #993300;\">Dimenzije: <\/span><br \/>\n<span style=\"font-size: 15px; color: #993300;\">&#8211; cca. 100 x 35 cm (maksimalna te\u017ea 35kg)<\/span><br \/>\n<span style=\"font-size: 15px; color: #993300;\">&#8211; cca. 120 x 35 cm (makismalna te\u017ea 45kg)<\/span><\/p>\n<\/div>\n<div style=\"text-align: justify;\"><\/div>\n","protected":false},"excerpt":{"rendered":"<p><span style=\"color: #002060;\"><strong>Prazna boksarska vre\u010da za udarjanje.<\/strong><\/span><\/p>\n","protected":false},"featured_media":113850,"comment_status":"open","ping_status":"closed","template":"","meta":[],"product_brand":[5596],"product_cat":[1043,1033,1029,1039,865,983,1061],"product_tag":[],"class_list":{"0":"post-68701","1":"product","2":"type-product","3":"status-publish","4":"has-post-thumbnail","6":"product_brand-kwon","7":"product_cat-boks-kickbox-tajski-boks-mma","8":"product_cat-ju-jitsujiu-jitsu-1","9":"product_cat-karate-5","10":"product_cat-taekwondo-3","11":"product_cat-visece-vrece","12":"product_cat-kwon-3","13":"product_cat-kwon-5","14":"pa_velikost-100-cm-sl","15":"pa_velikost-120-cm-sl","17":"first","18":"instock","19":"taxable","20":"shipping-taxable","21":"purchasable","22":"product-type-variable"},"_links":{"self":[{"href":"https:\/\/www.budoshop.si\/sl\/wp-json\/wp\/v2\/product\/68701","targetHints":{"allow":["GET"]}}],"collection":[{"href":"https:\/\/www.budoshop.si\/sl\/wp-json\/wp\/v2\/product"}],"about":[{"href":"https:\/\/www.budoshop.si\/sl\/wp-json\/wp\/v2\/types\/product"}],"replies":[{"embeddable":true,"href":"https:\/\/www.budoshop.si\/sl\/wp-json\/wp\/v2\/comments?post=68701"}],"wp:featuredmedia":[{"embeddable":true,"href":"https:\/\/www.budoshop.si\/sl\/wp-json\/wp\/v2\/media\/113850"}],"wp:attachment":[{"href":"https:\/\/www.budoshop.si\/sl\/wp-json\/wp\/v2\/media?parent=68701"}],"wp:term":[{"taxonomy":"product_brand","embeddable":true,"href":"https:\/\/www.budoshop.si\/sl\/wp-json\/wp\/v2\/product_brand?post=68701"},{"taxonomy":"product_cat","embeddable":true,"href":"https:\/\/www.budoshop.si\/sl\/wp-json\/wp\/v2\/product_cat?post=68701"},{"taxonomy":"product_tag","embeddable":true,"href":"https:\/\/www.budoshop.si\/sl\/wp-json\/wp\/v2\/product_tag?post=68701"}],"curies":[{"name":"wp","href":"https:\/\/api.w.org\/{rel}","templated":true}]}}