{"id":68679,"date":"2018-09-13T06:51:49","date_gmt":"2018-09-13T06:51:49","guid":{"rendered":"https:\/\/budoshop.si\/?product=oblazinjen-fokuser-scit-extra"},"modified":"2026-01-09T10:13:37","modified_gmt":"2026-01-09T09:13:37","slug":"oblazinjen-fokuser-scit-extra","status":"publish","type":"product","link":"https:\/\/www.budoshop.si\/sl\/izdelek\/oblazinjen-fokuser-scit-extra\/","title":{"rendered":"Oblazinjen fokuser \u0161\u010dit &#8221;EXTRA&#8221;"},"content":{"rendered":"<div style=\"text-align: justify;\"><span style=\"color: #c00000; font-size: 15px;\">Oblazinjen vinilni fokuser \u0161\u010dit za udarjanje v borilnih ve\u0161\u010dinah narejen iz \u010dvrstega polnila, ki je oble\u010dena v umetno usnje \u010drne barve z rumenim logotipom znamke Kwon na prednji strani. Namenjen je predvsem utrjevanju mo\u010dnih no\u017enih, pa tudi ro\u010dnih udarcev v telo in spodnji del telesa tre treningu udarcev s polno mo\u010djo. Najlonski obro\u010di na zadnji strani, zagotavljajo dobro in stabilno dr\u017eanje. <\/span><\/div>\n<div style=\"text-align: justify;\"><span style=\"color: #c00000; font-size: 15px;\">Primeren predvsem za trening Thai box-a in Kickboxing-a, pa tudi Taekwondo-ja, Karate-ja, MMA-ja, PROSTE BORBE in podobnih ve\u0161\u010din in \u0161portov.<br \/>\n<\/span><\/div>\n<div style=\"text-align: justify;\"><\/div>\n<div style=\"text-align: justify;\"><span style=\"color: #c00000; font-size: 15px;\"><br \/>\nDimenzije: cca. 75cm x 35cm x 15 cm.<\/span><\/div>\n","protected":false},"excerpt":{"rendered":"<p><span style=\"color: #003366;\"><strong>Oblazinjen fokuser \u0161\u010dit za udarjanje dimenzij 75cm X 35cm X 15cm.<\/strong><\/span><\/p>\n","protected":false},"featured_media":107675,"comment_status":"open","ping_status":"closed","template":"","meta":[],"product_brand":[5596],"product_cat":[1043,1033,1029,1039,1041,755,983,1061],"product_tag":[],"class_list":{"0":"post-68679","1":"product","2":"type-product","3":"status-publish","4":"has-post-thumbnail","6":"product_brand-kwon","7":"product_cat-boks-kickbox-tajski-boks-mma","8":"product_cat-ju-jitsujiu-jitsu-1","9":"product_cat-karate-5","10":"product_cat-taekwondo-3","11":"product_cat-tai-chi-kunf-fu-wu-shu-1","12":"product_cat-fokuserji-in-oblazinjeni-scit","13":"product_cat-kwon-3","14":"product_cat-kwon-5","16":"first","17":"instock","18":"taxable","19":"shipping-taxable","20":"purchasable","21":"product-type-simple"},"_links":{"self":[{"href":"https:\/\/www.budoshop.si\/sl\/wp-json\/wp\/v2\/product\/68679","targetHints":{"allow":["GET"]}}],"collection":[{"href":"https:\/\/www.budoshop.si\/sl\/wp-json\/wp\/v2\/product"}],"about":[{"href":"https:\/\/www.budoshop.si\/sl\/wp-json\/wp\/v2\/types\/product"}],"replies":[{"embeddable":true,"href":"https:\/\/www.budoshop.si\/sl\/wp-json\/wp\/v2\/comments?post=68679"}],"wp:featuredmedia":[{"embeddable":true,"href":"https:\/\/www.budoshop.si\/sl\/wp-json\/wp\/v2\/media\/107675"}],"wp:attachment":[{"href":"https:\/\/www.budoshop.si\/sl\/wp-json\/wp\/v2\/media?parent=68679"}],"wp:term":[{"taxonomy":"product_brand","embeddable":true,"href":"https:\/\/www.budoshop.si\/sl\/wp-json\/wp\/v2\/product_brand?post=68679"},{"taxonomy":"product_cat","embeddable":true,"href":"https:\/\/www.budoshop.si\/sl\/wp-json\/wp\/v2\/product_cat?post=68679"},{"taxonomy":"product_tag","embeddable":true,"href":"https:\/\/www.budoshop.si\/sl\/wp-json\/wp\/v2\/product_tag?post=68679"}],"curies":[{"name":"wp","href":"https:\/\/api.w.org\/{rel}","templated":true}]}}