{"id":68671,"date":"2018-09-13T06:51:49","date_gmt":"2018-09-13T06:51:49","guid":{"rendered":"https:\/\/budoshop.si\/?product=kolebnica-profi"},"modified":"2023-10-12T11:29:32","modified_gmt":"2023-10-12T09:29:32","slug":"kolebnica-profi","status":"publish","type":"product","link":"https:\/\/www.budoshop.si\/sl\/izdelek\/kolebnica-profi\/","title":{"rendered":"Kolebnica &#8221;PROFI&#8221;"},"content":{"rendered":"<div style=\"text-align: justify;\"><span style=\"font-size: 15px;\"><span style=\"color: #c00000;\">Profesionalna kolebnica z aluminijastimi ro\u010dkami in le\u017eaji. Ro\u010dke se za bolj\u0161i ob\u010dutek in dr\u017eanje ergonomi\u010dno oblikovane.<br \/>\n<\/span><span style=\"color: #c00000;\">S PVC-jem prevle\u010dena jeklena vrvica.<\/span><\/span><span style=\"color: #c00000;\"><br \/>\n<span style=\"font-size: 15px;\">Ta kolebnica je namenjena profesionalni rabi vseh, ki za svoj trening \u017eelijo najbolj\u0161i, kvaliteten in u\u010dinkovit pripomo\u010dek.<\/span><br \/>\n<\/span><\/div>\n","protected":false},"excerpt":{"rendered":"<p><span style=\"color: #002060;\"><strong>Jeklena kolebnica z aluminijastimi ro\u010dkami.<\/strong><\/span><\/p>\n","protected":false},"featured_media":68673,"comment_status":"open","ping_status":"closed","template":"","meta":[],"product_brand":[],"product_cat":[1043,1033,1031,1029,1119,1039,953,1053],"product_tag":[],"class_list":{"0":"post-68671","1":"product","2":"type-product","3":"status-publish","4":"has-post-thumbnail","6":"product_cat-boks-kickbox-tajski-boks-mma","7":"product_cat-ju-jitsujiu-jitsu-1","8":"product_cat-judo-1","9":"product_cat-karate-5","10":"product_cat-kolebnice","11":"product_cat-taekwondo-3","12":"product_cat-vandal-1","13":"product_cat-vandal-3","15":"first","16":"instock","17":"taxable","18":"shipping-taxable","19":"purchasable","20":"product-type-simple"},"_links":{"self":[{"href":"https:\/\/www.budoshop.si\/sl\/wp-json\/wp\/v2\/product\/68671","targetHints":{"allow":["GET"]}}],"collection":[{"href":"https:\/\/www.budoshop.si\/sl\/wp-json\/wp\/v2\/product"}],"about":[{"href":"https:\/\/www.budoshop.si\/sl\/wp-json\/wp\/v2\/types\/product"}],"replies":[{"embeddable":true,"href":"https:\/\/www.budoshop.si\/sl\/wp-json\/wp\/v2\/comments?post=68671"}],"wp:featuredmedia":[{"embeddable":true,"href":"https:\/\/www.budoshop.si\/sl\/wp-json\/wp\/v2\/media\/68673"}],"wp:attachment":[{"href":"https:\/\/www.budoshop.si\/sl\/wp-json\/wp\/v2\/media?parent=68671"}],"wp:term":[{"taxonomy":"product_brand","embeddable":true,"href":"https:\/\/www.budoshop.si\/sl\/wp-json\/wp\/v2\/product_brand?post=68671"},{"taxonomy":"product_cat","embeddable":true,"href":"https:\/\/www.budoshop.si\/sl\/wp-json\/wp\/v2\/product_cat?post=68671"},{"taxonomy":"product_tag","embeddable":true,"href":"https:\/\/www.budoshop.si\/sl\/wp-json\/wp\/v2\/product_tag?post=68671"}],"curies":[{"name":"wp","href":"https:\/\/api.w.org\/{rel}","templated":true}]}}